{"id":400459,"date":"2025-05-18T22:40:47","date_gmt":"2025-05-18T22:40:47","guid":{"rendered":"https:\/\/staging2.stylingagenten.com\/no\/produkt\/ariana-grande-thank-u-next-edp-30ml\/"},"modified":"2025-11-21T22:18:45","modified_gmt":"2025-11-21T22:18:45","slug":"ariana-grande-thank-u-next-edp-30ml","status":"publish","type":"product","link":"https:\/\/stylingagenten.com\/no\/produkt\/ariana-grande-thank-u-next-edp-30ml\/","title":{"rendered":"Ariana Grande Thank U Next Edp 30ml"},"content":{"rendered":"<p>Thank U Next er en s\u00f8t og fruktig duft av popsanger Ariana Grande. Inspirert av hitl\u00e5ten Thank U Next, er denne duften en fl\u00f8rtende og karakterfull duft.<\/p>\n<p>Toppnoter: Bringeb\u00e6r og p\u00e6re<\/p>\n<p>Hjertenoter: Kokosn\u00f8tt og rosa rose<\/p>\n<p>Basinoter: Macarons og Musk.<\/p>\n","protected":false},"excerpt":{"rendered":"<p>Thank U Next er en s\u00f8t og fruktig duft av popsanger Ariana Grande. Inspirert av hitl\u00e5ten Thank U Next, er denne duften en fl\u00f8rtende og karakterfull duft. Toppnoter: Bringeb\u00e6r og p\u00e6re Hjertenoter: Kokosn\u00f8tt og rosa rose Basinoter: Macarons og Musk.<\/p>\n","protected":false},"featured_media":400455,"comment_status":"open","ping_status":"closed","template":"","meta":{"_trash_the_other_posts":false},"product_brand":[],"product_cat":[706,1006],"product_tag":[2424],"berocket_brand":[1201],"class_list":{"0":"post-400459","1":"product","2":"type-product","3":"status-publish","4":"has-post-thumbnail","6":"product_cat-eau-de-parfum-dame","7":"product_cat-kampanjepris","8":"product_tag-ariana-grande-thank-u-next-edp","9":"pa_brand-ariana-grande","10":"pa_variant-30ml","11":"berocket_brand-ariana-grande","13":"first","14":"outofstock","15":"sale","16":"taxable","17":"shipping-taxable","18":"purchasable","19":"product-type-simple"},"_links":{"self":[{"href":"https:\/\/stylingagenten.com\/no\/wp-json\/wp\/v2\/product\/400459","targetHints":{"allow":["GET"]}}],"collection":[{"href":"https:\/\/stylingagenten.com\/no\/wp-json\/wp\/v2\/product"}],"about":[{"href":"https:\/\/stylingagenten.com\/no\/wp-json\/wp\/v2\/types\/product"}],"replies":[{"embeddable":true,"href":"https:\/\/stylingagenten.com\/no\/wp-json\/wp\/v2\/comments?post=400459"}],"version-history":[{"count":0,"href":"https:\/\/stylingagenten.com\/no\/wp-json\/wp\/v2\/product\/400459\/revisions"}],"wp:featuredmedia":[{"embeddable":true,"href":"https:\/\/stylingagenten.com\/no\/wp-json\/wp\/v2\/media\/400455"}],"wp:attachment":[{"href":"https:\/\/stylingagenten.com\/no\/wp-json\/wp\/v2\/media?parent=400459"}],"wp:term":[{"taxonomy":"product_brand","embeddable":true,"href":"https:\/\/stylingagenten.com\/no\/wp-json\/wp\/v2\/product_brand?post=400459"},{"taxonomy":"product_cat","embeddable":true,"href":"https:\/\/stylingagenten.com\/no\/wp-json\/wp\/v2\/product_cat?post=400459"},{"taxonomy":"product_tag","embeddable":true,"href":"https:\/\/stylingagenten.com\/no\/wp-json\/wp\/v2\/product_tag?post=400459"},{"taxonomy":"berocket_brand","embeddable":true,"href":"https:\/\/stylingagenten.com\/no\/wp-json\/wp\/v2\/berocket_brand?post=400459"}],"curies":[{"name":"wp","href":"https:\/\/api.w.org\/{rel}","templated":true}]}}