{"id":400448,"date":"2025-05-18T22:40:40","date_gmt":"2025-05-18T22:40:40","guid":{"rendered":"https:\/\/staging2.stylingagenten.com\/no\/produkt\/ariana-grande-r-e-m-edp-50ml\/"},"modified":"2025-11-19T08:44:57","modified_gmt":"2025-11-19T08:44:57","slug":"ariana-grande-r-e-m-edp-50ml","status":"publish","type":"product","link":"https:\/\/stylingagenten.com\/no\/produkt\/ariana-grande-r-e-m-edp-50ml\/","title":{"rendered":"Ariana Grande R.E.M Edp 50ml"},"content":{"rendered":"<p>R.E.M av Ariana Grande er en krydret og s\u00f8t duft for kvinner. Parfymen ble introdusert i 2020 og \u00f8nsker \u00e5 inspirere jenter og unge kvinner til \u00e5 utvide grensene for universet sitt. En intergalaktisk dr\u00f8m som inspirerer til styrke og femininitet!<\/p>\n<p>Toppnoter: Sephyr, karamell, fiken, salt og kvede<\/p>\n<p>Hjertenoter: Lavendel og p\u00e6reblomst<\/p>\n<p>Base notater: Tonkab\u00f8nne, musk og sandeltre.<\/p>\n","protected":false},"excerpt":{"rendered":"<p>R.E.M av Ariana Grande er en krydret og s\u00f8t duft for kvinner. Parfymen ble introdusert i 2020 og \u00f8nsker \u00e5 inspirere jenter og unge kvinner til \u00e5 utvide grensene for universet sitt. En intergalaktisk dr\u00f8m som inspirerer til styrke og femininitet! Toppnoter: Sephyr, karamell, fiken, salt og kvede Hjertenoter: Lavendel og p\u00e6reblomst Base notater: Tonkab\u00f8nne, [&hellip;]<\/p>\n","protected":false},"featured_media":400446,"comment_status":"open","ping_status":"closed","template":"","meta":{"_trash_the_other_posts":false},"product_brand":[],"product_cat":[994,1003,706,1006],"product_tag":[2422],"berocket_brand":[1201],"class_list":{"0":"post-400448","1":"product","2":"type-product","3":"status-publish","4":"has-post-thumbnail","6":"product_cat-ariana-grande-r-e-m","7":"product_cat-bestselgere","8":"product_cat-eau-de-parfum-dame","9":"product_cat-kampanjepris","10":"product_tag-ariana-grande-r-e-m-edp","11":"pa_brand-ariana-grande","12":"pa_variant-50ml","13":"berocket_brand-ariana-grande","15":"first","16":"outofstock","17":"sale","18":"taxable","19":"shipping-taxable","20":"purchasable","21":"product-type-simple"},"_links":{"self":[{"href":"https:\/\/stylingagenten.com\/no\/wp-json\/wp\/v2\/product\/400448","targetHints":{"allow":["GET"]}}],"collection":[{"href":"https:\/\/stylingagenten.com\/no\/wp-json\/wp\/v2\/product"}],"about":[{"href":"https:\/\/stylingagenten.com\/no\/wp-json\/wp\/v2\/types\/product"}],"replies":[{"embeddable":true,"href":"https:\/\/stylingagenten.com\/no\/wp-json\/wp\/v2\/comments?post=400448"}],"version-history":[{"count":0,"href":"https:\/\/stylingagenten.com\/no\/wp-json\/wp\/v2\/product\/400448\/revisions"}],"wp:featuredmedia":[{"embeddable":true,"href":"https:\/\/stylingagenten.com\/no\/wp-json\/wp\/v2\/media\/400446"}],"wp:attachment":[{"href":"https:\/\/stylingagenten.com\/no\/wp-json\/wp\/v2\/media?parent=400448"}],"wp:term":[{"taxonomy":"product_brand","embeddable":true,"href":"https:\/\/stylingagenten.com\/no\/wp-json\/wp\/v2\/product_brand?post=400448"},{"taxonomy":"product_cat","embeddable":true,"href":"https:\/\/stylingagenten.com\/no\/wp-json\/wp\/v2\/product_cat?post=400448"},{"taxonomy":"product_tag","embeddable":true,"href":"https:\/\/stylingagenten.com\/no\/wp-json\/wp\/v2\/product_tag?post=400448"},{"taxonomy":"berocket_brand","embeddable":true,"href":"https:\/\/stylingagenten.com\/no\/wp-json\/wp\/v2\/berocket_brand?post=400448"}],"curies":[{"name":"wp","href":"https:\/\/api.w.org\/{rel}","templated":true}]}}