{"id":400345,"date":"2025-05-18T22:40:01","date_gmt":"2025-05-18T22:40:01","guid":{"rendered":"https:\/\/staging2.stylingagenten.com\/no\/produkt\/clean-reserve-blend-rain-edp-50ml\/"},"modified":"2026-04-07T11:28:31","modified_gmt":"2026-04-07T11:28:31","slug":"clean-reserve-blend-rain-edp-50ml","status":"publish","type":"product","link":"https:\/\/stylingagenten.com\/no\/produkt\/clean-reserve-blend-rain-edp-50ml\/","title":{"rendered":"CLEAN Reserve Blend Rain Edp 50ml"},"content":{"rendered":"<p><strong>Clean Reserve Blend Rain<\/strong> er en duft som fanger \u00f8yeblikket etter en kraftig nedb\u00f8r n\u00e5r verden fornyes og blomster, gr\u00f8nne planter og jorden for ny energi &ndash; den samme energien som finnes i den evige optimist. En evolusjon av den klassiske regnduften hvor de hvite blomstene og agurkmelonen er balansert med patchouli og eikemose. Denne duften passer godt med Warm Cotton [Reserve Blend] og Skin [Reserve Blend].<\/p>\n<p>Toppnote: Bergamot<br \/>Hjertenot: Duggv\u00e5te hvite blomster<br \/>Basinote: Patchouli <\/p>\n","protected":false},"excerpt":{"rendered":"<p>Clean Reserve Blend Rain er en duft som fanger \u00f8yeblikket etter en kraftig nedb\u00f8r n\u00e5r verden fornyes og blomster, gr\u00f8nne planter og jorden for ny energi &ndash; den samme energien som finnes i den evige optimist. En evolusjon av den klassiske regnduften hvor de hvite blomstene og agurkmelonen er balansert med patchouli og eikemose. Denne [&hellip;]<\/p>\n","protected":false},"featured_media":400344,"comment_status":"open","ping_status":"closed","template":"","meta":{"_trash_the_other_posts":false},"product_brand":[],"product_cat":[706,735,1006,999],"product_tag":[],"berocket_brand":[1116],"class_list":{"0":"post-400345","1":"product","2":"type-product","3":"status-publish","4":"has-post-thumbnail","6":"product_cat-eau-de-parfum-dame","7":"product_cat-kampanje","8":"product_cat-kampanjepris","9":"product_cat-kampanjetilbud-for-henne","10":"pa_brand-clean","11":"berocket_brand-clean","13":"first","14":"outofstock","15":"sale","16":"taxable","17":"shipping-taxable","18":"purchasable","19":"product-type-simple"},"_links":{"self":[{"href":"https:\/\/stylingagenten.com\/no\/wp-json\/wp\/v2\/product\/400345","targetHints":{"allow":["GET"]}}],"collection":[{"href":"https:\/\/stylingagenten.com\/no\/wp-json\/wp\/v2\/product"}],"about":[{"href":"https:\/\/stylingagenten.com\/no\/wp-json\/wp\/v2\/types\/product"}],"replies":[{"embeddable":true,"href":"https:\/\/stylingagenten.com\/no\/wp-json\/wp\/v2\/comments?post=400345"}],"version-history":[{"count":0,"href":"https:\/\/stylingagenten.com\/no\/wp-json\/wp\/v2\/product\/400345\/revisions"}],"wp:featuredmedia":[{"embeddable":true,"href":"https:\/\/stylingagenten.com\/no\/wp-json\/wp\/v2\/media\/400344"}],"wp:attachment":[{"href":"https:\/\/stylingagenten.com\/no\/wp-json\/wp\/v2\/media?parent=400345"}],"wp:term":[{"taxonomy":"product_brand","embeddable":true,"href":"https:\/\/stylingagenten.com\/no\/wp-json\/wp\/v2\/product_brand?post=400345"},{"taxonomy":"product_cat","embeddable":true,"href":"https:\/\/stylingagenten.com\/no\/wp-json\/wp\/v2\/product_cat?post=400345"},{"taxonomy":"product_tag","embeddable":true,"href":"https:\/\/stylingagenten.com\/no\/wp-json\/wp\/v2\/product_tag?post=400345"},{"taxonomy":"berocket_brand","embeddable":true,"href":"https:\/\/stylingagenten.com\/no\/wp-json\/wp\/v2\/berocket_brand?post=400345"}],"curies":[{"name":"wp","href":"https:\/\/api.w.org\/{rel}","templated":true}]}}