{"id":400343,"date":"2025-05-18T22:40:01","date_gmt":"2025-05-18T22:40:01","guid":{"rendered":"https:\/\/staging2.stylingagenten.com\/no\/produkt\/cacharel-amor-amor-edt-100ml\/"},"modified":"2025-11-19T08:46:44","modified_gmt":"2025-11-19T08:46:44","slug":"cacharel-amor-amor-edt-100ml","status":"publish","type":"product","link":"https:\/\/stylingagenten.com\/no\/produkt\/cacharel-amor-amor-edt-100ml\/","title":{"rendered":"Cacharel Amor Amor Edt 100ml"},"content":{"rendered":"<p>Cacharel Amor Amor er en lidenskapelig og sensuell parfyme som hyller kj\u00e6rligheten. Den er b\u00e5de fruktig og floral i en myk harmoni.<\/p>\n<p><strong>Duftnoter:<\/strong> mandarin, solb\u00e6r, liljekonvall, hvit musk &amp; rav.<\/p>\n","protected":false},"excerpt":{"rendered":"<p>Cacharel Amor Amor er en lidenskapelig og sensuell parfyme som hyller kj\u00e6rligheten. Den er b\u00e5de fruktig og floral i en myk harmoni. Duftnoter: mandarin, solb\u00e6r, liljekonvall, hvit musk &amp; rav.<\/p>\n","protected":false},"featured_media":400341,"comment_status":"open","ping_status":"closed","template":"","meta":{"_trash_the_other_posts":false},"product_brand":[],"product_cat":[783,707],"product_tag":[2618],"berocket_brand":[1098],"class_list":{"0":"post-400343","1":"product","2":"type-product","3":"status-publish","4":"has-post-thumbnail","6":"product_cat-cacharel-amor-amor","7":"product_cat-eau-de-toilette-dame","8":"product_tag-cacharel-amor-amor-edt","9":"pa_brand-cacharel","10":"pa_variant-100ml","11":"berocket_brand-cacharel","13":"first","14":"outofstock","15":"sale","16":"taxable","17":"shipping-taxable","18":"purchasable","19":"product-type-simple"},"_links":{"self":[{"href":"https:\/\/stylingagenten.com\/no\/wp-json\/wp\/v2\/product\/400343","targetHints":{"allow":["GET"]}}],"collection":[{"href":"https:\/\/stylingagenten.com\/no\/wp-json\/wp\/v2\/product"}],"about":[{"href":"https:\/\/stylingagenten.com\/no\/wp-json\/wp\/v2\/types\/product"}],"replies":[{"embeddable":true,"href":"https:\/\/stylingagenten.com\/no\/wp-json\/wp\/v2\/comments?post=400343"}],"version-history":[{"count":0,"href":"https:\/\/stylingagenten.com\/no\/wp-json\/wp\/v2\/product\/400343\/revisions"}],"wp:featuredmedia":[{"embeddable":true,"href":"https:\/\/stylingagenten.com\/no\/wp-json\/wp\/v2\/media\/400341"}],"wp:attachment":[{"href":"https:\/\/stylingagenten.com\/no\/wp-json\/wp\/v2\/media?parent=400343"}],"wp:term":[{"taxonomy":"product_brand","embeddable":true,"href":"https:\/\/stylingagenten.com\/no\/wp-json\/wp\/v2\/product_brand?post=400343"},{"taxonomy":"product_cat","embeddable":true,"href":"https:\/\/stylingagenten.com\/no\/wp-json\/wp\/v2\/product_cat?post=400343"},{"taxonomy":"product_tag","embeddable":true,"href":"https:\/\/stylingagenten.com\/no\/wp-json\/wp\/v2\/product_tag?post=400343"},{"taxonomy":"berocket_brand","embeddable":true,"href":"https:\/\/stylingagenten.com\/no\/wp-json\/wp\/v2\/berocket_brand?post=400343"}],"curies":[{"name":"wp","href":"https:\/\/api.w.org\/{rel}","templated":true}]}}