{"id":400334,"date":"2025-05-18T22:39:56","date_gmt":"2025-05-18T22:39:56","guid":{"rendered":"https:\/\/staging2.stylingagenten.com\/no\/produkt\/elizabeth-arden-green-tea-sakura-blossom-edt-100ml\/"},"modified":"2026-04-09T14:49:00","modified_gmt":"2026-04-09T14:49:00","slug":"elizabeth-arden-green-tea-sakura-blossom-edt-100ml","status":"publish","type":"product","link":"https:\/\/stylingagenten.com\/no\/produkt\/elizabeth-arden-green-tea-sakura-blossom-edt-100ml\/","title":{"rendered":"Elizabeth Arden Green Tea Sakura Blossom Edt 100ml"},"content":{"rendered":"<p><strong>Green Tea Sakura Blossom Edt<\/strong> av Elizabeth Arden er laget med inspirasjon fra Sakura-treet. Et tre hvis nydelige blomster og duft bare kan oppleves i en begrenset periode p\u00e5; v\u00e6r der den blomstrer.<\/p>\n<p>Toppnoter: S\u00f8t mandel, mandarin, bergamottolje, fiolblad<br \/>Mellomnoter: Sakura-treblomst, gr\u00f8nn teakkord, sjasmin sambac, hvit peon<br \/>Basinoter: Ambrette fr&amp;ouml ;, moskus, hvit bj\u00f8rkeakkord<\/p>\n","protected":false},"excerpt":{"rendered":"<p>Green Tea Sakura Blossom Edt av Elizabeth Arden er laget med inspirasjon fra Sakura-treet. Et tre hvis nydelige blomster og duft bare kan oppleves i en begrenset periode p\u00e5; v\u00e6r der den blomstrer. Toppnoter: S\u00f8t mandel, mandarin, bergamottolje, fiolbladMellomnoter: Sakura-treblomst, gr\u00f8nn teakkord, sjasmin sambac, hvit peonBasinoter: Ambrette fr&amp;ouml ;, moskus, hvit bj\u00f8rkeakkord<\/p>\n","protected":false},"featured_media":400330,"comment_status":"open","ping_status":"closed","template":"","meta":{"_trash_the_other_posts":false},"product_brand":[],"product_cat":[1003,707,759,735,1006,999],"product_tag":[],"berocket_brand":[1303],"class_list":{"0":"post-400334","1":"product","2":"type-product","3":"status-publish","4":"has-post-thumbnail","6":"product_cat-bestselgere","7":"product_cat-eau-de-toilette-dame","8":"product_cat-elizabeth-arden-green-tea","9":"product_cat-kampanje","10":"product_cat-kampanjepris","11":"product_cat-kampanjetilbud-for-henne","12":"pa_brand-elizabeth-arden","13":"berocket_brand-elizabeth-arden","15":"first","16":"instock","17":"sale","18":"taxable","19":"shipping-taxable","20":"purchasable","21":"product-type-simple"},"_links":{"self":[{"href":"https:\/\/stylingagenten.com\/no\/wp-json\/wp\/v2\/product\/400334","targetHints":{"allow":["GET"]}}],"collection":[{"href":"https:\/\/stylingagenten.com\/no\/wp-json\/wp\/v2\/product"}],"about":[{"href":"https:\/\/stylingagenten.com\/no\/wp-json\/wp\/v2\/types\/product"}],"replies":[{"embeddable":true,"href":"https:\/\/stylingagenten.com\/no\/wp-json\/wp\/v2\/comments?post=400334"}],"version-history":[{"count":0,"href":"https:\/\/stylingagenten.com\/no\/wp-json\/wp\/v2\/product\/400334\/revisions"}],"wp:featuredmedia":[{"embeddable":true,"href":"https:\/\/stylingagenten.com\/no\/wp-json\/wp\/v2\/media\/400330"}],"wp:attachment":[{"href":"https:\/\/stylingagenten.com\/no\/wp-json\/wp\/v2\/media?parent=400334"}],"wp:term":[{"taxonomy":"product_brand","embeddable":true,"href":"https:\/\/stylingagenten.com\/no\/wp-json\/wp\/v2\/product_brand?post=400334"},{"taxonomy":"product_cat","embeddable":true,"href":"https:\/\/stylingagenten.com\/no\/wp-json\/wp\/v2\/product_cat?post=400334"},{"taxonomy":"product_tag","embeddable":true,"href":"https:\/\/stylingagenten.com\/no\/wp-json\/wp\/v2\/product_tag?post=400334"},{"taxonomy":"berocket_brand","embeddable":true,"href":"https:\/\/stylingagenten.com\/no\/wp-json\/wp\/v2\/berocket_brand?post=400334"}],"curies":[{"name":"wp","href":"https:\/\/api.w.org\/{rel}","templated":true}]}}