{"id":400197,"date":"2025-05-18T22:39:23","date_gmt":"2025-05-18T22:39:23","guid":{"rendered":"https:\/\/staging2.stylingagenten.com\/no\/produkt\/escada-fairy-love-edt-30ml\/"},"modified":"2026-04-14T06:28:30","modified_gmt":"2026-04-14T06:28:30","slug":"escada-fairy-love-edt-30ml","status":"publish","type":"product","link":"https:\/\/stylingagenten.com\/no\/produkt\/escada-fairy-love-edt-30ml\/","title":{"rendered":"Escada Fairy Love Edt 30ml"},"content":{"rendered":"<p>ESCADA Fairy Love Eau de Toilette tar deg med til en verden av romantikk og magi!<br \/>Fairy Love er en vegansk parfyme med toner av Nashi-p\u00e6re og bringeb\u00e6r blandet med en bukett sjasminblader. En romantisk, oppl\u00f8ftende og floral duft.<\/p>\n<p>Toppnoter: Nashi P&auml;Bringeb\u00e6r<br \/>Hjertenoter: Jasminblader<br \/>Basenoter: Hasseln\u00f8tt<\/p>\n","protected":false},"excerpt":{"rendered":"<p>ESCADA Fairy Love Eau de Toilette tar deg med til en verden av romantikk og magi!Fairy Love er en vegansk parfyme med toner av Nashi-p\u00e6re og bringeb\u00e6r blandet med en bukett sjasminblader. En romantisk, oppl\u00f8ftende og floral duft. Toppnoter: Nashi P&auml;Bringeb\u00e6rHjertenoter: JasminbladerBasenoter: Hasseln\u00f8tt<\/p>\n","protected":false},"featured_media":400193,"comment_status":"open","ping_status":"closed","template":"","meta":{"_trash_the_other_posts":false},"product_brand":[],"product_cat":[707,735,1006,999],"product_tag":[2881],"berocket_brand":[1306],"class_list":{"0":"post-400197","1":"product","2":"type-product","3":"status-publish","4":"has-post-thumbnail","6":"product_cat-eau-de-toilette-dame","7":"product_cat-kampanje","8":"product_cat-kampanjepris","9":"product_cat-kampanjetilbud-for-henne","10":"product_tag-escada-fairy-love-edt","11":"pa_brand-escada","12":"pa_variant-30ml","13":"berocket_brand-escada","15":"first","16":"instock","17":"sale","18":"taxable","19":"shipping-taxable","20":"purchasable","21":"product-type-simple"},"_links":{"self":[{"href":"https:\/\/stylingagenten.com\/no\/wp-json\/wp\/v2\/product\/400197","targetHints":{"allow":["GET"]}}],"collection":[{"href":"https:\/\/stylingagenten.com\/no\/wp-json\/wp\/v2\/product"}],"about":[{"href":"https:\/\/stylingagenten.com\/no\/wp-json\/wp\/v2\/types\/product"}],"replies":[{"embeddable":true,"href":"https:\/\/stylingagenten.com\/no\/wp-json\/wp\/v2\/comments?post=400197"}],"version-history":[{"count":0,"href":"https:\/\/stylingagenten.com\/no\/wp-json\/wp\/v2\/product\/400197\/revisions"}],"wp:featuredmedia":[{"embeddable":true,"href":"https:\/\/stylingagenten.com\/no\/wp-json\/wp\/v2\/media\/400193"}],"wp:attachment":[{"href":"https:\/\/stylingagenten.com\/no\/wp-json\/wp\/v2\/media?parent=400197"}],"wp:term":[{"taxonomy":"product_brand","embeddable":true,"href":"https:\/\/stylingagenten.com\/no\/wp-json\/wp\/v2\/product_brand?post=400197"},{"taxonomy":"product_cat","embeddable":true,"href":"https:\/\/stylingagenten.com\/no\/wp-json\/wp\/v2\/product_cat?post=400197"},{"taxonomy":"product_tag","embeddable":true,"href":"https:\/\/stylingagenten.com\/no\/wp-json\/wp\/v2\/product_tag?post=400197"},{"taxonomy":"berocket_brand","embeddable":true,"href":"https:\/\/stylingagenten.com\/no\/wp-json\/wp\/v2\/berocket_brand?post=400197"}],"curies":[{"name":"wp","href":"https:\/\/api.w.org\/{rel}","templated":true}]}}