{"id":400194,"date":"2025-05-18T22:39:22","date_gmt":"2025-05-18T22:39:22","guid":{"rendered":"https:\/\/staging2.stylingagenten.com\/no\/produkt\/dolce-gabbana-light-blue-forever-edp-25ml\/"},"modified":"2026-02-25T22:15:42","modified_gmt":"2026-02-25T22:15:42","slug":"dolce-gabbana-light-blue-forever-edp-25ml","status":"publish","type":"product","link":"https:\/\/stylingagenten.com\/no\/produkt\/dolce-gabbana-light-blue-forever-edp-25ml\/","title":{"rendered":"Dolce &amp; Gabbana Light Blue Forever Edp 25ml"},"content":{"rendered":"<p>Dolce &amp; Gabbana fanger \u00e5nden av evig kj\u00e6rlighet med en ny, uimotst\u00e5elig begrenset utgave innenfor den ikoniske duftlinjen Light Blue. Gj\u00f8r deg klar for duften av sommeren for henne, Light Blue Forever Pour Femme.<br \/>En sensuell eau de parfum som hyller ekte kj\u00e6rlighet i alle dens former, en italiensk kj\u00e6rlighetshistorie satt i perler; en solfylt Capri.<\/p>\n<p>Toppnoter: Sitrus, Granny Smith-eple<br \/>Hjertenoter: Appelsinblomst, Hvite blomster<br \/>Basenoter: Cashmeran, Cedarwood, Musk<\/p>\n","protected":false},"excerpt":{"rendered":"<p>Dolce &amp; Gabbana fanger \u00e5nden av evig kj\u00e6rlighet med en ny, uimotst\u00e5elig begrenset utgave innenfor den ikoniske duftlinjen Light Blue. Gj\u00f8r deg klar for duften av sommeren for henne, Light Blue Forever Pour Femme.En sensuell eau de parfum som hyller ekte kj\u00e6rlighet i alle dens former, en italiensk kj\u00e6rlighetshistorie satt i perler; en solfylt Capri. [&hellip;]<\/p>\n","protected":false},"featured_media":400186,"comment_status":"open","ping_status":"closed","template":"","meta":{"_trash_the_other_posts":false},"product_brand":[],"product_cat":[832,706,1006],"product_tag":[2827],"berocket_brand":[1292],"class_list":{"0":"post-400194","1":"product","2":"type-product","3":"status-publish","4":"has-post-thumbnail","6":"product_cat-gabbana-light-blue-women","7":"product_cat-eau-de-parfum-dame","8":"product_cat-kampanjepris","9":"product_tag-dolce-gabbana-light-blue-forever-edp","10":"pa_brand-dolce-gabbana","11":"pa_variant-25ml","12":"berocket_brand-dolce-gabbana","14":"first","15":"outofstock","16":"sale","17":"taxable","18":"shipping-taxable","19":"purchasable","20":"product-type-simple"},"_links":{"self":[{"href":"https:\/\/stylingagenten.com\/no\/wp-json\/wp\/v2\/product\/400194","targetHints":{"allow":["GET"]}}],"collection":[{"href":"https:\/\/stylingagenten.com\/no\/wp-json\/wp\/v2\/product"}],"about":[{"href":"https:\/\/stylingagenten.com\/no\/wp-json\/wp\/v2\/types\/product"}],"replies":[{"embeddable":true,"href":"https:\/\/stylingagenten.com\/no\/wp-json\/wp\/v2\/comments?post=400194"}],"version-history":[{"count":0,"href":"https:\/\/stylingagenten.com\/no\/wp-json\/wp\/v2\/product\/400194\/revisions"}],"wp:featuredmedia":[{"embeddable":true,"href":"https:\/\/stylingagenten.com\/no\/wp-json\/wp\/v2\/media\/400186"}],"wp:attachment":[{"href":"https:\/\/stylingagenten.com\/no\/wp-json\/wp\/v2\/media?parent=400194"}],"wp:term":[{"taxonomy":"product_brand","embeddable":true,"href":"https:\/\/stylingagenten.com\/no\/wp-json\/wp\/v2\/product_brand?post=400194"},{"taxonomy":"product_cat","embeddable":true,"href":"https:\/\/stylingagenten.com\/no\/wp-json\/wp\/v2\/product_cat?post=400194"},{"taxonomy":"product_tag","embeddable":true,"href":"https:\/\/stylingagenten.com\/no\/wp-json\/wp\/v2\/product_tag?post=400194"},{"taxonomy":"berocket_brand","embeddable":true,"href":"https:\/\/stylingagenten.com\/no\/wp-json\/wp\/v2\/berocket_brand?post=400194"}],"curies":[{"name":"wp","href":"https:\/\/api.w.org\/{rel}","templated":true}]}}