{"id":399924,"date":"2025-05-18T22:38:26","date_gmt":"2025-05-18T22:38:26","guid":{"rendered":"https:\/\/staging2.stylingagenten.com\/no\/produkt\/viktor-rolf-flowerbomb-edp-50ml\/"},"modified":"2025-11-19T09:00:51","modified_gmt":"2025-11-19T09:00:51","slug":"viktor-rolf-flowerbomb-edp-50ml","status":"publish","type":"product","link":"https:\/\/stylingagenten.com\/no\/produkt\/viktor-rolf-flowerbomb-edp-50ml\/","title":{"rendered":"Viktor &amp; Rolf Flowerbomb Edp 50ml"},"content":{"rendered":"<p>Viktor &amp; Rolf Flowerbomb Edp er en varm og romantisk duft med en sensuell og sexy blomsterduft som passer n\u00e5r du vil f\u00f8le deg spesiell eller vil p\u00e5virke omgivelsene.<\/p>\n<p>Duftnoter: bergamott, indisk osmanthus, sambac jasmin , cattleya orkid\u00e9, fresia, roser, musk og patchouli.<\/p>\n","protected":false},"excerpt":{"rendered":"<p>Viktor &amp; Rolf Flowerbomb Edp er en varm og romantisk duft med en sensuell og sexy blomsterduft som passer n\u00e5r du vil f\u00f8le deg spesiell eller vil p\u00e5virke omgivelsene. Duftnoter: bergamott, indisk osmanthus, sambac jasmin , cattleya orkid\u00e9, fresia, roser, musk og patchouli.<\/p>\n","protected":false},"featured_media":399922,"comment_status":"open","ping_status":"closed","template":"","meta":{"_trash_the_other_posts":false},"product_brand":[],"product_cat":[706],"product_tag":[4054],"berocket_brand":[1998],"class_list":{"0":"post-399924","1":"product","2":"type-product","3":"status-publish","4":"has-post-thumbnail","6":"product_cat-eau-de-parfum-dame","7":"product_tag-viktor-rolf-flowerbomb-edp","8":"pa_brand-viktorrolf","9":"pa_variant-50g","10":"berocket_brand-viktoramp","12":"first","13":"outofstock","14":"sale","15":"taxable","16":"shipping-taxable","17":"purchasable","18":"product-type-simple"},"_links":{"self":[{"href":"https:\/\/stylingagenten.com\/no\/wp-json\/wp\/v2\/product\/399924","targetHints":{"allow":["GET"]}}],"collection":[{"href":"https:\/\/stylingagenten.com\/no\/wp-json\/wp\/v2\/product"}],"about":[{"href":"https:\/\/stylingagenten.com\/no\/wp-json\/wp\/v2\/types\/product"}],"replies":[{"embeddable":true,"href":"https:\/\/stylingagenten.com\/no\/wp-json\/wp\/v2\/comments?post=399924"}],"version-history":[{"count":0,"href":"https:\/\/stylingagenten.com\/no\/wp-json\/wp\/v2\/product\/399924\/revisions"}],"wp:featuredmedia":[{"embeddable":true,"href":"https:\/\/stylingagenten.com\/no\/wp-json\/wp\/v2\/media\/399922"}],"wp:attachment":[{"href":"https:\/\/stylingagenten.com\/no\/wp-json\/wp\/v2\/media?parent=399924"}],"wp:term":[{"taxonomy":"product_brand","embeddable":true,"href":"https:\/\/stylingagenten.com\/no\/wp-json\/wp\/v2\/product_brand?post=399924"},{"taxonomy":"product_cat","embeddable":true,"href":"https:\/\/stylingagenten.com\/no\/wp-json\/wp\/v2\/product_cat?post=399924"},{"taxonomy":"product_tag","embeddable":true,"href":"https:\/\/stylingagenten.com\/no\/wp-json\/wp\/v2\/product_tag?post=399924"},{"taxonomy":"berocket_brand","embeddable":true,"href":"https:\/\/stylingagenten.com\/no\/wp-json\/wp\/v2\/berocket_brand?post=399924"}],"curies":[{"name":"wp","href":"https:\/\/api.w.org\/{rel}","templated":true}]}}