{"id":399746,"date":"2025-05-18T22:37:45","date_gmt":"2025-05-18T22:37:45","guid":{"rendered":"https:\/\/staging2.stylingagenten.com\/no\/produkt\/viktor-rolf-flowerbomb-edp-20ml\/"},"modified":"2026-03-25T14:28:00","modified_gmt":"2026-03-25T14:28:00","slug":"viktor-rolf-flowerbomb-edp-20ml","status":"publish","type":"product","link":"https:\/\/stylingagenten.com\/no\/produkt\/viktor-rolf-flowerbomb-edp-20ml\/","title":{"rendered":"Viktor &amp; Rolf Flowerbomb Edp 20ml"},"content":{"rendered":"<p>Viktor &amp; Rolf Flowerbomb Edp er en varm og romantisk duft med en sensuell og sexy blomsterduft som passer n\u00e5r du vil f\u00f8le deg spesiell eller vil p\u00e5virke omgivelsene dine. <\/p>\n<p>Duftnoter: bergamott, indisk osmanthus, sambac jasmin, cattleya orkid\u00e9, fresia, roser, musk og patchouli.<\/p>\n","protected":false},"excerpt":{"rendered":"<p>Viktor &amp; Rolf Flowerbomb Edp er en varm og romantisk duft med en sensuell og sexy blomsterduft som passer n\u00e5r du vil f\u00f8le deg spesiell eller vil p\u00e5virke omgivelsene dine. Duftnoter: bergamott, indisk osmanthus, sambac jasmin, cattleya orkid\u00e9, fresia, roser, musk og patchouli.<\/p>\n","protected":false},"featured_media":399745,"comment_status":"open","ping_status":"closed","template":"","meta":{"_trash_the_other_posts":false},"product_brand":[],"product_cat":[706,735,1006,999],"product_tag":[4054],"berocket_brand":[1998],"class_list":{"0":"post-399746","1":"product","2":"type-product","3":"status-publish","4":"has-post-thumbnail","6":"product_cat-eau-de-parfum-dame","7":"product_cat-kampanje","8":"product_cat-kampanjepris","9":"product_cat-kampanjetilbud-for-henne","10":"product_tag-viktor-rolf-flowerbomb-edp","11":"pa_brand-viktorrolf","12":"pa_variant-20ml","13":"berocket_brand-viktoramp","15":"first","16":"instock","17":"sale","18":"taxable","19":"shipping-taxable","20":"purchasable","21":"product-type-simple"},"_links":{"self":[{"href":"https:\/\/stylingagenten.com\/no\/wp-json\/wp\/v2\/product\/399746","targetHints":{"allow":["GET"]}}],"collection":[{"href":"https:\/\/stylingagenten.com\/no\/wp-json\/wp\/v2\/product"}],"about":[{"href":"https:\/\/stylingagenten.com\/no\/wp-json\/wp\/v2\/types\/product"}],"replies":[{"embeddable":true,"href":"https:\/\/stylingagenten.com\/no\/wp-json\/wp\/v2\/comments?post=399746"}],"version-history":[{"count":0,"href":"https:\/\/stylingagenten.com\/no\/wp-json\/wp\/v2\/product\/399746\/revisions"}],"wp:featuredmedia":[{"embeddable":true,"href":"https:\/\/stylingagenten.com\/no\/wp-json\/wp\/v2\/media\/399745"}],"wp:attachment":[{"href":"https:\/\/stylingagenten.com\/no\/wp-json\/wp\/v2\/media?parent=399746"}],"wp:term":[{"taxonomy":"product_brand","embeddable":true,"href":"https:\/\/stylingagenten.com\/no\/wp-json\/wp\/v2\/product_brand?post=399746"},{"taxonomy":"product_cat","embeddable":true,"href":"https:\/\/stylingagenten.com\/no\/wp-json\/wp\/v2\/product_cat?post=399746"},{"taxonomy":"product_tag","embeddable":true,"href":"https:\/\/stylingagenten.com\/no\/wp-json\/wp\/v2\/product_tag?post=399746"},{"taxonomy":"berocket_brand","embeddable":true,"href":"https:\/\/stylingagenten.com\/no\/wp-json\/wp\/v2\/berocket_brand?post=399746"}],"curies":[{"name":"wp","href":"https:\/\/api.w.org\/{rel}","templated":true}]}}