{"id":399736,"date":"2025-05-18T22:37:42","date_gmt":"2025-05-18T22:37:42","guid":{"rendered":"https:\/\/staging2.stylingagenten.com\/no\/produkt\/guess-seductive-red-edt-75ml\/"},"modified":"2026-04-14T14:48:51","modified_gmt":"2026-04-14T14:48:51","slug":"guess-seductive-red-edt-75ml","status":"publish","type":"product","link":"https:\/\/stylingagenten.com\/no\/produkt\/guess-seductive-red-edt-75ml\/","title":{"rendered":"Guess Seductive Red Edt 75ml"},"content":{"rendered":"<p>Seductive Red fra Guess er en sensuell og sensuell duft for kvinner.<\/p>\n<p>Toppnoter: mandel, kirseb\u00e6r og rosepepper.<br \/>Hjertenoter: Kirseb\u00e6r, magnolia og fiolette blomster.<br \/>Basenoter: vanilje og tonkab\u00f8nne.<\/p>\n","protected":false},"excerpt":{"rendered":"<p>Seductive Red fra Guess er en sensuell og sensuell duft for kvinner. Toppnoter: mandel, kirseb\u00e6r og rosepepper.Hjertenoter: Kirseb\u00e6r, magnolia og fiolette blomster.Basenoter: vanilje og tonkab\u00f8nne.<\/p>\n","protected":false},"featured_media":399732,"comment_status":"open","ping_status":"closed","template":"","meta":{"_trash_the_other_posts":false},"product_brand":[],"product_cat":[1003,707,884,1006],"product_tag":[],"berocket_brand":[1331],"class_list":{"0":"post-399736","1":"product","2":"type-product","3":"status-publish","4":"has-post-thumbnail","6":"product_cat-bestselgere","7":"product_cat-eau-de-toilette-dame","8":"product_cat-guess-seductive-women","9":"product_cat-kampanjepris","10":"pa_brand-guess","11":"berocket_brand-guess","13":"first","14":"instock","15":"sale","16":"taxable","17":"shipping-taxable","18":"purchasable","19":"product-type-simple"},"_links":{"self":[{"href":"https:\/\/stylingagenten.com\/no\/wp-json\/wp\/v2\/product\/399736","targetHints":{"allow":["GET"]}}],"collection":[{"href":"https:\/\/stylingagenten.com\/no\/wp-json\/wp\/v2\/product"}],"about":[{"href":"https:\/\/stylingagenten.com\/no\/wp-json\/wp\/v2\/types\/product"}],"replies":[{"embeddable":true,"href":"https:\/\/stylingagenten.com\/no\/wp-json\/wp\/v2\/comments?post=399736"}],"version-history":[{"count":0,"href":"https:\/\/stylingagenten.com\/no\/wp-json\/wp\/v2\/product\/399736\/revisions"}],"wp:featuredmedia":[{"embeddable":true,"href":"https:\/\/stylingagenten.com\/no\/wp-json\/wp\/v2\/media\/399732"}],"wp:attachment":[{"href":"https:\/\/stylingagenten.com\/no\/wp-json\/wp\/v2\/media?parent=399736"}],"wp:term":[{"taxonomy":"product_brand","embeddable":true,"href":"https:\/\/stylingagenten.com\/no\/wp-json\/wp\/v2\/product_brand?post=399736"},{"taxonomy":"product_cat","embeddable":true,"href":"https:\/\/stylingagenten.com\/no\/wp-json\/wp\/v2\/product_cat?post=399736"},{"taxonomy":"product_tag","embeddable":true,"href":"https:\/\/stylingagenten.com\/no\/wp-json\/wp\/v2\/product_tag?post=399736"},{"taxonomy":"berocket_brand","embeddable":true,"href":"https:\/\/stylingagenten.com\/no\/wp-json\/wp\/v2\/berocket_brand?post=399736"}],"curies":[{"name":"wp","href":"https:\/\/api.w.org\/{rel}","templated":true}]}}