{"id":399716,"date":"2025-05-18T22:37:38","date_gmt":"2025-05-18T22:37:38","guid":{"rendered":"https:\/\/staging2.stylingagenten.com\/no\/produkt\/abercrombie-fitch-authentic-woman-edp-100ml\/"},"modified":"2026-04-14T21:58:50","modified_gmt":"2026-04-14T21:58:50","slug":"abercrombie-fitch-authentic-woman-edp-100ml","status":"publish","type":"product","link":"https:\/\/stylingagenten.com\/no\/produkt\/abercrombie-fitch-authentic-woman-edp-100ml\/","title":{"rendered":"Abercrombie &amp; Fitch Authentic Woman Edp 100ml"},"content":{"rendered":"<p>AUTHENTIC er like ekte, frisk og rett og slett vakker som b\u00e6reren. F\u00f8rsteinntrykket er fra Schor, som til slutt bringer hennes naturlige sensualitet frem i forgrunnen. og etterlater seg en minneverdig sti. Duggfrisk p\u00e6re og magnoliablomst blir magnetisk med den litt varmende attraksjonen til Ambrette fr&ouml;, som avsl\u00f8rer nye deler av hennes glade og selvsikre personlighet. Uttrykksfull og rett frem, b\u00e5de unge og gamle, for AUTENTIC Abercrombie &amp; Fitch-kvinnen som skiller seg ut fra mengden ved \u00e5 v\u00e6re seg selv.<\/p>\n<p>Toppnoter: P\u00e6re, Mandarin, R\u00f8de Druer.<br \/>Hjertenoter: Magnolia-blomst, Muguet-blomst, Nektarin.<br \/>Basinoter: Ambrettefr&ouml;, Cedarwood&auml;, Sandeltre&auml;.<\/p>\n","protected":false},"excerpt":{"rendered":"<p>AUTHENTIC er like ekte, frisk og rett og slett vakker som b\u00e6reren. F\u00f8rsteinntrykket er fra Schor, som til slutt bringer hennes naturlige sensualitet frem i forgrunnen. og etterlater seg en minneverdig sti. Duggfrisk p\u00e6re og magnoliablomst blir magnetisk med den litt varmende attraksjonen til Ambrette fr&ouml;, som avsl\u00f8rer nye deler av hennes glade og selvsikre [&hellip;]<\/p>\n","protected":false},"featured_media":399713,"comment_status":"open","ping_status":"closed","template":"","meta":{"_trash_the_other_posts":false},"product_brand":[],"product_cat":[706,735,999],"product_tag":[2318],"berocket_brand":[1278],"class_list":{"0":"post-399716","1":"product","2":"type-product","3":"status-publish","4":"has-post-thumbnail","6":"product_cat-eau-de-parfum-dame","7":"product_cat-kampanje","8":"product_cat-kampanjetilbud-for-henne","9":"product_tag-abercrombie-fitch-authentic-woman-edp","10":"pa_brand-abercrombie-fitch","11":"pa_variant-100ml","12":"berocket_brand-abercrombie-fitch","14":"first","15":"instock","16":"sale","17":"taxable","18":"shipping-taxable","19":"purchasable","20":"product-type-simple"},"_links":{"self":[{"href":"https:\/\/stylingagenten.com\/no\/wp-json\/wp\/v2\/product\/399716","targetHints":{"allow":["GET"]}}],"collection":[{"href":"https:\/\/stylingagenten.com\/no\/wp-json\/wp\/v2\/product"}],"about":[{"href":"https:\/\/stylingagenten.com\/no\/wp-json\/wp\/v2\/types\/product"}],"replies":[{"embeddable":true,"href":"https:\/\/stylingagenten.com\/no\/wp-json\/wp\/v2\/comments?post=399716"}],"version-history":[{"count":0,"href":"https:\/\/stylingagenten.com\/no\/wp-json\/wp\/v2\/product\/399716\/revisions"}],"wp:featuredmedia":[{"embeddable":true,"href":"https:\/\/stylingagenten.com\/no\/wp-json\/wp\/v2\/media\/399713"}],"wp:attachment":[{"href":"https:\/\/stylingagenten.com\/no\/wp-json\/wp\/v2\/media?parent=399716"}],"wp:term":[{"taxonomy":"product_brand","embeddable":true,"href":"https:\/\/stylingagenten.com\/no\/wp-json\/wp\/v2\/product_brand?post=399716"},{"taxonomy":"product_cat","embeddable":true,"href":"https:\/\/stylingagenten.com\/no\/wp-json\/wp\/v2\/product_cat?post=399716"},{"taxonomy":"product_tag","embeddable":true,"href":"https:\/\/stylingagenten.com\/no\/wp-json\/wp\/v2\/product_tag?post=399716"},{"taxonomy":"berocket_brand","embeddable":true,"href":"https:\/\/stylingagenten.com\/no\/wp-json\/wp\/v2\/berocket_brand?post=399716"}],"curies":[{"name":"wp","href":"https:\/\/api.w.org\/{rel}","templated":true}]}}