{"id":399710,"date":"2025-05-18T22:37:36","date_gmt":"2025-05-18T22:37:36","guid":{"rendered":"https:\/\/staging2.stylingagenten.com\/no\/produkt\/abercrombie-fitch-authentic-moment-woman-edp-100ml\/"},"modified":"2026-03-11T21:52:52","modified_gmt":"2026-03-11T21:52:52","slug":"abercrombie-fitch-authentic-moment-woman-edp-100ml","status":"publish","type":"product","link":"https:\/\/stylingagenten.com\/no\/produkt\/abercrombie-fitch-authentic-moment-woman-edp-100ml\/","title":{"rendered":"Abercrombie &amp; Fitch Authentic Moment Woman Edp 100ml"},"content":{"rendered":"<p>En moderne, fruktig og dvelende parfyme for kvinner. Autentisk \u00f8yeblikk kombinerer elskede blomster- og fruktnoter med en moderne kontrast av teksturerte trenoter og musk. Duften \u00e5pner med r\u00f8de frukter, mandarin og rabarbra som gir et forfriskende f\u00f8rsteinntrykk. Rose- og sjasminblader er kjernen i duften, og de utstr\u00e5ler spontanitet og femininitet. Basen av parfymen best\u00e5r av sedertre, patchouli, musk og l\u00e6r som gir en fengslende varme som sitter igjen.<\/p>\n<p>&#8211; Moderne, fruktig og treaktig parfyme<br \/> &#8211; For den spontane og feminine personen som liker kontraster<br \/>&#8211; Passer b\u00e5de dag og natt<\/p>\n<p>Toppnoter: R\u00f8d frukt, mandarin og rabarbra<br \/>Hjertenoter: Rose- og sjasminblader<br \/>Basenoter: sedertre, patchouli, musk og l\u00e6r<\/p>\n","protected":false},"excerpt":{"rendered":"<p>En moderne, fruktig og dvelende parfyme for kvinner. Autentisk \u00f8yeblikk kombinerer elskede blomster- og fruktnoter med en moderne kontrast av teksturerte trenoter og musk. Duften \u00e5pner med r\u00f8de frukter, mandarin og rabarbra som gir et forfriskende f\u00f8rsteinntrykk. Rose- og sjasminblader er kjernen i duften, og de utstr\u00e5ler spontanitet og femininitet. Basen av parfymen best\u00e5r av [&hellip;]<\/p>\n","protected":false},"featured_media":399704,"comment_status":"open","ping_status":"closed","template":"","meta":{"_trash_the_other_posts":false},"product_brand":[],"product_cat":[706,735,1006,999],"product_tag":[],"berocket_brand":[1278],"class_list":{"0":"post-399710","1":"product","2":"type-product","3":"status-publish","4":"has-post-thumbnail","6":"product_cat-eau-de-parfum-dame","7":"product_cat-kampanje","8":"product_cat-kampanjepris","9":"product_cat-kampanjetilbud-for-henne","10":"pa_brand-abercrombie-fitch","11":"berocket_brand-abercrombie-fitch","13":"first","14":"instock","15":"sale","16":"taxable","17":"shipping-taxable","18":"purchasable","19":"product-type-simple"},"_links":{"self":[{"href":"https:\/\/stylingagenten.com\/no\/wp-json\/wp\/v2\/product\/399710","targetHints":{"allow":["GET"]}}],"collection":[{"href":"https:\/\/stylingagenten.com\/no\/wp-json\/wp\/v2\/product"}],"about":[{"href":"https:\/\/stylingagenten.com\/no\/wp-json\/wp\/v2\/types\/product"}],"replies":[{"embeddable":true,"href":"https:\/\/stylingagenten.com\/no\/wp-json\/wp\/v2\/comments?post=399710"}],"version-history":[{"count":0,"href":"https:\/\/stylingagenten.com\/no\/wp-json\/wp\/v2\/product\/399710\/revisions"}],"wp:featuredmedia":[{"embeddable":true,"href":"https:\/\/stylingagenten.com\/no\/wp-json\/wp\/v2\/media\/399704"}],"wp:attachment":[{"href":"https:\/\/stylingagenten.com\/no\/wp-json\/wp\/v2\/media?parent=399710"}],"wp:term":[{"taxonomy":"product_brand","embeddable":true,"href":"https:\/\/stylingagenten.com\/no\/wp-json\/wp\/v2\/product_brand?post=399710"},{"taxonomy":"product_cat","embeddable":true,"href":"https:\/\/stylingagenten.com\/no\/wp-json\/wp\/v2\/product_cat?post=399710"},{"taxonomy":"product_tag","embeddable":true,"href":"https:\/\/stylingagenten.com\/no\/wp-json\/wp\/v2\/product_tag?post=399710"},{"taxonomy":"berocket_brand","embeddable":true,"href":"https:\/\/stylingagenten.com\/no\/wp-json\/wp\/v2\/berocket_brand?post=399710"}],"curies":[{"name":"wp","href":"https:\/\/api.w.org\/{rel}","templated":true}]}}