{"id":399674,"date":"2025-05-18T22:37:27","date_gmt":"2025-05-18T22:37:27","guid":{"rendered":"https:\/\/staging2.stylingagenten.com\/no\/produkt\/juicy-couture-viva-la-juicy-noir-edp-50ml\/"},"modified":"2026-04-10T12:58:33","modified_gmt":"2026-04-10T12:58:33","slug":"juicy-couture-viva-la-juicy-noir-edp-50ml","status":"publish","type":"product","link":"https:\/\/stylingagenten.com\/no\/produkt\/juicy-couture-viva-la-juicy-noir-edp-50ml\/","title":{"rendered":"Juicy Couture Viva La Juicy Noir Edp 50ml"},"content":{"rendered":"<p>Juicy Couture Viva La Juicy Noir Edp er en m\u00f8rk og forlokkende tolkning av den bestselgende originalen, Viva La Juicy. <\/p>\n<p>Duftnoter: ville b\u00e6r, mandarin, jordb\u00e6r, honningmelon, gardenia, sjasmin, rav, karamell, vanilje og sandeltre.<\/p>\n","protected":false},"excerpt":{"rendered":"<p>Juicy Couture Viva La Juicy Noir Edp er en m\u00f8rk og forlokkende tolkning av den bestselgende originalen, Viva La Juicy. Duftnoter: ville b\u00e6r, mandarin, jordb\u00e6r, honningmelon, gardenia, sjasmin, rav, karamell, vanilje og sandeltre.<\/p>\n","protected":false},"featured_media":399664,"comment_status":"open","ping_status":"closed","template":"","meta":{"_trash_the_other_posts":false},"product_brand":[],"product_cat":[706,918,735,999],"product_tag":[3087],"berocket_brand":[1067],"class_list":{"0":"post-399674","1":"product","2":"type-product","3":"status-publish","4":"has-post-thumbnail","6":"product_cat-eau-de-parfum-dame","7":"product_cat-juicy-couture-viva-la-juicy","8":"product_cat-kampanje","9":"product_cat-kampanjetilbud-for-henne","10":"product_tag-juicy-couture-viva-la-juicy-noir-edp","11":"pa_brand-juicy-couture","12":"pa_variant-50ml","13":"berocket_brand-juicy-couture","15":"first","16":"instock","17":"sale","18":"taxable","19":"shipping-taxable","20":"purchasable","21":"product-type-simple"},"_links":{"self":[{"href":"https:\/\/stylingagenten.com\/no\/wp-json\/wp\/v2\/product\/399674","targetHints":{"allow":["GET"]}}],"collection":[{"href":"https:\/\/stylingagenten.com\/no\/wp-json\/wp\/v2\/product"}],"about":[{"href":"https:\/\/stylingagenten.com\/no\/wp-json\/wp\/v2\/types\/product"}],"replies":[{"embeddable":true,"href":"https:\/\/stylingagenten.com\/no\/wp-json\/wp\/v2\/comments?post=399674"}],"version-history":[{"count":0,"href":"https:\/\/stylingagenten.com\/no\/wp-json\/wp\/v2\/product\/399674\/revisions"}],"wp:featuredmedia":[{"embeddable":true,"href":"https:\/\/stylingagenten.com\/no\/wp-json\/wp\/v2\/media\/399664"}],"wp:attachment":[{"href":"https:\/\/stylingagenten.com\/no\/wp-json\/wp\/v2\/media?parent=399674"}],"wp:term":[{"taxonomy":"product_brand","embeddable":true,"href":"https:\/\/stylingagenten.com\/no\/wp-json\/wp\/v2\/product_brand?post=399674"},{"taxonomy":"product_cat","embeddable":true,"href":"https:\/\/stylingagenten.com\/no\/wp-json\/wp\/v2\/product_cat?post=399674"},{"taxonomy":"product_tag","embeddable":true,"href":"https:\/\/stylingagenten.com\/no\/wp-json\/wp\/v2\/product_tag?post=399674"},{"taxonomy":"berocket_brand","embeddable":true,"href":"https:\/\/stylingagenten.com\/no\/wp-json\/wp\/v2\/berocket_brand?post=399674"}],"curies":[{"name":"wp","href":"https:\/\/api.w.org\/{rel}","templated":true}]}}