{"id":399654,"date":"2025-05-18T22:37:22","date_gmt":"2025-05-18T22:37:22","guid":{"rendered":"https:\/\/staging2.stylingagenten.com\/no\/produkt\/juicy-couture-i-am-juicy-couture-edp-50ml\/"},"modified":"2025-11-19T09:10:11","modified_gmt":"2025-11-19T09:10:11","slug":"juicy-couture-i-am-juicy-couture-edp-50ml","status":"publish","type":"product","link":"https:\/\/stylingagenten.com\/no\/produkt\/juicy-couture-i-am-juicy-couture-edp-50ml\/","title":{"rendered":"Juicy Couture I am Juicy Couture Edp 50ml"},"content":{"rendered":"<p>Juicy Couture I Am Juicy Couture er en dristig og forf\u00f8rende parfyme som \u00e5pner med en kombinasjon av saftige, modne frukter. Duften g\u00e5r sakte over til en blanding av sensuell gardenia og en forlokkende duft av kasjmirtre. <\/p>\n<p>Duftnoter: bringeb\u00e6r, grapefrukt, pasjonsfrukt, gardenia, heliotrope, kanelrose, s\u00f8t erter, musk, varme tresorter og ambra.<\/p>\n","protected":false},"excerpt":{"rendered":"<p>Juicy Couture I Am Juicy Couture er en dristig og forf\u00f8rende parfyme som \u00e5pner med en kombinasjon av saftige, modne frukter. Duften g\u00e5r sakte over til en blanding av sensuell gardenia og en forlokkende duft av kasjmirtre. Duftnoter: bringeb\u00e6r, grapefrukt, pasjonsfrukt, gardenia, heliotrope, kanelrose, s\u00f8t erter, musk, varme tresorter og ambra.<\/p>\n","protected":false},"featured_media":399644,"comment_status":"open","ping_status":"closed","template":"","meta":{"_trash_the_other_posts":false},"product_brand":[],"product_cat":[706,916],"product_tag":[3078],"berocket_brand":[1067],"class_list":{"0":"post-399654","1":"product","2":"type-product","3":"status-publish","4":"has-post-thumbnail","6":"product_cat-eau-de-parfum-dame","7":"product_cat-juicy-couture-i-am-juicy","8":"product_tag-juicy-couture-i-am-juicy-couture-edp","9":"pa_brand-juicy-couture","10":"pa_variant-50ml","11":"berocket_brand-juicy-couture","13":"first","14":"outofstock","15":"sale","16":"taxable","17":"shipping-taxable","18":"purchasable","19":"product-type-simple"},"_links":{"self":[{"href":"https:\/\/stylingagenten.com\/no\/wp-json\/wp\/v2\/product\/399654","targetHints":{"allow":["GET"]}}],"collection":[{"href":"https:\/\/stylingagenten.com\/no\/wp-json\/wp\/v2\/product"}],"about":[{"href":"https:\/\/stylingagenten.com\/no\/wp-json\/wp\/v2\/types\/product"}],"replies":[{"embeddable":true,"href":"https:\/\/stylingagenten.com\/no\/wp-json\/wp\/v2\/comments?post=399654"}],"version-history":[{"count":0,"href":"https:\/\/stylingagenten.com\/no\/wp-json\/wp\/v2\/product\/399654\/revisions"}],"wp:featuredmedia":[{"embeddable":true,"href":"https:\/\/stylingagenten.com\/no\/wp-json\/wp\/v2\/media\/399644"}],"wp:attachment":[{"href":"https:\/\/stylingagenten.com\/no\/wp-json\/wp\/v2\/media?parent=399654"}],"wp:term":[{"taxonomy":"product_brand","embeddable":true,"href":"https:\/\/stylingagenten.com\/no\/wp-json\/wp\/v2\/product_brand?post=399654"},{"taxonomy":"product_cat","embeddable":true,"href":"https:\/\/stylingagenten.com\/no\/wp-json\/wp\/v2\/product_cat?post=399654"},{"taxonomy":"product_tag","embeddable":true,"href":"https:\/\/stylingagenten.com\/no\/wp-json\/wp\/v2\/product_tag?post=399654"},{"taxonomy":"berocket_brand","embeddable":true,"href":"https:\/\/stylingagenten.com\/no\/wp-json\/wp\/v2\/berocket_brand?post=399654"}],"curies":[{"name":"wp","href":"https:\/\/api.w.org\/{rel}","templated":true}]}}