{"id":399631,"date":"2025-05-18T22:37:15","date_gmt":"2025-05-18T22:37:15","guid":{"rendered":"https:\/\/staging2.stylingagenten.com\/no\/produkt\/juicy-couture-oui-edp-100ml\/"},"modified":"2026-04-13T12:09:40","modified_gmt":"2026-04-13T12:09:40","slug":"juicy-couture-oui-edp-100ml","status":"publish","type":"product","link":"https:\/\/stylingagenten.com\/no\/produkt\/juicy-couture-oui-edp-100ml\/","title":{"rendered":"Juicy Couture Oui Edp 100ml"},"content":{"rendered":"<p>Juicy Couture Oui, EdP er en floral og fruktig duft som \u00e5pner med de forfriskende friske toppnotene av acaib\u00e6r, te, vannmelon og p\u00e6re. Juicy Couture Oui, EdP f\u00e5r sin blomsterduft fra midtnoter av sjasmin, vill natthyasint og kaprifol. Sammen med treaktige basenoter, rav, harpiks og musk skapes den lekne, uavhengige og livlige karakteren til parfymen. Toppnoter: vannmelon, acaib\u00e6r, te og p\u00e6re Hjertenoter: sjasmin, tuberose og kaprifol. Grunnnoter: treaktige noter, rav og musk<\/p>\n","protected":false},"excerpt":{"rendered":"<p>Juicy Couture Oui, EdP er en floral og fruktig duft som \u00e5pner med de forfriskende friske toppnotene av acaib\u00e6r, te, vannmelon og p\u00e6re. Juicy Couture Oui, EdP f\u00e5r sin blomsterduft fra midtnoter av sjasmin, vill natthyasint og kaprifol. Sammen med treaktige basenoter, rav, harpiks og musk skapes den lekne, uavhengige og livlige karakteren til parfymen. [&hellip;]<\/p>\n","protected":false},"featured_media":399623,"comment_status":"open","ping_status":"closed","template":"","meta":{"_trash_the_other_posts":false},"product_brand":[],"product_cat":[706,735,1006,999],"product_tag":[3081],"berocket_brand":[1067],"class_list":{"0":"post-399631","1":"product","2":"type-product","3":"status-publish","4":"has-post-thumbnail","6":"product_cat-eau-de-parfum-dame","7":"product_cat-kampanje","8":"product_cat-kampanjepris","9":"product_cat-kampanjetilbud-for-henne","10":"product_tag-juicy-couture-oui-edp","11":"pa_brand-juicy-couture","12":"pa_variant-100ml","13":"berocket_brand-juicy-couture","15":"first","16":"instock","17":"sale","18":"taxable","19":"shipping-taxable","20":"purchasable","21":"product-type-simple"},"_links":{"self":[{"href":"https:\/\/stylingagenten.com\/no\/wp-json\/wp\/v2\/product\/399631","targetHints":{"allow":["GET"]}}],"collection":[{"href":"https:\/\/stylingagenten.com\/no\/wp-json\/wp\/v2\/product"}],"about":[{"href":"https:\/\/stylingagenten.com\/no\/wp-json\/wp\/v2\/types\/product"}],"replies":[{"embeddable":true,"href":"https:\/\/stylingagenten.com\/no\/wp-json\/wp\/v2\/comments?post=399631"}],"version-history":[{"count":0,"href":"https:\/\/stylingagenten.com\/no\/wp-json\/wp\/v2\/product\/399631\/revisions"}],"wp:featuredmedia":[{"embeddable":true,"href":"https:\/\/stylingagenten.com\/no\/wp-json\/wp\/v2\/media\/399623"}],"wp:attachment":[{"href":"https:\/\/stylingagenten.com\/no\/wp-json\/wp\/v2\/media?parent=399631"}],"wp:term":[{"taxonomy":"product_brand","embeddable":true,"href":"https:\/\/stylingagenten.com\/no\/wp-json\/wp\/v2\/product_brand?post=399631"},{"taxonomy":"product_cat","embeddable":true,"href":"https:\/\/stylingagenten.com\/no\/wp-json\/wp\/v2\/product_cat?post=399631"},{"taxonomy":"product_tag","embeddable":true,"href":"https:\/\/stylingagenten.com\/no\/wp-json\/wp\/v2\/product_tag?post=399631"},{"taxonomy":"berocket_brand","embeddable":true,"href":"https:\/\/stylingagenten.com\/no\/wp-json\/wp\/v2\/berocket_brand?post=399631"}],"curies":[{"name":"wp","href":"https:\/\/api.w.org\/{rel}","templated":true}]}}