{"id":399596,"date":"2025-05-18T22:37:05","date_gmt":"2025-05-18T22:37:05","guid":{"rendered":"https:\/\/staging2.stylingagenten.com\/no\/produkt\/gres-cabotine-edt-100ml\/"},"modified":"2026-04-10T07:09:00","modified_gmt":"2026-04-10T07:09:00","slug":"gres-cabotine-edt-100ml","status":"publish","type":"product","link":"https:\/\/stylingagenten.com\/no\/produkt\/gres-cabotine-edt-100ml\/","title":{"rendered":"Gres Cabotine Edt 100ml"},"content":{"rendered":"<p>Cabotine, EdT av Parfums Gres er en popul\u00e6r duftklassiker fra 90-tallet som med sin forf\u00f8rende eleganse har blitt b\u00e5ret av kvinner i flere ti\u00e5r. Duften er herlig floral og lett i karakter. Duftfamilie &#8211; Floral Toppnoter: Solb\u00e6rskudd, p\u00e6re, plomme, appelsinblomst, mandarin og koriander Hjertenoter: Rose, ylang-ylang, tuberose, ingef\u00e6rlilje, hyasint, heliotrop, fresia, fiolett og iris. Grunnnoter: sedertre, vanilje, tonkab\u00f8nne, sivetolje, musk og ambra<\/p>\n","protected":false},"excerpt":{"rendered":"<p>Cabotine, EdT av Parfums Gres er en popul\u00e6r duftklassiker fra 90-tallet som med sin forf\u00f8rende eleganse har blitt b\u00e5ret av kvinner i flere ti\u00e5r. Duften er herlig floral og lett i karakter. Duftfamilie &#8211; Floral Toppnoter: Solb\u00e6rskudd, p\u00e6re, plomme, appelsinblomst, mandarin og koriander Hjertenoter: Rose, ylang-ylang, tuberose, ingef\u00e6rlilje, hyasint, heliotrop, fresia, fiolett og iris. Grunnnoter: [&hellip;]<\/p>\n","protected":false},"featured_media":399595,"comment_status":"open","ping_status":"closed","template":"","meta":{"_trash_the_other_posts":false},"product_brand":[],"product_cat":[707,735,1006,999],"product_tag":[],"berocket_brand":[1104],"class_list":{"0":"post-399596","1":"product","2":"type-product","3":"status-publish","4":"has-post-thumbnail","6":"product_cat-eau-de-toilette-dame","7":"product_cat-kampanje","8":"product_cat-kampanjepris","9":"product_cat-kampanjetilbud-for-henne","10":"pa_brand-parfums-gres","11":"berocket_brand-parfums-gres","13":"first","14":"instock","15":"sale","16":"taxable","17":"shipping-taxable","18":"purchasable","19":"product-type-simple"},"_links":{"self":[{"href":"https:\/\/stylingagenten.com\/no\/wp-json\/wp\/v2\/product\/399596","targetHints":{"allow":["GET"]}}],"collection":[{"href":"https:\/\/stylingagenten.com\/no\/wp-json\/wp\/v2\/product"}],"about":[{"href":"https:\/\/stylingagenten.com\/no\/wp-json\/wp\/v2\/types\/product"}],"replies":[{"embeddable":true,"href":"https:\/\/stylingagenten.com\/no\/wp-json\/wp\/v2\/comments?post=399596"}],"version-history":[{"count":0,"href":"https:\/\/stylingagenten.com\/no\/wp-json\/wp\/v2\/product\/399596\/revisions"}],"wp:featuredmedia":[{"embeddable":true,"href":"https:\/\/stylingagenten.com\/no\/wp-json\/wp\/v2\/media\/399595"}],"wp:attachment":[{"href":"https:\/\/stylingagenten.com\/no\/wp-json\/wp\/v2\/media?parent=399596"}],"wp:term":[{"taxonomy":"product_brand","embeddable":true,"href":"https:\/\/stylingagenten.com\/no\/wp-json\/wp\/v2\/product_brand?post=399596"},{"taxonomy":"product_cat","embeddable":true,"href":"https:\/\/stylingagenten.com\/no\/wp-json\/wp\/v2\/product_cat?post=399596"},{"taxonomy":"product_tag","embeddable":true,"href":"https:\/\/stylingagenten.com\/no\/wp-json\/wp\/v2\/product_tag?post=399596"},{"taxonomy":"berocket_brand","embeddable":true,"href":"https:\/\/stylingagenten.com\/no\/wp-json\/wp\/v2\/berocket_brand?post=399596"}],"curies":[{"name":"wp","href":"https:\/\/api.w.org\/{rel}","templated":true}]}}