{"id":399588,"date":"2025-05-18T22:37:02","date_gmt":"2025-05-18T22:37:02","guid":{"rendered":"https:\/\/staging2.stylingagenten.com\/no\/produkt\/azzaro-wanted-girl-tonic-edt-50ml\/"},"modified":"2026-03-26T18:23:42","modified_gmt":"2026-03-26T18:23:42","slug":"azzaro-wanted-girl-tonic-edt-50ml","status":"publish","type":"product","link":"https:\/\/stylingagenten.com\/no\/produkt\/azzaro-wanted-girl-tonic-edt-50ml\/","title":{"rendered":"Azzaro Wanted Girl Tonic Edt 50ml"},"content":{"rendered":"<p>Azzaro har oppdatert sin originale Wanted Girl-duft ved \u00e5 legge til en glitrende, forfriskende tone til dens blomsterstruktur. Den ideelle duften for en frisk, selvsikker kvinne som v\u00e5ger \u00e5 bryte reglene med stil og et avslappet glamor\u00f8st utseende. Toppnoter: Kiwi og ingef\u00e6r Hjertenoter: Acaib\u00e6r og Datura Basenoter: Bambus og Tonkab\u00f8nne.<\/p>\n","protected":false},"excerpt":{"rendered":"<p>Azzaro har oppdatert sin originale Wanted Girl-duft ved \u00e5 legge til en glitrende, forfriskende tone til dens blomsterstruktur. Den ideelle duften for en frisk, selvsikker kvinne som v\u00e5ger \u00e5 bryte reglene med stil og et avslappet glamor\u00f8st utseende. Toppnoter: Kiwi og ingef\u00e6r Hjertenoter: Acaib\u00e6r og Datura Basenoter: Bambus og Tonkab\u00f8nne.<\/p>\n","protected":false},"featured_media":399584,"comment_status":"open","ping_status":"closed","template":"","meta":{"_trash_the_other_posts":false},"product_brand":[],"product_cat":[707,735,1006,999],"product_tag":[2448],"berocket_brand":[1157],"class_list":{"0":"post-399588","1":"product","2":"type-product","3":"status-publish","4":"has-post-thumbnail","6":"product_cat-eau-de-toilette-dame","7":"product_cat-kampanje","8":"product_cat-kampanjepris","9":"product_cat-kampanjetilbud-for-henne","10":"product_tag-azzaro-wanted-girl-tonic-edt","11":"pa_brand-azzaro","12":"pa_variant-50ml","13":"berocket_brand-azzaro","15":"first","16":"instock","17":"sale","18":"taxable","19":"shipping-taxable","20":"purchasable","21":"product-type-simple"},"_links":{"self":[{"href":"https:\/\/stylingagenten.com\/no\/wp-json\/wp\/v2\/product\/399588","targetHints":{"allow":["GET"]}}],"collection":[{"href":"https:\/\/stylingagenten.com\/no\/wp-json\/wp\/v2\/product"}],"about":[{"href":"https:\/\/stylingagenten.com\/no\/wp-json\/wp\/v2\/types\/product"}],"replies":[{"embeddable":true,"href":"https:\/\/stylingagenten.com\/no\/wp-json\/wp\/v2\/comments?post=399588"}],"version-history":[{"count":0,"href":"https:\/\/stylingagenten.com\/no\/wp-json\/wp\/v2\/product\/399588\/revisions"}],"wp:featuredmedia":[{"embeddable":true,"href":"https:\/\/stylingagenten.com\/no\/wp-json\/wp\/v2\/media\/399584"}],"wp:attachment":[{"href":"https:\/\/stylingagenten.com\/no\/wp-json\/wp\/v2\/media?parent=399588"}],"wp:term":[{"taxonomy":"product_brand","embeddable":true,"href":"https:\/\/stylingagenten.com\/no\/wp-json\/wp\/v2\/product_brand?post=399588"},{"taxonomy":"product_cat","embeddable":true,"href":"https:\/\/stylingagenten.com\/no\/wp-json\/wp\/v2\/product_cat?post=399588"},{"taxonomy":"product_tag","embeddable":true,"href":"https:\/\/stylingagenten.com\/no\/wp-json\/wp\/v2\/product_tag?post=399588"},{"taxonomy":"berocket_brand","embeddable":true,"href":"https:\/\/stylingagenten.com\/no\/wp-json\/wp\/v2\/berocket_brand?post=399588"}],"curies":[{"name":"wp","href":"https:\/\/api.w.org\/{rel}","templated":true}]}}