{"id":399579,"date":"2025-05-18T22:37:00","date_gmt":"2025-05-18T22:37:00","guid":{"rendered":"https:\/\/staging2.stylingagenten.com\/no\/produkt\/britney-spears-blissful-fantasy-edt-100ml\/"},"modified":"2026-04-06T23:18:38","modified_gmt":"2026-04-06T23:18:38","slug":"britney-spears-blissful-fantasy-edt-100ml","status":"publish","type":"product","link":"https:\/\/stylingagenten.com\/no\/produkt\/britney-spears-blissful-fantasy-edt-100ml\/","title":{"rendered":"Britney Spears Blissful Fantasy Edt 100ml"},"content":{"rendered":"<p>Oppdag en annen magisk duft i Britney Spears Fantasy duftlinje, en herlig sprudlende og oppl\u00f8ftende eau de toilette inspirert av Britneys evig solfylte hum\u00f8r og hennes kj\u00e6rlighet til tropiske utflukter.<\/p>\n<p>Blissful Fantasy er lukteflukt &#8211; En enveisbillett til paradis, som ikke er et unikt sted, men en sinnstilstand. Hvor du kan f\u00f8le fullstendig lykke og fred \u2013 uansett hvor du er. En kvinneparfyme for alle anledninger.<\/p>\n<p>Duften er en lett, treaktig og hvit blomsterduft som blander toppnoter av lilje, honningmelon og hvit fresiablomst med sjasmin, tuberose og tiareblomst i hjertet. Basen inneholder forf\u00f8rende musk, sandeltre og orris.<\/p>\n<p>Duftfamilie: Woody-Floral<br \/>Toppnoter: Lily, Honeydew melon, Freesia<br \/>Hjertenoter: Jasmin, Tuberose, Tiare-blomst<br \/>Base notater: Musk, Sandeltre, Orris<\/p>\n","protected":false},"excerpt":{"rendered":"<p>Oppdag en annen magisk duft i Britney Spears Fantasy duftlinje, en herlig sprudlende og oppl\u00f8ftende eau de toilette inspirert av Britneys evig solfylte hum\u00f8r og hennes kj\u00e6rlighet til tropiske utflukter. Blissful Fantasy er lukteflukt &#8211; En enveisbillett til paradis, som ikke er et unikt sted, men en sinnstilstand. Hvor du kan f\u00f8le fullstendig lykke og [&hellip;]<\/p>\n","protected":false},"featured_media":399576,"comment_status":"open","ping_status":"closed","template":"","meta":{"_trash_the_other_posts":false},"product_brand":[],"product_cat":[1003,707,735,1006,999],"product_tag":[],"berocket_brand":[1031],"class_list":{"0":"post-399579","1":"product","2":"type-product","3":"status-publish","4":"has-post-thumbnail","6":"product_cat-bestselgere","7":"product_cat-eau-de-toilette-dame","8":"product_cat-kampanje","9":"product_cat-kampanjepris","10":"product_cat-kampanjetilbud-for-henne","11":"pa_brand-britney-spears","12":"berocket_brand-britney-spears","14":"first","15":"instock","16":"sale","17":"taxable","18":"shipping-taxable","19":"purchasable","20":"product-type-simple"},"_links":{"self":[{"href":"https:\/\/stylingagenten.com\/no\/wp-json\/wp\/v2\/product\/399579","targetHints":{"allow":["GET"]}}],"collection":[{"href":"https:\/\/stylingagenten.com\/no\/wp-json\/wp\/v2\/product"}],"about":[{"href":"https:\/\/stylingagenten.com\/no\/wp-json\/wp\/v2\/types\/product"}],"replies":[{"embeddable":true,"href":"https:\/\/stylingagenten.com\/no\/wp-json\/wp\/v2\/comments?post=399579"}],"version-history":[{"count":0,"href":"https:\/\/stylingagenten.com\/no\/wp-json\/wp\/v2\/product\/399579\/revisions"}],"wp:featuredmedia":[{"embeddable":true,"href":"https:\/\/stylingagenten.com\/no\/wp-json\/wp\/v2\/media\/399576"}],"wp:attachment":[{"href":"https:\/\/stylingagenten.com\/no\/wp-json\/wp\/v2\/media?parent=399579"}],"wp:term":[{"taxonomy":"product_brand","embeddable":true,"href":"https:\/\/stylingagenten.com\/no\/wp-json\/wp\/v2\/product_brand?post=399579"},{"taxonomy":"product_cat","embeddable":true,"href":"https:\/\/stylingagenten.com\/no\/wp-json\/wp\/v2\/product_cat?post=399579"},{"taxonomy":"product_tag","embeddable":true,"href":"https:\/\/stylingagenten.com\/no\/wp-json\/wp\/v2\/product_tag?post=399579"},{"taxonomy":"berocket_brand","embeddable":true,"href":"https:\/\/stylingagenten.com\/no\/wp-json\/wp\/v2\/berocket_brand?post=399579"}],"curies":[{"name":"wp","href":"https:\/\/api.w.org\/{rel}","templated":true}]}}