{"id":399560,"date":"2025-05-18T22:36:54","date_gmt":"2025-05-18T22:36:54","guid":{"rendered":"https:\/\/staging2.stylingagenten.com\/no\/produkt\/britney-spears-naked-fantasy-edt-100ml\/"},"modified":"2026-04-11T17:48:35","modified_gmt":"2026-04-11T17:48:35","slug":"britney-spears-naked-fantasy-edt-100ml","status":"publish","type":"product","link":"https:\/\/stylingagenten.com\/no\/produkt\/britney-spears-naked-fantasy-edt-100ml\/","title":{"rendered":"Britney Spears Naked Fantasy Edt 100ml"},"content":{"rendered":"<p>Sexy og glitrende, Britney Spears Naked Fantasy Edt fremkaller den sensuelle f\u00f8lelsen av undert\u00f8y p\u00e5 myk, bar hud. Duften \u00e5pner med en uimotst\u00e5elig introduksjon av saftig sitrus, solb\u00e6r og eplecider. S\u00f8te toner av deilig aprikoscupcake, vanilje og musk etterlater en varig sky av dyp, vanedannende varme.<\/p>\n","protected":false},"excerpt":{"rendered":"<p>Sexy og glitrende, Britney Spears Naked Fantasy Edt fremkaller den sensuelle f\u00f8lelsen av undert\u00f8y p\u00e5 myk, bar hud. Duften \u00e5pner med en uimotst\u00e5elig introduksjon av saftig sitrus, solb\u00e6r og eplecider. S\u00f8te toner av deilig aprikoscupcake, vanilje og musk etterlater en varig sky av dyp, vanedannende varme.<\/p>\n","protected":false},"featured_media":399555,"comment_status":"open","ping_status":"closed","template":"","meta":{"_trash_the_other_posts":false},"product_brand":[],"product_cat":[707,735,1006,999],"product_tag":[],"berocket_brand":[1031],"class_list":{"0":"post-399560","1":"product","2":"type-product","3":"status-publish","4":"has-post-thumbnail","6":"product_cat-eau-de-toilette-dame","7":"product_cat-kampanje","8":"product_cat-kampanjepris","9":"product_cat-kampanjetilbud-for-henne","10":"pa_brand-britney-spears","11":"berocket_brand-britney-spears","13":"first","14":"instock","15":"sale","16":"taxable","17":"shipping-taxable","18":"purchasable","19":"product-type-simple"},"_links":{"self":[{"href":"https:\/\/stylingagenten.com\/no\/wp-json\/wp\/v2\/product\/399560","targetHints":{"allow":["GET"]}}],"collection":[{"href":"https:\/\/stylingagenten.com\/no\/wp-json\/wp\/v2\/product"}],"about":[{"href":"https:\/\/stylingagenten.com\/no\/wp-json\/wp\/v2\/types\/product"}],"replies":[{"embeddable":true,"href":"https:\/\/stylingagenten.com\/no\/wp-json\/wp\/v2\/comments?post=399560"}],"version-history":[{"count":0,"href":"https:\/\/stylingagenten.com\/no\/wp-json\/wp\/v2\/product\/399560\/revisions"}],"wp:featuredmedia":[{"embeddable":true,"href":"https:\/\/stylingagenten.com\/no\/wp-json\/wp\/v2\/media\/399555"}],"wp:attachment":[{"href":"https:\/\/stylingagenten.com\/no\/wp-json\/wp\/v2\/media?parent=399560"}],"wp:term":[{"taxonomy":"product_brand","embeddable":true,"href":"https:\/\/stylingagenten.com\/no\/wp-json\/wp\/v2\/product_brand?post=399560"},{"taxonomy":"product_cat","embeddable":true,"href":"https:\/\/stylingagenten.com\/no\/wp-json\/wp\/v2\/product_cat?post=399560"},{"taxonomy":"product_tag","embeddable":true,"href":"https:\/\/stylingagenten.com\/no\/wp-json\/wp\/v2\/product_tag?post=399560"},{"taxonomy":"berocket_brand","embeddable":true,"href":"https:\/\/stylingagenten.com\/no\/wp-json\/wp\/v2\/berocket_brand?post=399560"}],"curies":[{"name":"wp","href":"https:\/\/api.w.org\/{rel}","templated":true}]}}