{"id":399490,"date":"2025-05-18T22:36:31","date_gmt":"2025-05-18T22:36:31","guid":{"rendered":"https:\/\/staging2.stylingagenten.com\/no\/produkt\/moschino-cheap-and-chic-i-love-love-edt-100ml\/"},"modified":"2026-03-23T14:27:43","modified_gmt":"2026-03-23T14:27:43","slug":"moschino-cheap-and-chic-i-love-love-edt-100ml","status":"publish","type":"product","link":"https:\/\/stylingagenten.com\/no\/produkt\/moschino-cheap-and-chic-i-love-love-edt-100ml\/","title":{"rendered":"Moschino Cheap And Chic I Love Love Edt 100ml"},"content":{"rendered":"<p>Moschino Cheap And Chic I Love Love er en fargerik, leken og rampete duft. Oppdag duften av kj\u00e6rlighet mens den italienske motedesigneren Moschino ser kj\u00e6rlighet.<\/p>\n<p><strong>Duftnotater:&nbsp;<\/strong>appelsin, sitron, grapefrukt, r\u00f8de druer, liljekonvall, rose, kanelblad , tanaka tre, musk &amp; sedertre&auml;.<\/p>\n","protected":false},"excerpt":{"rendered":"<p>Moschino Cheap And Chic I Love Love er en fargerik, leken og rampete duft. Oppdag duften av kj\u00e6rlighet mens den italienske motedesigneren Moschino ser kj\u00e6rlighet. Duftnotater:&nbsp;appelsin, sitron, grapefrukt, r\u00f8de druer, liljekonvall, rose, kanelblad , tanaka tre, musk &amp; sedertre&auml;.<\/p>\n","protected":false},"featured_media":399488,"comment_status":"open","ping_status":"closed","template":"","meta":{"_trash_the_other_posts":false},"product_brand":[],"product_cat":[1003,707,735,1006,999,962],"product_tag":[3613],"berocket_brand":[1084],"class_list":{"0":"post-399490","1":"product","2":"type-product","3":"status-publish","4":"has-post-thumbnail","6":"product_cat-bestselgere","7":"product_cat-eau-de-toilette-dame","8":"product_cat-kampanje","9":"product_cat-kampanjepris","10":"product_cat-kampanjetilbud-for-henne","11":"product_cat-moschino-cheap-and-chic","12":"product_tag-moschino-cheap-and-chic-i-love-love-edt","13":"pa_brand-moschino","14":"pa_variant-100ml","15":"berocket_brand-moschino","17":"first","18":"outofstock","19":"sale","20":"taxable","21":"shipping-taxable","22":"purchasable","23":"product-type-simple"},"_links":{"self":[{"href":"https:\/\/stylingagenten.com\/no\/wp-json\/wp\/v2\/product\/399490","targetHints":{"allow":["GET"]}}],"collection":[{"href":"https:\/\/stylingagenten.com\/no\/wp-json\/wp\/v2\/product"}],"about":[{"href":"https:\/\/stylingagenten.com\/no\/wp-json\/wp\/v2\/types\/product"}],"replies":[{"embeddable":true,"href":"https:\/\/stylingagenten.com\/no\/wp-json\/wp\/v2\/comments?post=399490"}],"version-history":[{"count":0,"href":"https:\/\/stylingagenten.com\/no\/wp-json\/wp\/v2\/product\/399490\/revisions"}],"wp:featuredmedia":[{"embeddable":true,"href":"https:\/\/stylingagenten.com\/no\/wp-json\/wp\/v2\/media\/399488"}],"wp:attachment":[{"href":"https:\/\/stylingagenten.com\/no\/wp-json\/wp\/v2\/media?parent=399490"}],"wp:term":[{"taxonomy":"product_brand","embeddable":true,"href":"https:\/\/stylingagenten.com\/no\/wp-json\/wp\/v2\/product_brand?post=399490"},{"taxonomy":"product_cat","embeddable":true,"href":"https:\/\/stylingagenten.com\/no\/wp-json\/wp\/v2\/product_cat?post=399490"},{"taxonomy":"product_tag","embeddable":true,"href":"https:\/\/stylingagenten.com\/no\/wp-json\/wp\/v2\/product_tag?post=399490"},{"taxonomy":"berocket_brand","embeddable":true,"href":"https:\/\/stylingagenten.com\/no\/wp-json\/wp\/v2\/berocket_brand?post=399490"}],"curies":[{"name":"wp","href":"https:\/\/api.w.org\/{rel}","templated":true}]}}