{"id":399487,"date":"2025-05-18T22:36:30","date_gmt":"2025-05-18T22:36:30","guid":{"rendered":"https:\/\/staging2.stylingagenten.com\/no\/produkt\/moschino-cheap-and-chic-chic-petals-edt-30ml\/"},"modified":"2025-11-19T07:54:42","modified_gmt":"2025-11-19T07:54:42","slug":"moschino-cheap-and-chic-chic-petals-edt-30ml","status":"publish","type":"product","link":"https:\/\/stylingagenten.com\/no\/produkt\/moschino-cheap-and-chic-chic-petals-edt-30ml\/","title":{"rendered":"Moschino Cheap And Chic Chic Petals Edt 30ml"},"content":{"rendered":"<p>Moschino Cheap And Chic Chic Petals ble lansert i 2013 og er en klar blomsterduft med en fruktig undertone. <\/p>\n<p><strong>Duftnoter: <\/strong>smultring, granateple, r\u00f8d orkide, r\u00f8d ingef\u00e6r, gardenia, vannlilje, musk, hinoki-tre og italiensk iris.<\/p>\n","protected":false},"excerpt":{"rendered":"<p>Moschino Cheap And Chic Chic Petals ble lansert i 2013 og er en klar blomsterduft med en fruktig undertone. Duftnoter: smultring, granateple, r\u00f8d orkide, r\u00f8d ingef\u00e6r, gardenia, vannlilje, musk, hinoki-tre og italiensk iris.<\/p>\n","protected":false},"featured_media":399485,"comment_status":"open","ping_status":"closed","template":"","meta":{"_trash_the_other_posts":false},"product_brand":[],"product_cat":[707,962],"product_tag":[3611],"berocket_brand":[1084],"class_list":{"0":"post-399487","1":"product","2":"type-product","3":"status-publish","4":"has-post-thumbnail","6":"product_cat-eau-de-toilette-dame","7":"product_cat-moschino-cheap-and-chic","8":"product_tag-moschino-cheap-and-chic-chic-petals-edt","9":"pa_brand-moschino","10":"pa_variant-30ml","11":"berocket_brand-moschino","13":"first","14":"outofstock","15":"sale","16":"taxable","17":"shipping-taxable","18":"purchasable","19":"product-type-simple"},"_links":{"self":[{"href":"https:\/\/stylingagenten.com\/no\/wp-json\/wp\/v2\/product\/399487","targetHints":{"allow":["GET"]}}],"collection":[{"href":"https:\/\/stylingagenten.com\/no\/wp-json\/wp\/v2\/product"}],"about":[{"href":"https:\/\/stylingagenten.com\/no\/wp-json\/wp\/v2\/types\/product"}],"replies":[{"embeddable":true,"href":"https:\/\/stylingagenten.com\/no\/wp-json\/wp\/v2\/comments?post=399487"}],"version-history":[{"count":0,"href":"https:\/\/stylingagenten.com\/no\/wp-json\/wp\/v2\/product\/399487\/revisions"}],"wp:featuredmedia":[{"embeddable":true,"href":"https:\/\/stylingagenten.com\/no\/wp-json\/wp\/v2\/media\/399485"}],"wp:attachment":[{"href":"https:\/\/stylingagenten.com\/no\/wp-json\/wp\/v2\/media?parent=399487"}],"wp:term":[{"taxonomy":"product_brand","embeddable":true,"href":"https:\/\/stylingagenten.com\/no\/wp-json\/wp\/v2\/product_brand?post=399487"},{"taxonomy":"product_cat","embeddable":true,"href":"https:\/\/stylingagenten.com\/no\/wp-json\/wp\/v2\/product_cat?post=399487"},{"taxonomy":"product_tag","embeddable":true,"href":"https:\/\/stylingagenten.com\/no\/wp-json\/wp\/v2\/product_tag?post=399487"},{"taxonomy":"berocket_brand","embeddable":true,"href":"https:\/\/stylingagenten.com\/no\/wp-json\/wp\/v2\/berocket_brand?post=399487"}],"curies":[{"name":"wp","href":"https:\/\/api.w.org\/{rel}","templated":true}]}}