{"id":399426,"date":"2025-05-18T22:36:20","date_gmt":"2025-05-18T22:36:20","guid":{"rendered":"https:\/\/staging2.stylingagenten.com\/no\/produkt\/burberry-body-edp-60ml\/"},"modified":"2025-11-19T07:54:58","modified_gmt":"2025-11-19T07:54:58","slug":"burberry-body-edp-60ml","status":"publish","type":"product","link":"https:\/\/stylingagenten.com\/no\/produkt\/burberry-body-edp-60ml\/","title":{"rendered":"Burberry Body Edp 60ml"},"content":{"rendered":"<p>Burberry Body er en sensuell og feminin duft med en ekstraordin\u00e6r blanding av luksuri\u00f8se og fantastiske ingredienser.<\/p>\n<p><strong>Duftnoter:<\/strong> gr\u00f8nn absint, fersken, fresia, roser, iris, sandeltre, kasjmirtre, vanilje, ambra &amp; musk.<\/p>\n","protected":false},"excerpt":{"rendered":"<p>Burberry Body er en sensuell og feminin duft med en ekstraordin\u00e6r blanding av luksuri\u00f8se og fantastiske ingredienser. Duftnoter: gr\u00f8nn absint, fersken, fresia, roser, iris, sandeltre, kasjmirtre, vanilje, ambra &amp; musk.<\/p>\n","protected":false},"featured_media":399419,"comment_status":"open","ping_status":"closed","template":"","meta":{"_trash_the_other_posts":false},"product_brand":[],"product_cat":[772,706],"product_tag":[2592],"berocket_brand":[1017],"class_list":{"0":"post-399426","1":"product","2":"type-product","3":"status-publish","4":"has-post-thumbnail","6":"product_cat-burberry-body","7":"product_cat-eau-de-parfum-dame","8":"product_tag-burberry-body-edp","9":"pa_brand-burberry","10":"pa_variant-60ml","11":"berocket_brand-burberry","13":"first","14":"outofstock","15":"sale","16":"taxable","17":"shipping-taxable","18":"purchasable","19":"product-type-simple"},"_links":{"self":[{"href":"https:\/\/stylingagenten.com\/no\/wp-json\/wp\/v2\/product\/399426","targetHints":{"allow":["GET"]}}],"collection":[{"href":"https:\/\/stylingagenten.com\/no\/wp-json\/wp\/v2\/product"}],"about":[{"href":"https:\/\/stylingagenten.com\/no\/wp-json\/wp\/v2\/types\/product"}],"replies":[{"embeddable":true,"href":"https:\/\/stylingagenten.com\/no\/wp-json\/wp\/v2\/comments?post=399426"}],"version-history":[{"count":0,"href":"https:\/\/stylingagenten.com\/no\/wp-json\/wp\/v2\/product\/399426\/revisions"}],"wp:featuredmedia":[{"embeddable":true,"href":"https:\/\/stylingagenten.com\/no\/wp-json\/wp\/v2\/media\/399419"}],"wp:attachment":[{"href":"https:\/\/stylingagenten.com\/no\/wp-json\/wp\/v2\/media?parent=399426"}],"wp:term":[{"taxonomy":"product_brand","embeddable":true,"href":"https:\/\/stylingagenten.com\/no\/wp-json\/wp\/v2\/product_brand?post=399426"},{"taxonomy":"product_cat","embeddable":true,"href":"https:\/\/stylingagenten.com\/no\/wp-json\/wp\/v2\/product_cat?post=399426"},{"taxonomy":"product_tag","embeddable":true,"href":"https:\/\/stylingagenten.com\/no\/wp-json\/wp\/v2\/product_tag?post=399426"},{"taxonomy":"berocket_brand","embeddable":true,"href":"https:\/\/stylingagenten.com\/no\/wp-json\/wp\/v2\/berocket_brand?post=399426"}],"curies":[{"name":"wp","href":"https:\/\/api.w.org\/{rel}","templated":true}]}}