{"id":399420,"date":"2025-05-18T22:36:19","date_gmt":"2025-05-18T22:36:19","guid":{"rendered":"https:\/\/staging2.stylingagenten.com\/no\/produkt\/viktor-rolf-flowerbomb-edp-30ml\/"},"modified":"2026-03-23T14:59:31","modified_gmt":"2026-03-23T14:59:31","slug":"viktor-rolf-flowerbomb-edp-30ml","status":"publish","type":"product","link":"https:\/\/stylingagenten.com\/no\/produkt\/viktor-rolf-flowerbomb-edp-30ml\/","title":{"rendered":"Viktor &amp; Rolf Flowerbomb Edp 30ml"},"content":{"rendered":"<p>Viktor &amp; Rolf Flowerbomb Edp er en varm og romantisk duft med en sensuell og sexy blomsterduft som passer n\u00e5r du vil f\u00f8le deg spesiell eller vil p\u00e5virke omgivelsene.<\/p>\n<p><strong>Duftnoter :<\/strong> bergamott, indisk osmanthus, sambac jasmin, cattleya orkid\u00e9, fresia, roser, musk og patchouli.<\/p>\n","protected":false},"excerpt":{"rendered":"<p>Viktor &amp; Rolf Flowerbomb Edp er en varm og romantisk duft med en sensuell og sexy blomsterduft som passer n\u00e5r du vil f\u00f8le deg spesiell eller vil p\u00e5virke omgivelsene. Duftnoter : bergamott, indisk osmanthus, sambac jasmin, cattleya orkid\u00e9, fresia, roser, musk og patchouli.<\/p>\n","protected":false},"featured_media":399417,"comment_status":"open","ping_status":"closed","template":"","meta":{"_trash_the_other_posts":false},"product_brand":[],"product_cat":[1003,706,735,1006,999],"product_tag":[4054],"berocket_brand":[1998],"class_list":{"0":"post-399420","1":"product","2":"type-product","3":"status-publish","4":"has-post-thumbnail","6":"product_cat-bestselgere","7":"product_cat-eau-de-parfum-dame","8":"product_cat-kampanje","9":"product_cat-kampanjepris","10":"product_cat-kampanjetilbud-for-henne","11":"product_tag-viktor-rolf-flowerbomb-edp","12":"pa_brand-viktorrolf","13":"pa_variant-30ml","14":"berocket_brand-viktoramp","16":"first","17":"instock","18":"sale","19":"taxable","20":"shipping-taxable","21":"purchasable","22":"product-type-simple"},"_links":{"self":[{"href":"https:\/\/stylingagenten.com\/no\/wp-json\/wp\/v2\/product\/399420","targetHints":{"allow":["GET"]}}],"collection":[{"href":"https:\/\/stylingagenten.com\/no\/wp-json\/wp\/v2\/product"}],"about":[{"href":"https:\/\/stylingagenten.com\/no\/wp-json\/wp\/v2\/types\/product"}],"replies":[{"embeddable":true,"href":"https:\/\/stylingagenten.com\/no\/wp-json\/wp\/v2\/comments?post=399420"}],"version-history":[{"count":0,"href":"https:\/\/stylingagenten.com\/no\/wp-json\/wp\/v2\/product\/399420\/revisions"}],"wp:featuredmedia":[{"embeddable":true,"href":"https:\/\/stylingagenten.com\/no\/wp-json\/wp\/v2\/media\/399417"}],"wp:attachment":[{"href":"https:\/\/stylingagenten.com\/no\/wp-json\/wp\/v2\/media?parent=399420"}],"wp:term":[{"taxonomy":"product_brand","embeddable":true,"href":"https:\/\/stylingagenten.com\/no\/wp-json\/wp\/v2\/product_brand?post=399420"},{"taxonomy":"product_cat","embeddable":true,"href":"https:\/\/stylingagenten.com\/no\/wp-json\/wp\/v2\/product_cat?post=399420"},{"taxonomy":"product_tag","embeddable":true,"href":"https:\/\/stylingagenten.com\/no\/wp-json\/wp\/v2\/product_tag?post=399420"},{"taxonomy":"berocket_brand","embeddable":true,"href":"https:\/\/stylingagenten.com\/no\/wp-json\/wp\/v2\/berocket_brand?post=399420"}],"curies":[{"name":"wp","href":"https:\/\/api.w.org\/{rel}","templated":true}]}}