{"id":399360,"date":"2025-05-18T22:36:09","date_gmt":"2025-05-18T22:36:09","guid":{"rendered":"https:\/\/staging2.stylingagenten.com\/no\/produkt\/jennifer-lopez-one-edp-30ml\/"},"modified":"2025-12-13T22:16:47","modified_gmt":"2025-12-13T22:16:47","slug":"jennifer-lopez-one-edp-30ml","status":"publish","type":"product","link":"https:\/\/stylingagenten.com\/no\/produkt\/jennifer-lopez-one-edp-30ml\/","title":{"rendered":"Jennifer Lopez One Edp 30ml"},"content":{"rendered":"<p>Jennifer Lopez One Edp 30ml<br \/>One Eau de Parfum er en duft som gir f\u00f8lelsen av harmoni, fred og energi. En parfyme uten grenser \u2013 ekspansiv, s\u00e5rbar og kraftig. I dag trenger v\u00e5r verden &laquo;ONE-ness&raquo;, erkjennelsen av at vi er \u00e9n verden og ett folk, at vi lever for et felles h\u00e5p og en st\u00f8rre mening. Et m\u00e5l. En dr\u00f8m. Sveiset sammen og ikke separert. Vi er ett. <br \/>Den veganske parfymen \u00e5pner med noter av rosa pepper, fresia og ferskenblomst. I hjertet er det noter av klartre, sedertre og sjasmin, som er kombinert med varme basenoter av semsket skinn, sandeltre og eikemose.<br \/>Duftnoter:<br \/>\u2022Toppnoter: Rosa pepper, fresia, ferskenblomst.<br \/>\u2022Hjertenoter: Clearwood, Cedarwood, Jasmin.<br \/>\u2022Basenoter: Semsket skinn, sandeltre, eikemose.<\/p>\n","protected":false},"excerpt":{"rendered":"<p>Jennifer Lopez One Edp 30mlOne Eau de Parfum er en duft som gir f\u00f8lelsen av harmoni, fred og energi. En parfyme uten grenser \u2013 ekspansiv, s\u00e5rbar og kraftig. I dag trenger v\u00e5r verden &laquo;ONE-ness&raquo;, erkjennelsen av at vi er \u00e9n verden og ett folk, at vi lever for et felles h\u00e5p og en st\u00f8rre mening. [&hellip;]<\/p>\n","protected":false},"featured_media":399356,"comment_status":"open","ping_status":"closed","template":"","meta":{"_trash_the_other_posts":false},"product_brand":[],"product_cat":[706,1006,534],"product_tag":[3039],"berocket_brand":[1354],"class_list":{"0":"post-399360","1":"product","2":"type-product","3":"status-publish","4":"has-post-thumbnail","6":"product_cat-eau-de-parfum-dame","7":"product_cat-kampanjepris","8":"product_cat-parfyme-dame","9":"product_tag-jennifer-lopez-one-edp","10":"pa_brand-jennifer-lopez","11":"pa_variant-30ml","12":"berocket_brand-jennifer-lopez","14":"first","15":"outofstock","16":"sale","17":"taxable","18":"shipping-taxable","19":"purchasable","20":"product-type-simple"},"_links":{"self":[{"href":"https:\/\/stylingagenten.com\/no\/wp-json\/wp\/v2\/product\/399360","targetHints":{"allow":["GET"]}}],"collection":[{"href":"https:\/\/stylingagenten.com\/no\/wp-json\/wp\/v2\/product"}],"about":[{"href":"https:\/\/stylingagenten.com\/no\/wp-json\/wp\/v2\/types\/product"}],"replies":[{"embeddable":true,"href":"https:\/\/stylingagenten.com\/no\/wp-json\/wp\/v2\/comments?post=399360"}],"version-history":[{"count":0,"href":"https:\/\/stylingagenten.com\/no\/wp-json\/wp\/v2\/product\/399360\/revisions"}],"wp:featuredmedia":[{"embeddable":true,"href":"https:\/\/stylingagenten.com\/no\/wp-json\/wp\/v2\/media\/399356"}],"wp:attachment":[{"href":"https:\/\/stylingagenten.com\/no\/wp-json\/wp\/v2\/media?parent=399360"}],"wp:term":[{"taxonomy":"product_brand","embeddable":true,"href":"https:\/\/stylingagenten.com\/no\/wp-json\/wp\/v2\/product_brand?post=399360"},{"taxonomy":"product_cat","embeddable":true,"href":"https:\/\/stylingagenten.com\/no\/wp-json\/wp\/v2\/product_cat?post=399360"},{"taxonomy":"product_tag","embeddable":true,"href":"https:\/\/stylingagenten.com\/no\/wp-json\/wp\/v2\/product_tag?post=399360"},{"taxonomy":"berocket_brand","embeddable":true,"href":"https:\/\/stylingagenten.com\/no\/wp-json\/wp\/v2\/berocket_brand?post=399360"}],"curies":[{"name":"wp","href":"https:\/\/api.w.org\/{rel}","templated":true}]}}