{"id":399355,"date":"2025-05-18T22:36:08","date_gmt":"2025-05-18T22:36:08","guid":{"rendered":"https:\/\/staging2.stylingagenten.com\/no\/produkt\/escada-santorini-sunrise-edt-30ml\/"},"modified":"2025-11-19T09:26:55","modified_gmt":"2025-11-19T09:26:55","slug":"escada-santorini-sunrise-edt-30ml","status":"publish","type":"product","link":"https:\/\/stylingagenten.com\/no\/produkt\/escada-santorini-sunrise-edt-30ml\/","title":{"rendered":"Escada Santorini Sunrise Edt 30ml"},"content":{"rendered":"<p>Escada Santorini Sunrise 30ml EDT Spray<br \/>Er du klar for en tur til den vakre greske \u00f8ya Santorini?<\/p>\n<p>Dr\u00f8m deg bort til dette hvite og bl\u00e5 paradiset med denne nye kvinneparfymen Escada Santorini Sunrise Eau de Toilette Limited edition . Denne duften \u00e5pner med forfriskende toner av saftig mandarin og bergamotsorbet, fremhevet av str\u00e5lende sjasmin. En fargerik eksplosjon av rosa pepper gj\u00f8r denne friske parfymen ekstra str\u00e5lende og forlokkende.<\/p>\n<p>Escada Santorini Sunrise er en direktebillett til juvelen p\u00e5 de greske \u00f8yene, Santorini, hvor havets dype b\u00f8lger og den feminine bougainvilleaen blomstrer har v\u00e6rt inspirasjonen til den vakre flasken. Kartongen er inspirert av den autentiske greske arkitekturen ved soloppgang.<\/p>\n<p>Designet av parfymer Myl\u00e8ne Alran og Benoist Lapouza, er denne begrensede utgaven av Escada-duften en hyllest til det naturlige Hellas. Myl\u00e8ne Arlan utforsket dype toner med en jordaktig finish, mens Benoist Lapouza brukte ingredienser som fikk ham til \u00e5 f\u00f8le seg n\u00e6rmere naturen. Escada Santorini Sunrise er en helt vegansk parfyme som vil v\u00e6re din mest minneverdige duft denne sommeren, samtidig som du respekterer naturen.<\/p>\n","protected":false},"excerpt":{"rendered":"<p>Escada Santorini Sunrise 30ml EDT SprayEr du klar for en tur til den vakre greske \u00f8ya Santorini? Dr\u00f8m deg bort til dette hvite og bl\u00e5 paradiset med denne nye kvinneparfymen Escada Santorini Sunrise Eau de Toilette Limited edition . Denne duften \u00e5pner med forfriskende toner av saftig mandarin og bergamotsorbet, fremhevet av str\u00e5lende sjasmin. En [&hellip;]<\/p>\n","protected":false},"featured_media":399349,"comment_status":"open","ping_status":"closed","template":"","meta":{"_trash_the_other_posts":false},"product_brand":[],"product_cat":[534],"product_tag":[2888],"berocket_brand":[1306],"class_list":{"0":"post-399355","1":"product","2":"type-product","3":"status-publish","4":"has-post-thumbnail","6":"product_cat-parfyme-dame","7":"product_tag-escada-santorini-sunrise-edt","8":"pa_brand-escada","9":"pa_variant-30ml","10":"berocket_brand-escada","12":"first","13":"outofstock","14":"sale","15":"taxable","16":"shipping-taxable","17":"purchasable","18":"product-type-simple"},"_links":{"self":[{"href":"https:\/\/stylingagenten.com\/no\/wp-json\/wp\/v2\/product\/399355","targetHints":{"allow":["GET"]}}],"collection":[{"href":"https:\/\/stylingagenten.com\/no\/wp-json\/wp\/v2\/product"}],"about":[{"href":"https:\/\/stylingagenten.com\/no\/wp-json\/wp\/v2\/types\/product"}],"replies":[{"embeddable":true,"href":"https:\/\/stylingagenten.com\/no\/wp-json\/wp\/v2\/comments?post=399355"}],"version-history":[{"count":0,"href":"https:\/\/stylingagenten.com\/no\/wp-json\/wp\/v2\/product\/399355\/revisions"}],"wp:featuredmedia":[{"embeddable":true,"href":"https:\/\/stylingagenten.com\/no\/wp-json\/wp\/v2\/media\/399349"}],"wp:attachment":[{"href":"https:\/\/stylingagenten.com\/no\/wp-json\/wp\/v2\/media?parent=399355"}],"wp:term":[{"taxonomy":"product_brand","embeddable":true,"href":"https:\/\/stylingagenten.com\/no\/wp-json\/wp\/v2\/product_brand?post=399355"},{"taxonomy":"product_cat","embeddable":true,"href":"https:\/\/stylingagenten.com\/no\/wp-json\/wp\/v2\/product_cat?post=399355"},{"taxonomy":"product_tag","embeddable":true,"href":"https:\/\/stylingagenten.com\/no\/wp-json\/wp\/v2\/product_tag?post=399355"},{"taxonomy":"berocket_brand","embeddable":true,"href":"https:\/\/stylingagenten.com\/no\/wp-json\/wp\/v2\/berocket_brand?post=399355"}],"curies":[{"name":"wp","href":"https:\/\/api.w.org\/{rel}","templated":true}]}}