{"id":399346,"date":"2025-05-18T22:36:07","date_gmt":"2025-05-18T22:36:07","guid":{"rendered":"https:\/\/staging2.stylingagenten.com\/no\/produkt\/yves-saint-laurent-black-opium-edp-50ml\/"},"modified":"2025-11-19T07:55:42","modified_gmt":"2025-11-19T07:55:42","slug":"yves-saint-laurent-black-opium-edp-50ml","status":"publish","type":"product","link":"https:\/\/stylingagenten.com\/no\/produkt\/yves-saint-laurent-black-opium-edp-50ml\/","title":{"rendered":"Yves Saint Laurent Black Opium Edp 50ml"},"content":{"rendered":"<p>Yves Saint Laurent Black Opium er en rock n `roll tolkning av den klassiske duften Opium som fremhever den mystiske og m\u00f8rke siden av det ikoniske merket Yves Saint Laurent. En vanedannende og floral duft med kaffenoter som tilf\u00f8rer adrenalin, sensuelle sjasminblomster og s\u00f8t, sensuell vanilje.<\/p>\n<p><strong>Duftnoter:<\/strong> rose&eacute;pepper, appelsinblomst, p\u00e6rerogn, kaffe, sjasmin , vanilje, sedertre&auml; &amp; patchouli.<\/p>\n","protected":false},"excerpt":{"rendered":"<p>Yves Saint Laurent Black Opium er en rock n `roll tolkning av den klassiske duften Opium som fremhever den mystiske og m\u00f8rke siden av det ikoniske merket Yves Saint Laurent. En vanedannende og floral duft med kaffenoter som tilf\u00f8rer adrenalin, sensuelle sjasminblomster og s\u00f8t, sensuell vanilje. Duftnoter: rose&eacute;pepper, appelsinblomst, p\u00e6rerogn, kaffe, sjasmin , vanilje, sedertre&auml; [&hellip;]<\/p>\n","protected":false},"featured_media":399342,"comment_status":"open","ping_status":"closed","template":"","meta":{"_trash_the_other_posts":false},"product_brand":[],"product_cat":[706,1006],"product_tag":[4113],"berocket_brand":[1119],"class_list":{"0":"post-399346","1":"product","2":"type-product","3":"status-publish","4":"has-post-thumbnail","6":"product_cat-eau-de-parfum-dame","7":"product_cat-kampanjepris","8":"product_tag-yves-saint-laurent-black-opium-edp","9":"pa_brand-yves-saint-laurent","10":"pa_variant-50ml","11":"berocket_brand-yves-saint-laurent","13":"first","14":"outofstock","15":"sale","16":"taxable","17":"shipping-taxable","18":"purchasable","19":"product-type-simple"},"_links":{"self":[{"href":"https:\/\/stylingagenten.com\/no\/wp-json\/wp\/v2\/product\/399346","targetHints":{"allow":["GET"]}}],"collection":[{"href":"https:\/\/stylingagenten.com\/no\/wp-json\/wp\/v2\/product"}],"about":[{"href":"https:\/\/stylingagenten.com\/no\/wp-json\/wp\/v2\/types\/product"}],"replies":[{"embeddable":true,"href":"https:\/\/stylingagenten.com\/no\/wp-json\/wp\/v2\/comments?post=399346"}],"version-history":[{"count":0,"href":"https:\/\/stylingagenten.com\/no\/wp-json\/wp\/v2\/product\/399346\/revisions"}],"wp:featuredmedia":[{"embeddable":true,"href":"https:\/\/stylingagenten.com\/no\/wp-json\/wp\/v2\/media\/399342"}],"wp:attachment":[{"href":"https:\/\/stylingagenten.com\/no\/wp-json\/wp\/v2\/media?parent=399346"}],"wp:term":[{"taxonomy":"product_brand","embeddable":true,"href":"https:\/\/stylingagenten.com\/no\/wp-json\/wp\/v2\/product_brand?post=399346"},{"taxonomy":"product_cat","embeddable":true,"href":"https:\/\/stylingagenten.com\/no\/wp-json\/wp\/v2\/product_cat?post=399346"},{"taxonomy":"product_tag","embeddable":true,"href":"https:\/\/stylingagenten.com\/no\/wp-json\/wp\/v2\/product_tag?post=399346"},{"taxonomy":"berocket_brand","embeddable":true,"href":"https:\/\/stylingagenten.com\/no\/wp-json\/wp\/v2\/berocket_brand?post=399346"}],"curies":[{"name":"wp","href":"https:\/\/api.w.org\/{rel}","templated":true}]}}