{"id":399338,"date":"2025-05-18T22:36:06","date_gmt":"2025-05-18T22:36:06","guid":{"rendered":"https:\/\/staging2.stylingagenten.com\/no\/produkt\/hugo-boss-the-scent-for-her-le-parfum-50-ml\/"},"modified":"2026-04-06T13:08:38","modified_gmt":"2026-04-06T13:08:38","slug":"hugo-boss-the-scent-for-her-le-parfum-50-ml","status":"publish","type":"product","link":"https:\/\/stylingagenten.com\/no\/produkt\/hugo-boss-the-scent-for-her-le-parfum-50-ml\/","title":{"rendered":"Hugo Boss The Scent for Her Le Parfum 50 ml"},"content":{"rendered":"<p>Hugo Boss The Scent Le Parfum for Her 50 ml<br \/>F\u00f8l appellen til BOSS The Scent Le Parfum for Her. Denne intense tolkningen av den ikoniske BOSS The Scent for kvinner vekker sansene med noter av appelsinblomst og vetiver som gir duften en hypnotisk appell. &#8211; Krydret toppnoter av rosa pepper er vakkert kontrastert av appelsinblomst i hjertenoten. Varm vetiver smelter sammen med luftig akigalatre i basisnoten, og forsterker duftens sensualitet. -Den juvelformede flasken er pyntet med plommefarget lakk, og den glitrende hetten har en vakker rosa gullfinish som fullf\u00f8rer stilen. BOSS The Scent Le Parfum for Her presenteres i en m\u00f8rk plommefarget boks &#8211; en intens duft som gir forf\u00f8relse en helt ny dimensjon.-Duftfamilie: Ambery &#8211; Floral &#8211; Woody Hjertenoter: Appelsinblomst Basenoter: Vetiver, Akigalawood<\/p>\n","protected":false},"excerpt":{"rendered":"<p>Hugo Boss The Scent Le Parfum for Her 50 mlF\u00f8l appellen til BOSS The Scent Le Parfum for Her. Denne intense tolkningen av den ikoniske BOSS The Scent for kvinner vekker sansene med noter av appelsinblomst og vetiver som gir duften en hypnotisk appell. &#8211; Krydret toppnoter av rosa pepper er vakkert kontrastert av appelsinblomst [&hellip;]<\/p>\n","protected":false},"featured_media":399331,"comment_status":"open","ping_status":"closed","template":"","meta":{"_trash_the_other_posts":false},"product_brand":[],"product_cat":[706,735,999,534],"product_tag":[],"berocket_brand":[1339],"class_list":{"0":"post-399338","1":"product","2":"type-product","3":"status-publish","4":"has-post-thumbnail","6":"product_cat-eau-de-parfum-dame","7":"product_cat-kampanje","8":"product_cat-kampanjetilbud-for-henne","9":"product_cat-parfyme-dame","10":"pa_brand-hugo-boss","11":"berocket_brand-hugo-boss","13":"first","14":"instock","15":"sale","16":"taxable","17":"shipping-taxable","18":"purchasable","19":"product-type-simple"},"_links":{"self":[{"href":"https:\/\/stylingagenten.com\/no\/wp-json\/wp\/v2\/product\/399338","targetHints":{"allow":["GET"]}}],"collection":[{"href":"https:\/\/stylingagenten.com\/no\/wp-json\/wp\/v2\/product"}],"about":[{"href":"https:\/\/stylingagenten.com\/no\/wp-json\/wp\/v2\/types\/product"}],"replies":[{"embeddable":true,"href":"https:\/\/stylingagenten.com\/no\/wp-json\/wp\/v2\/comments?post=399338"}],"version-history":[{"count":0,"href":"https:\/\/stylingagenten.com\/no\/wp-json\/wp\/v2\/product\/399338\/revisions"}],"wp:featuredmedia":[{"embeddable":true,"href":"https:\/\/stylingagenten.com\/no\/wp-json\/wp\/v2\/media\/399331"}],"wp:attachment":[{"href":"https:\/\/stylingagenten.com\/no\/wp-json\/wp\/v2\/media?parent=399338"}],"wp:term":[{"taxonomy":"product_brand","embeddable":true,"href":"https:\/\/stylingagenten.com\/no\/wp-json\/wp\/v2\/product_brand?post=399338"},{"taxonomy":"product_cat","embeddable":true,"href":"https:\/\/stylingagenten.com\/no\/wp-json\/wp\/v2\/product_cat?post=399338"},{"taxonomy":"product_tag","embeddable":true,"href":"https:\/\/stylingagenten.com\/no\/wp-json\/wp\/v2\/product_tag?post=399338"},{"taxonomy":"berocket_brand","embeddable":true,"href":"https:\/\/stylingagenten.com\/no\/wp-json\/wp\/v2\/berocket_brand?post=399338"}],"curies":[{"name":"wp","href":"https:\/\/api.w.org\/{rel}","templated":true}]}}