{"id":399305,"date":"2025-05-18T22:36:01","date_gmt":"2025-05-18T22:36:01","guid":{"rendered":"https:\/\/staging2.stylingagenten.com\/no\/produkt\/escada-show-me-love-edp-100ml\/"},"modified":"2026-03-11T21:59:32","modified_gmt":"2026-03-11T21:59:32","slug":"escada-show-me-love-edp-100ml","status":"publish","type":"product","link":"https:\/\/stylingagenten.com\/no\/produkt\/escada-show-me-love-edp-100ml\/","title":{"rendered":"Escada Show Me Love Edp 100ml"},"content":{"rendered":"<p>Escada Show Me Love Edp 100ml<br \/>Det er en ny Broadway-favoritt i byen som stjeler showet. Denne vinteren introduserer ESCADA et nytt hjerte til kolleksjonen: Show Me Love er den f\u00f8rste Escada-parfymen som f\u00e5r deg til \u00e5 leve livet ditt som en stjerne.<br \/>&#8211;<br \/>Show Me Love er en parfyme for den selvsikre kvinnen med det ultimate blandingen av sensualitet og appetitt p\u00e5 livet. Saftige toner av bl\u00e5b\u00e6r blandes med sensuell sjasmin og uts\u00f8kte toner av bl\u00e5b\u00e6rmacarons avrunder duften med en herlig s\u00f8dme. Show Me Love er en vegansk blomsterparfyme som gjenspeiler ESCADAs id\u00e9 om \u00e5 skape moderne dufter som blir stadig mer milj\u00f8vennlige.<\/p>\n","protected":false},"excerpt":{"rendered":"<p>Escada Show Me Love Edp 100mlDet er en ny Broadway-favoritt i byen som stjeler showet. Denne vinteren introduserer ESCADA et nytt hjerte til kolleksjonen: Show Me Love er den f\u00f8rste Escada-parfymen som f\u00e5r deg til \u00e5 leve livet ditt som en stjerne.&#8211;Show Me Love er en parfyme for den selvsikre kvinnen med det ultimate blandingen [&hellip;]<\/p>\n","protected":false},"featured_media":399296,"comment_status":"open","ping_status":"closed","template":"","meta":{"_trash_the_other_posts":false},"product_brand":[],"product_cat":[735,1006,999,534],"product_tag":[2889],"berocket_brand":[1306],"class_list":{"0":"post-399305","1":"product","2":"type-product","3":"status-publish","4":"has-post-thumbnail","6":"product_cat-kampanje","7":"product_cat-kampanjepris","8":"product_cat-kampanjetilbud-for-henne","9":"product_cat-parfyme-dame","10":"product_tag-escada-show-me-love-edp","11":"pa_brand-escada","12":"pa_variant-100ml","13":"berocket_brand-escada","15":"first","16":"instock","17":"sale","18":"taxable","19":"shipping-taxable","20":"purchasable","21":"product-type-simple"},"_links":{"self":[{"href":"https:\/\/stylingagenten.com\/no\/wp-json\/wp\/v2\/product\/399305","targetHints":{"allow":["GET"]}}],"collection":[{"href":"https:\/\/stylingagenten.com\/no\/wp-json\/wp\/v2\/product"}],"about":[{"href":"https:\/\/stylingagenten.com\/no\/wp-json\/wp\/v2\/types\/product"}],"replies":[{"embeddable":true,"href":"https:\/\/stylingagenten.com\/no\/wp-json\/wp\/v2\/comments?post=399305"}],"version-history":[{"count":0,"href":"https:\/\/stylingagenten.com\/no\/wp-json\/wp\/v2\/product\/399305\/revisions"}],"wp:featuredmedia":[{"embeddable":true,"href":"https:\/\/stylingagenten.com\/no\/wp-json\/wp\/v2\/media\/399296"}],"wp:attachment":[{"href":"https:\/\/stylingagenten.com\/no\/wp-json\/wp\/v2\/media?parent=399305"}],"wp:term":[{"taxonomy":"product_brand","embeddable":true,"href":"https:\/\/stylingagenten.com\/no\/wp-json\/wp\/v2\/product_brand?post=399305"},{"taxonomy":"product_cat","embeddable":true,"href":"https:\/\/stylingagenten.com\/no\/wp-json\/wp\/v2\/product_cat?post=399305"},{"taxonomy":"product_tag","embeddable":true,"href":"https:\/\/stylingagenten.com\/no\/wp-json\/wp\/v2\/product_tag?post=399305"},{"taxonomy":"berocket_brand","embeddable":true,"href":"https:\/\/stylingagenten.com\/no\/wp-json\/wp\/v2\/berocket_brand?post=399305"}],"curies":[{"name":"wp","href":"https:\/\/api.w.org\/{rel}","templated":true}]}}