{"id":399294,"date":"2025-05-18T22:35:59","date_gmt":"2025-05-18T22:35:59","guid":{"rendered":"https:\/\/staging2.stylingagenten.com\/no\/produkt\/armani-my-way-edp-15ml\/"},"modified":"2025-11-19T09:30:24","modified_gmt":"2025-11-19T09:30:24","slug":"armani-my-way-edp-15ml","status":"publish","type":"product","link":"https:\/\/stylingagenten.com\/no\/produkt\/armani-my-way-edp-15ml\/","title":{"rendered":"Armani My Way Edp 15ml"},"content":{"rendered":"<p>My Way er duften av oppdagelse og forbindelse for en \u00e5pensinnet, nysgjerrig og ekte kvinne klar for nye perspektiver og m\u00f8ter med mennesker rundt om i verden. Denne feminine duften er sammensatt av b\u00e6rekraftig produserte ingredienser. Italiensk bergamot m\u00f8ter egyptisk appelsinblomst i en sprudlende \u00e5pning av duften. Hjertet best\u00e5r av en klar, lys blomsterbukett av tuberose og sjasmin fra India. Duften avrundes deretter med toner av levende sedertre fra Virginia sammen med sensuell vanilje fra Madagaskar og hvit musk.<\/p>\n","protected":false},"excerpt":{"rendered":"<p>My Way er duften av oppdagelse og forbindelse for en \u00e5pensinnet, nysgjerrig og ekte kvinne klar for nye perspektiver og m\u00f8ter med mennesker rundt om i verden. Denne feminine duften er sammensatt av b\u00e6rekraftig produserte ingredienser. Italiensk bergamot m\u00f8ter egyptisk appelsinblomst i en sprudlende \u00e5pning av duften. Hjertet best\u00e5r av en klar, lys blomsterbukett av [&hellip;]<\/p>\n","protected":false},"featured_media":399286,"comment_status":"open","ping_status":"closed","template":"","meta":{"_trash_the_other_posts":false},"product_brand":[],"product_cat":[706,534],"product_tag":[],"berocket_brand":[1038],"class_list":{"0":"post-399294","1":"product","2":"type-product","3":"status-publish","4":"has-post-thumbnail","6":"product_cat-eau-de-parfum-dame","7":"product_cat-parfyme-dame","8":"pa_brand-armani","9":"berocket_brand-armani","11":"first","12":"outofstock","13":"sale","14":"taxable","15":"shipping-taxable","16":"purchasable","17":"product-type-simple"},"_links":{"self":[{"href":"https:\/\/stylingagenten.com\/no\/wp-json\/wp\/v2\/product\/399294","targetHints":{"allow":["GET"]}}],"collection":[{"href":"https:\/\/stylingagenten.com\/no\/wp-json\/wp\/v2\/product"}],"about":[{"href":"https:\/\/stylingagenten.com\/no\/wp-json\/wp\/v2\/types\/product"}],"replies":[{"embeddable":true,"href":"https:\/\/stylingagenten.com\/no\/wp-json\/wp\/v2\/comments?post=399294"}],"version-history":[{"count":0,"href":"https:\/\/stylingagenten.com\/no\/wp-json\/wp\/v2\/product\/399294\/revisions"}],"wp:featuredmedia":[{"embeddable":true,"href":"https:\/\/stylingagenten.com\/no\/wp-json\/wp\/v2\/media\/399286"}],"wp:attachment":[{"href":"https:\/\/stylingagenten.com\/no\/wp-json\/wp\/v2\/media?parent=399294"}],"wp:term":[{"taxonomy":"product_brand","embeddable":true,"href":"https:\/\/stylingagenten.com\/no\/wp-json\/wp\/v2\/product_brand?post=399294"},{"taxonomy":"product_cat","embeddable":true,"href":"https:\/\/stylingagenten.com\/no\/wp-json\/wp\/v2\/product_cat?post=399294"},{"taxonomy":"product_tag","embeddable":true,"href":"https:\/\/stylingagenten.com\/no\/wp-json\/wp\/v2\/product_tag?post=399294"},{"taxonomy":"berocket_brand","embeddable":true,"href":"https:\/\/stylingagenten.com\/no\/wp-json\/wp\/v2\/berocket_brand?post=399294"}],"curies":[{"name":"wp","href":"https:\/\/api.w.org\/{rel}","templated":true}]}}