{"id":399269,"date":"2025-05-18T22:35:55","date_gmt":"2025-05-18T22:35:55","guid":{"rendered":"https:\/\/staging2.stylingagenten.com\/no\/produkt\/sisley-leau-revee-dikar-edt-50ml\/"},"modified":"2026-03-11T22:01:21","modified_gmt":"2026-03-11T22:01:21","slug":"sisley-leau-revee-dikar-edt-50ml","status":"publish","type":"product","link":"https:\/\/stylingagenten.com\/no\/produkt\/sisley-leau-revee-dikar-edt-50ml\/","title":{"rendered":"Sisley L&#8217;eau Revee d&#8217;Ikar Edt 50ml"},"content":{"rendered":"<p>Sisley L&#8217;eau Revee d&#8217;Ikar Edt 50ml<br \/>Dr\u00f8mmer n\u00e6rer v\u00e5r kreativitet og inspirerer oss gjennom bilder, minner og f\u00f8lelser. Eaux R\u00eav\u00e9es uttrykker dette fantasifulle stedet hvor inspirasjoner kolliderer, forenes og smelter sammen \u2013 akkurat som de forskjellige generasjonene av d&#8217;Ornano-familien, skaperne av Sisley, inspirerer hverandre.<\/p>\n<p>EN MASTIX INNE OG UTE<br \/>\u2013 Den vakreste stjernen ble hans undergang, skrev poeten Phillippe Desportes i en tekst inspirert av myten om Ikaros. Fri og eventyrlysten, Eau R\u00eav\u00e9e d&#8217;Ikar (oppkalt etter Ikaros) henter sin inspirasjon fra den skarpe solen og det sunne og stolte landskapet p\u00e5 Korsika \u2013 et av stedene d&#8217;Ornano-familien kaller hjem. Essensen av den gr\u00f8nne, luftige og harpiksproduserende buskmastixen kombineres med jordaktig vetiver for \u00e5 skape varme og uventede aspekter. En kraftig og forf\u00f8rende duft.<\/p>\n","protected":false},"excerpt":{"rendered":"<p>Sisley L&#8217;eau Revee d&#8217;Ikar Edt 50mlDr\u00f8mmer n\u00e6rer v\u00e5r kreativitet og inspirerer oss gjennom bilder, minner og f\u00f8lelser. Eaux R\u00eav\u00e9es uttrykker dette fantasifulle stedet hvor inspirasjoner kolliderer, forenes og smelter sammen \u2013 akkurat som de forskjellige generasjonene av d&#8217;Ornano-familien, skaperne av Sisley, inspirerer hverandre. EN MASTIX INNE OG UTE\u2013 Den vakreste stjernen ble hans undergang, skrev [&hellip;]<\/p>\n","protected":false},"featured_media":399262,"comment_status":"open","ping_status":"closed","template":"","meta":{"_trash_the_other_posts":false},"product_brand":[],"product_cat":[707,735,1006,999],"product_tag":[],"berocket_brand":[1195],"class_list":{"0":"post-399269","1":"product","2":"type-product","3":"status-publish","4":"has-post-thumbnail","6":"product_cat-eau-de-toilette-dame","7":"product_cat-kampanje","8":"product_cat-kampanjepris","9":"product_cat-kampanjetilbud-for-henne","10":"pa_brand-sisley","11":"berocket_brand-sisley","13":"first","14":"instock","15":"sale","16":"taxable","17":"shipping-taxable","18":"purchasable","19":"product-type-simple"},"_links":{"self":[{"href":"https:\/\/stylingagenten.com\/no\/wp-json\/wp\/v2\/product\/399269","targetHints":{"allow":["GET"]}}],"collection":[{"href":"https:\/\/stylingagenten.com\/no\/wp-json\/wp\/v2\/product"}],"about":[{"href":"https:\/\/stylingagenten.com\/no\/wp-json\/wp\/v2\/types\/product"}],"replies":[{"embeddable":true,"href":"https:\/\/stylingagenten.com\/no\/wp-json\/wp\/v2\/comments?post=399269"}],"version-history":[{"count":0,"href":"https:\/\/stylingagenten.com\/no\/wp-json\/wp\/v2\/product\/399269\/revisions"}],"wp:featuredmedia":[{"embeddable":true,"href":"https:\/\/stylingagenten.com\/no\/wp-json\/wp\/v2\/media\/399262"}],"wp:attachment":[{"href":"https:\/\/stylingagenten.com\/no\/wp-json\/wp\/v2\/media?parent=399269"}],"wp:term":[{"taxonomy":"product_brand","embeddable":true,"href":"https:\/\/stylingagenten.com\/no\/wp-json\/wp\/v2\/product_brand?post=399269"},{"taxonomy":"product_cat","embeddable":true,"href":"https:\/\/stylingagenten.com\/no\/wp-json\/wp\/v2\/product_cat?post=399269"},{"taxonomy":"product_tag","embeddable":true,"href":"https:\/\/stylingagenten.com\/no\/wp-json\/wp\/v2\/product_tag?post=399269"},{"taxonomy":"berocket_brand","embeddable":true,"href":"https:\/\/stylingagenten.com\/no\/wp-json\/wp\/v2\/berocket_brand?post=399269"}],"curies":[{"name":"wp","href":"https:\/\/api.w.org\/{rel}","templated":true}]}}