{"id":399255,"date":"2025-05-18T22:35:53","date_gmt":"2025-05-18T22:35:53","guid":{"rendered":"https:\/\/staging2.stylingagenten.com\/no\/produkt\/sisley-leau-revee-disa-edt-50ml\/"},"modified":"2026-03-11T22:01:20","modified_gmt":"2026-03-11T22:01:20","slug":"sisley-leau-revee-disa-edt-50ml","status":"publish","type":"product","link":"https:\/\/stylingagenten.com\/no\/produkt\/sisley-leau-revee-disa-edt-50ml\/","title":{"rendered":"Sisley L&#8217;eau Revee d&#8217;Isa Edt 50ml"},"content":{"rendered":"<p>Sisley L&#8217;eau Revee d&#8217;Isa Edt 50ml<br \/>Dr\u00f8mmer n\u00e6rer v\u00e5r kreativitet og inspirerer oss gjennom bilder, minner og f\u00f8lelser. Eaux R\u00eav\u00e9es uttrykker dette fantasifulle stedet hvor inspirasjoner kolliderer, forenes og smelter sammen &#8211; akkurat som de forskjellige generasjonene av d&#8217;Ornano-familien, skaperne av Sisley, inspirerer hverandre.<br \/>Denne kolleksjonen best\u00e5r av seks forskjellige dufter, med duftkoder som har en perfekt ambivalent natur.<br \/>NYBRUKT JASMINE, FULL AV SOL<br \/>Eau R\u00eav\u00e9e d&#8217;Isa har dybden og lettheten til en forf\u00f8rende dr\u00f8m. Full av kontraster bringer den sammen en mirakul\u00f8s kombinasjon av essenser og alkymi som b\u00e5de f\u00f8les opplagt og likevel klarer \u00e5 overraske. Denne duften kombinerer det maskuline med det feminine og har vitaliteten til en hvit blomst blandet med intense krydder.<\/p>\n","protected":false},"excerpt":{"rendered":"<p>Sisley L&#8217;eau Revee d&#8217;Isa Edt 50mlDr\u00f8mmer n\u00e6rer v\u00e5r kreativitet og inspirerer oss gjennom bilder, minner og f\u00f8lelser. Eaux R\u00eav\u00e9es uttrykker dette fantasifulle stedet hvor inspirasjoner kolliderer, forenes og smelter sammen &#8211; akkurat som de forskjellige generasjonene av d&#8217;Ornano-familien, skaperne av Sisley, inspirerer hverandre.Denne kolleksjonen best\u00e5r av seks forskjellige dufter, med duftkoder som har en perfekt [&hellip;]<\/p>\n","protected":false},"featured_media":399247,"comment_status":"open","ping_status":"closed","template":"","meta":{"_trash_the_other_posts":false},"product_brand":[],"product_cat":[707,735,1006,999],"product_tag":[],"berocket_brand":[1195],"class_list":{"0":"post-399255","1":"product","2":"type-product","3":"status-publish","4":"has-post-thumbnail","6":"product_cat-eau-de-toilette-dame","7":"product_cat-kampanje","8":"product_cat-kampanjepris","9":"product_cat-kampanjetilbud-for-henne","10":"pa_brand-sisley","11":"berocket_brand-sisley","13":"first","14":"instock","15":"sale","16":"taxable","17":"shipping-taxable","18":"purchasable","19":"product-type-simple"},"_links":{"self":[{"href":"https:\/\/stylingagenten.com\/no\/wp-json\/wp\/v2\/product\/399255","targetHints":{"allow":["GET"]}}],"collection":[{"href":"https:\/\/stylingagenten.com\/no\/wp-json\/wp\/v2\/product"}],"about":[{"href":"https:\/\/stylingagenten.com\/no\/wp-json\/wp\/v2\/types\/product"}],"replies":[{"embeddable":true,"href":"https:\/\/stylingagenten.com\/no\/wp-json\/wp\/v2\/comments?post=399255"}],"version-history":[{"count":0,"href":"https:\/\/stylingagenten.com\/no\/wp-json\/wp\/v2\/product\/399255\/revisions"}],"wp:featuredmedia":[{"embeddable":true,"href":"https:\/\/stylingagenten.com\/no\/wp-json\/wp\/v2\/media\/399247"}],"wp:attachment":[{"href":"https:\/\/stylingagenten.com\/no\/wp-json\/wp\/v2\/media?parent=399255"}],"wp:term":[{"taxonomy":"product_brand","embeddable":true,"href":"https:\/\/stylingagenten.com\/no\/wp-json\/wp\/v2\/product_brand?post=399255"},{"taxonomy":"product_cat","embeddable":true,"href":"https:\/\/stylingagenten.com\/no\/wp-json\/wp\/v2\/product_cat?post=399255"},{"taxonomy":"product_tag","embeddable":true,"href":"https:\/\/stylingagenten.com\/no\/wp-json\/wp\/v2\/product_tag?post=399255"},{"taxonomy":"berocket_brand","embeddable":true,"href":"https:\/\/stylingagenten.com\/no\/wp-json\/wp\/v2\/berocket_brand?post=399255"}],"curies":[{"name":"wp","href":"https:\/\/api.w.org\/{rel}","templated":true}]}}