{"id":399191,"date":"2025-05-18T22:35:43","date_gmt":"2025-05-18T22:35:43","guid":{"rendered":"https:\/\/staging2.stylingagenten.com\/no\/produkt\/marc-jacobs-daisy-eau-so-fresh-edt-30ml\/"},"modified":"2026-03-31T19:48:42","modified_gmt":"2026-03-31T19:48:42","slug":"marc-jacobs-daisy-eau-so-fresh-edt-30ml","status":"publish","type":"product","link":"https:\/\/stylingagenten.com\/no\/produkt\/marc-jacobs-daisy-eau-so-fresh-edt-30ml\/","title":{"rendered":"Marc Jacobs Daisy Eau So Fresh Edt 30ml"},"content":{"rendered":"<p>Med en varm, glitrende energi formidler Daisy Eau So Fresh en sofistikert, men likevel leken f\u00f8lelse. Det er en lett versjon av den originale Daisy Eau De Toilette som vekker alle sanser med en klar, elegant og personlig sjarm. Akkurat som personen som b\u00e6rer den, inspirerer Daisy Eau So Fresh til \u00e5 v\u00e6re modig, feminin og nysgjerrig p\u00e5 livet. Deilige duftnoter i toppnoter av bringeb\u00e6r og grapefrukt m\u00f8ter kontraster i form av villrose og musk i hjertet av duften. I basen hviler varme plommer og sedertre.<\/p>\n","protected":false},"excerpt":{"rendered":"<p>Med en varm, glitrende energi formidler Daisy Eau So Fresh en sofistikert, men likevel leken f\u00f8lelse. Det er en lett versjon av den originale Daisy Eau De Toilette som vekker alle sanser med en klar, elegant og personlig sjarm. Akkurat som personen som b\u00e6rer den, inspirerer Daisy Eau So Fresh til \u00e5 v\u00e6re modig, feminin [&hellip;]<\/p>\n","protected":false},"featured_media":399169,"comment_status":"open","ping_status":"closed","template":"","meta":{"_trash_the_other_posts":false},"product_brand":[],"product_cat":[707,1006],"product_tag":[3376],"berocket_brand":[1069],"class_list":{"0":"post-399191","1":"product","2":"type-product","3":"status-publish","4":"has-post-thumbnail","6":"product_cat-eau-de-toilette-dame","7":"product_cat-kampanjepris","8":"product_tag-marc-jacobs-daisy-eau-so-fresh-edt","9":"pa_brand-marc-jacobs","10":"pa_variant-30ml","11":"berocket_brand-marc-jacobs","13":"first","14":"instock","15":"sale","16":"taxable","17":"shipping-taxable","18":"purchasable","19":"product-type-simple"},"_links":{"self":[{"href":"https:\/\/stylingagenten.com\/no\/wp-json\/wp\/v2\/product\/399191","targetHints":{"allow":["GET"]}}],"collection":[{"href":"https:\/\/stylingagenten.com\/no\/wp-json\/wp\/v2\/product"}],"about":[{"href":"https:\/\/stylingagenten.com\/no\/wp-json\/wp\/v2\/types\/product"}],"replies":[{"embeddable":true,"href":"https:\/\/stylingagenten.com\/no\/wp-json\/wp\/v2\/comments?post=399191"}],"version-history":[{"count":0,"href":"https:\/\/stylingagenten.com\/no\/wp-json\/wp\/v2\/product\/399191\/revisions"}],"wp:featuredmedia":[{"embeddable":true,"href":"https:\/\/stylingagenten.com\/no\/wp-json\/wp\/v2\/media\/399169"}],"wp:attachment":[{"href":"https:\/\/stylingagenten.com\/no\/wp-json\/wp\/v2\/media?parent=399191"}],"wp:term":[{"taxonomy":"product_brand","embeddable":true,"href":"https:\/\/stylingagenten.com\/no\/wp-json\/wp\/v2\/product_brand?post=399191"},{"taxonomy":"product_cat","embeddable":true,"href":"https:\/\/stylingagenten.com\/no\/wp-json\/wp\/v2\/product_cat?post=399191"},{"taxonomy":"product_tag","embeddable":true,"href":"https:\/\/stylingagenten.com\/no\/wp-json\/wp\/v2\/product_tag?post=399191"},{"taxonomy":"berocket_brand","embeddable":true,"href":"https:\/\/stylingagenten.com\/no\/wp-json\/wp\/v2\/berocket_brand?post=399191"}],"curies":[{"name":"wp","href":"https:\/\/api.w.org\/{rel}","templated":true}]}}