{"id":399128,"date":"2025-05-18T22:35:35","date_gmt":"2025-05-18T22:35:35","guid":{"rendered":"https:\/\/staging2.stylingagenten.com\/no\/produkt\/elizabeth-arden-green-tea-lychee-lime-edt-100ml\/"},"modified":"2026-03-28T10:58:35","modified_gmt":"2026-03-28T10:58:35","slug":"elizabeth-arden-green-tea-lychee-lime-edt-100ml","status":"publish","type":"product","link":"https:\/\/stylingagenten.com\/no\/produkt\/elizabeth-arden-green-tea-lychee-lime-edt-100ml\/","title":{"rendered":"Elizabeth Arden Green Tea Lychee Lime Edt 100ml"},"content":{"rendered":"<p>Green Tea Lychee Lime er en oppl\u00f8ftende eau de toilette som vekker sansene til live og setter et smil p\u00e5 ansiktet ditt. Med en spray vil du f\u00f8le en sprudlende, livlig og frisk parfyme som ikke kan motst\u00e5. Green Tea Lychee finnes i Elizabeth Arden-parfymeserien for kvinner, og med sine rene duftnoter er det bare fantasien som setter grenser n\u00e5r du bruker den. En frisk kvinneparfyme med en fantastisk velkomst hvor du vil virke forfriskende.<\/p>\n<p>Duften \u00e5pner med forfriskende toner av litchi, italiensk bergamott og sitrus. I hjertet er egyptisk geranium, vannliljeakkord og magnolia. I motsetning til duftens blomsterhjerte sprer en ro i basen med Litchi Flash Delight Base, Mate Absolute og Green Tea accord.<\/p>\n<p>Duftfamilie: Fruity-Fresh<br \/>Toppnote: Litchi, Bergamot , Sitrus<br \/>Hjertenote: Egyptisk Geranium, Vannliljeakkord, Magnolia<br \/>Basenote: Lychee Flash Delight Base, Mate Absolute, Green Tea DNA<\/p>\n","protected":false},"excerpt":{"rendered":"<p>Green Tea Lychee Lime er en oppl\u00f8ftende eau de toilette som vekker sansene til live og setter et smil p\u00e5 ansiktet ditt. Med en spray vil du f\u00f8le en sprudlende, livlig og frisk parfyme som ikke kan motst\u00e5. Green Tea Lychee finnes i Elizabeth Arden-parfymeserien for kvinner, og med sine rene duftnoter er det bare [&hellip;]<\/p>\n","protected":false},"featured_media":399098,"comment_status":"open","ping_status":"closed","template":"","meta":{"_trash_the_other_posts":false},"product_brand":[],"product_cat":[1003,707,735,999],"product_tag":[],"berocket_brand":[1303],"class_list":{"0":"post-399128","1":"product","2":"type-product","3":"status-publish","4":"has-post-thumbnail","6":"product_cat-bestselgere","7":"product_cat-eau-de-toilette-dame","8":"product_cat-kampanje","9":"product_cat-kampanjetilbud-for-henne","10":"pa_brand-elizabeth-arden","11":"berocket_brand-elizabeth-arden","13":"first","14":"outofstock","15":"sale","16":"taxable","17":"shipping-taxable","18":"purchasable","19":"product-type-simple"},"_links":{"self":[{"href":"https:\/\/stylingagenten.com\/no\/wp-json\/wp\/v2\/product\/399128","targetHints":{"allow":["GET"]}}],"collection":[{"href":"https:\/\/stylingagenten.com\/no\/wp-json\/wp\/v2\/product"}],"about":[{"href":"https:\/\/stylingagenten.com\/no\/wp-json\/wp\/v2\/types\/product"}],"replies":[{"embeddable":true,"href":"https:\/\/stylingagenten.com\/no\/wp-json\/wp\/v2\/comments?post=399128"}],"version-history":[{"count":0,"href":"https:\/\/stylingagenten.com\/no\/wp-json\/wp\/v2\/product\/399128\/revisions"}],"wp:featuredmedia":[{"embeddable":true,"href":"https:\/\/stylingagenten.com\/no\/wp-json\/wp\/v2\/media\/399098"}],"wp:attachment":[{"href":"https:\/\/stylingagenten.com\/no\/wp-json\/wp\/v2\/media?parent=399128"}],"wp:term":[{"taxonomy":"product_brand","embeddable":true,"href":"https:\/\/stylingagenten.com\/no\/wp-json\/wp\/v2\/product_brand?post=399128"},{"taxonomy":"product_cat","embeddable":true,"href":"https:\/\/stylingagenten.com\/no\/wp-json\/wp\/v2\/product_cat?post=399128"},{"taxonomy":"product_tag","embeddable":true,"href":"https:\/\/stylingagenten.com\/no\/wp-json\/wp\/v2\/product_tag?post=399128"},{"taxonomy":"berocket_brand","embeddable":true,"href":"https:\/\/stylingagenten.com\/no\/wp-json\/wp\/v2\/berocket_brand?post=399128"}],"curies":[{"name":"wp","href":"https:\/\/api.w.org\/{rel}","templated":true}]}}