{"id":399081,"date":"2025-05-18T22:35:29","date_gmt":"2025-05-18T22:35:29","guid":{"rendered":"https:\/\/staging2.stylingagenten.com\/no\/produkt\/juicy-couture-viva-la-juicy-noir-edp-30ml\/"},"modified":"2025-11-19T07:56:26","modified_gmt":"2025-11-19T07:56:26","slug":"juicy-couture-viva-la-juicy-noir-edp-30ml","status":"publish","type":"product","link":"https:\/\/stylingagenten.com\/no\/produkt\/juicy-couture-viva-la-juicy-noir-edp-30ml\/","title":{"rendered":"Juicy Couture Viva La Juicy Noir Edp 30ml"},"content":{"rendered":"<p>Juicy Couture Viva La Juicy Noir Edp er en m\u00f8rk og forlokkende tolkning av den glitrende originalen, Viva La Juicy.<\/p>\n<p>Duftnoter: ville b\u00e6r, mandarin, jordb\u00e6r, honningmelon, gardenia, sjasmin, rav, karamell, vanilje og sandeltre.<\/p>\n","protected":false},"excerpt":{"rendered":"<p>Juicy Couture Viva La Juicy Noir Edp er en m\u00f8rk og forlokkende tolkning av den glitrende originalen, Viva La Juicy. Duftnoter: ville b\u00e6r, mandarin, jordb\u00e6r, honningmelon, gardenia, sjasmin, rav, karamell, vanilje og sandeltre.<\/p>\n","protected":false},"featured_media":399070,"comment_status":"open","ping_status":"closed","template":"","meta":{"_trash_the_other_posts":false},"product_brand":[],"product_cat":[706,918],"product_tag":[3087],"berocket_brand":[1067],"class_list":{"0":"post-399081","1":"product","2":"type-product","3":"status-publish","4":"has-post-thumbnail","6":"product_cat-eau-de-parfum-dame","7":"product_cat-juicy-couture-viva-la-juicy","8":"product_tag-juicy-couture-viva-la-juicy-noir-edp","9":"pa_brand-juicy-couture","10":"pa_variant-30ml","11":"berocket_brand-juicy-couture","13":"first","14":"outofstock","15":"sale","16":"taxable","17":"shipping-taxable","18":"purchasable","19":"product-type-simple"},"_links":{"self":[{"href":"https:\/\/stylingagenten.com\/no\/wp-json\/wp\/v2\/product\/399081","targetHints":{"allow":["GET"]}}],"collection":[{"href":"https:\/\/stylingagenten.com\/no\/wp-json\/wp\/v2\/product"}],"about":[{"href":"https:\/\/stylingagenten.com\/no\/wp-json\/wp\/v2\/types\/product"}],"replies":[{"embeddable":true,"href":"https:\/\/stylingagenten.com\/no\/wp-json\/wp\/v2\/comments?post=399081"}],"version-history":[{"count":0,"href":"https:\/\/stylingagenten.com\/no\/wp-json\/wp\/v2\/product\/399081\/revisions"}],"wp:featuredmedia":[{"embeddable":true,"href":"https:\/\/stylingagenten.com\/no\/wp-json\/wp\/v2\/media\/399070"}],"wp:attachment":[{"href":"https:\/\/stylingagenten.com\/no\/wp-json\/wp\/v2\/media?parent=399081"}],"wp:term":[{"taxonomy":"product_brand","embeddable":true,"href":"https:\/\/stylingagenten.com\/no\/wp-json\/wp\/v2\/product_brand?post=399081"},{"taxonomy":"product_cat","embeddable":true,"href":"https:\/\/stylingagenten.com\/no\/wp-json\/wp\/v2\/product_cat?post=399081"},{"taxonomy":"product_tag","embeddable":true,"href":"https:\/\/stylingagenten.com\/no\/wp-json\/wp\/v2\/product_tag?post=399081"},{"taxonomy":"berocket_brand","embeddable":true,"href":"https:\/\/stylingagenten.com\/no\/wp-json\/wp\/v2\/berocket_brand?post=399081"}],"curies":[{"name":"wp","href":"https:\/\/api.w.org\/{rel}","templated":true}]}}