{"id":399063,"date":"2025-05-18T22:35:25","date_gmt":"2025-05-18T22:35:25","guid":{"rendered":"https:\/\/staging2.stylingagenten.com\/no\/produkt\/paco-rabanne-olympea-blossom-edp-30ml\/"},"modified":"2026-03-11T22:00:00","modified_gmt":"2026-03-11T22:00:00","slug":"paco-rabanne-olympea-blossom-edp-30ml","status":"publish","type":"product","link":"https:\/\/stylingagenten.com\/no\/produkt\/paco-rabanne-olympea-blossom-edp-30ml\/","title":{"rendered":"Paco Rabanne Olympea Blossom Edp 30ml"},"content":{"rendered":"<p>Paco Rabanne introduserer en ny opplevelse av femininitet med Olymp\u00e9a Blossom Eau de Parfum, en fruktig blomsterduft som symboliserer uventet sensualitet. En guddommelig duell mellom forfriskende blomsterblad og dyp sensualitet. Duften \u00e5pner med en varm bris av friske roser og solb\u00e6rsorbet som m\u00f8ter krydrede noter og frostet p\u00e6re i hjertet. Blomstens friskhet settes i en sexy kontrast til s\u00f8t vanilje blandet med kasjmir tre. Et duftspor av musk forsterker og forlenger duften, og skaper magi p\u00e5 huden din.<\/p>\n<p>Toppnote: Ros\u00e9pepper, rose<br \/>\n<br \/>Hjertenote: P\u00e6re, solb\u00e6rsorbet<br \/>\n<br \/>Basenote: Vanilje, kasjmir tre<\/p>\n<p>30 ml<\/p>\n","protected":false},"excerpt":{"rendered":"<p>Paco Rabanne introduserer en ny opplevelse av femininitet med Olymp\u00e9a Blossom Eau de Parfum, en fruktig blomsterduft som symboliserer uventet sensualitet. En guddommelig duell mellom forfriskende blomsterblad og dyp sensualitet. Duften \u00e5pner med en varm bris av friske roser og solb\u00e6rsorbet som m\u00f8ter krydrede noter og frostet p\u00e6re i hjertet. Blomstens friskhet settes i en [&hellip;]<\/p>\n","protected":false},"featured_media":399028,"comment_status":"open","ping_status":"closed","template":"","meta":{"_trash_the_other_posts":false},"product_brand":[],"product_cat":[706,735,1006,999],"product_tag":[3735],"berocket_brand":[1048],"class_list":{"0":"post-399063","1":"product","2":"type-product","3":"status-publish","4":"has-post-thumbnail","6":"product_cat-eau-de-parfum-dame","7":"product_cat-kampanje","8":"product_cat-kampanjepris","9":"product_cat-kampanjetilbud-for-henne","10":"product_tag-paco-rabanne-olympea-blossom-edp","11":"pa_brand-paco-rabanne","12":"pa_variant-30ml","13":"berocket_brand-paco-rabanne","15":"first","16":"instock","17":"sale","18":"taxable","19":"shipping-taxable","20":"purchasable","21":"product-type-simple"},"_links":{"self":[{"href":"https:\/\/stylingagenten.com\/no\/wp-json\/wp\/v2\/product\/399063","targetHints":{"allow":["GET"]}}],"collection":[{"href":"https:\/\/stylingagenten.com\/no\/wp-json\/wp\/v2\/product"}],"about":[{"href":"https:\/\/stylingagenten.com\/no\/wp-json\/wp\/v2\/types\/product"}],"replies":[{"embeddable":true,"href":"https:\/\/stylingagenten.com\/no\/wp-json\/wp\/v2\/comments?post=399063"}],"version-history":[{"count":0,"href":"https:\/\/stylingagenten.com\/no\/wp-json\/wp\/v2\/product\/399063\/revisions"}],"wp:featuredmedia":[{"embeddable":true,"href":"https:\/\/stylingagenten.com\/no\/wp-json\/wp\/v2\/media\/399028"}],"wp:attachment":[{"href":"https:\/\/stylingagenten.com\/no\/wp-json\/wp\/v2\/media?parent=399063"}],"wp:term":[{"taxonomy":"product_brand","embeddable":true,"href":"https:\/\/stylingagenten.com\/no\/wp-json\/wp\/v2\/product_brand?post=399063"},{"taxonomy":"product_cat","embeddable":true,"href":"https:\/\/stylingagenten.com\/no\/wp-json\/wp\/v2\/product_cat?post=399063"},{"taxonomy":"product_tag","embeddable":true,"href":"https:\/\/stylingagenten.com\/no\/wp-json\/wp\/v2\/product_tag?post=399063"},{"taxonomy":"berocket_brand","embeddable":true,"href":"https:\/\/stylingagenten.com\/no\/wp-json\/wp\/v2\/berocket_brand?post=399063"}],"curies":[{"name":"wp","href":"https:\/\/api.w.org\/{rel}","templated":true}]}}