{"id":399010,"date":"2025-05-18T22:35:19","date_gmt":"2025-05-18T22:35:19","guid":{"rendered":"https:\/\/staging2.stylingagenten.com\/no\/produkt\/elizabeth-arden-white-tea-edp-100ml\/"},"modified":"2026-03-24T15:30:46","modified_gmt":"2026-03-24T15:30:46","slug":"elizabeth-arden-white-tea-edp-100ml","status":"publish","type":"product","link":"https:\/\/stylingagenten.com\/no\/produkt\/elizabeth-arden-white-tea-edp-100ml\/","title":{"rendered":"Elizabeth Arden White Tea Edp 100ml"},"content":{"rendered":"<p>White Tea hyller gleden av livet. Opplev den enkle gleden av \u00e5 ta et \u00f8yeblikk for deg selv og nyte den personlige refleksjonen som f\u00f8lger med det. Pust dypt, la roen omfavne deg, og nyt \u00f8yeblikket. White Tea inviterer deg til \u00e5 ta del i den skj\u00f8nnheten som omgir deg hver dag.<\/p>\n<p>Fra skaperne av den opprinnelige White Tea Eau de Toilette introduserer Elizabeth Arden den nye duften White Tea Eau de Parfum. En frisk blomsterduft hvis myke varme sitter igjen p\u00e5 huden som en omfavnelse. Utviklet med sensorisk innovasjon i form av VivaScentz\u2122-teknologi, vekker denne eau de parfumen en dypere f\u00f8lelse av velv\u00e6re hos brukeren.<\/p>\n<p>White Tea Eau de Parfum-flasken f\u00f8lger silhuetten til de n\u00e5v\u00e6rende White Tea-duftene: en h\u00f8y, smal hvit flaske med et gyllent lokk &#8211; et symbol p\u00e5 den dypere parfymen. Kartongen er FSC-sertifisert.<\/p>\n<p>Toppnoter: Italiensk mandarin, Havbris-akkord, Salvie<br \/>\n<br \/>Hjertenoter: Hvit te-akkord, Mate Absolute, Rosenvann, Jasminblader<br \/>\n<br \/>Bunnoter: Tonkab\u00f8nne Absolute (etisk produsert), Musk, Amberwood<\/p>\n<p>100 ml<\/p>\n","protected":false},"excerpt":{"rendered":"<p>White Tea hyller gleden av livet. Opplev den enkle gleden av \u00e5 ta et \u00f8yeblikk for deg selv og nyte den personlige refleksjonen som f\u00f8lger med det. Pust dypt, la roen omfavne deg, og nyt \u00f8yeblikket. White Tea inviterer deg til \u00e5 ta del i den skj\u00f8nnheten som omgir deg hver dag. Fra skaperne av [&hellip;]<\/p>\n","protected":false},"featured_media":398998,"comment_status":"open","ping_status":"closed","template":"","meta":{"_trash_the_other_posts":false},"product_brand":[],"product_cat":[706,735,1006,999],"product_tag":[2869],"berocket_brand":[1303],"class_list":{"0":"post-399010","1":"product","2":"type-product","3":"status-publish","4":"has-post-thumbnail","6":"product_cat-eau-de-parfum-dame","7":"product_cat-kampanje","8":"product_cat-kampanjepris","9":"product_cat-kampanjetilbud-for-henne","10":"product_tag-elizabeth-arden-white-tea-edp","11":"pa_brand-elizabeth-arden","12":"pa_variant-100ml","13":"berocket_brand-elizabeth-arden","15":"first","16":"instock","17":"sale","18":"taxable","19":"shipping-taxable","20":"purchasable","21":"product-type-simple"},"_links":{"self":[{"href":"https:\/\/stylingagenten.com\/no\/wp-json\/wp\/v2\/product\/399010","targetHints":{"allow":["GET"]}}],"collection":[{"href":"https:\/\/stylingagenten.com\/no\/wp-json\/wp\/v2\/product"}],"about":[{"href":"https:\/\/stylingagenten.com\/no\/wp-json\/wp\/v2\/types\/product"}],"replies":[{"embeddable":true,"href":"https:\/\/stylingagenten.com\/no\/wp-json\/wp\/v2\/comments?post=399010"}],"version-history":[{"count":0,"href":"https:\/\/stylingagenten.com\/no\/wp-json\/wp\/v2\/product\/399010\/revisions"}],"wp:featuredmedia":[{"embeddable":true,"href":"https:\/\/stylingagenten.com\/no\/wp-json\/wp\/v2\/media\/398998"}],"wp:attachment":[{"href":"https:\/\/stylingagenten.com\/no\/wp-json\/wp\/v2\/media?parent=399010"}],"wp:term":[{"taxonomy":"product_brand","embeddable":true,"href":"https:\/\/stylingagenten.com\/no\/wp-json\/wp\/v2\/product_brand?post=399010"},{"taxonomy":"product_cat","embeddable":true,"href":"https:\/\/stylingagenten.com\/no\/wp-json\/wp\/v2\/product_cat?post=399010"},{"taxonomy":"product_tag","embeddable":true,"href":"https:\/\/stylingagenten.com\/no\/wp-json\/wp\/v2\/product_tag?post=399010"},{"taxonomy":"berocket_brand","embeddable":true,"href":"https:\/\/stylingagenten.com\/no\/wp-json\/wp\/v2\/berocket_brand?post=399010"}],"curies":[{"name":"wp","href":"https:\/\/api.w.org\/{rel}","templated":true}]}}