{"id":398988,"date":"2025-05-18T22:35:16","date_gmt":"2025-05-18T22:35:16","guid":{"rendered":"https:\/\/staging2.stylingagenten.com\/no\/produkt\/escada-chiffon-sorbet-edt-100ml\/"},"modified":"2026-04-06T19:58:53","modified_gmt":"2026-04-06T19:58:53","slug":"escada-chiffon-sorbet-edt-100ml","status":"publish","type":"product","link":"https:\/\/stylingagenten.com\/no\/produkt\/escada-chiffon-sorbet-edt-100ml\/","title":{"rendered":"Escada Chiffon Sorbet Edt 100ml"},"content":{"rendered":"<p>Opplev feiringen med Escadas nyeste sommerutgave, Chiffon Sorbet Eau de Toilette. Denne Escada-duften er en hyllest til solen, havet og sommerbrisen, og inviterer deg til \u00e5 nyte den forf\u00f8rende auraen fra den aller f\u00f8rste sommerduften, n\u00e5 tilgjengelig i en frisk 2024-versjon. Denne s\u00f8te og spennende sommerparfymen fra Escada er en invitasjon til ukjente verdener og utvikler seg som en livlig hage med toppnoter av solkyssede solb\u00e6r som bryter ut i en fruktig symfoni. Hjertenoten avsl\u00f8rer essensen av duftende roser, som harmoniserer smidig med den myke basnoten av \u00f8kologisk jasmin og etterlater en blomsterbukett av aromaer i sitt kj\u00f8lvann. Resultatet er en ny tolkning av femininitet inspirert av den opprinnelige Chiffon Sorbet, men med en moderne vri.<\/p>\n<p>Toppnoter: R\u00f8dt eple, Solb\u00e6r, Bringeb\u00e6r, Mango<br \/>\n<br \/>Hjertenoter: Jasmin, Fiken, Orkid\u00e9, Fiol, Rose<br \/>\n<br \/>Basnoter: Musk, Sedertre, Sandeltre, Amber, Vanilje<\/p>\n<p>100ml<\/p>\n","protected":false},"excerpt":{"rendered":"<p>Opplev feiringen med Escadas nyeste sommerutgave, Chiffon Sorbet Eau de Toilette. Denne Escada-duften er en hyllest til solen, havet og sommerbrisen, og inviterer deg til \u00e5 nyte den forf\u00f8rende auraen fra den aller f\u00f8rste sommerduften, n\u00e5 tilgjengelig i en frisk 2024-versjon. Denne s\u00f8te og spennende sommerparfymen fra Escada er en invitasjon til ukjente verdener og [&hellip;]<\/p>\n","protected":false},"featured_media":398973,"comment_status":"open","ping_status":"closed","template":"","meta":{"_trash_the_other_posts":false},"product_brand":[],"product_cat":[707,735,1006,999],"product_tag":[2877],"berocket_brand":[1306],"class_list":{"0":"post-398988","1":"product","2":"type-product","3":"status-publish","4":"has-post-thumbnail","6":"product_cat-eau-de-toilette-dame","7":"product_cat-kampanje","8":"product_cat-kampanjepris","9":"product_cat-kampanjetilbud-for-henne","10":"product_tag-escada-chiffon-sorbet-edt","11":"pa_brand-escada","12":"pa_variant-100ml","13":"berocket_brand-escada","15":"first","16":"instock","17":"sale","18":"taxable","19":"shipping-taxable","20":"purchasable","21":"product-type-simple"},"_links":{"self":[{"href":"https:\/\/stylingagenten.com\/no\/wp-json\/wp\/v2\/product\/398988","targetHints":{"allow":["GET"]}}],"collection":[{"href":"https:\/\/stylingagenten.com\/no\/wp-json\/wp\/v2\/product"}],"about":[{"href":"https:\/\/stylingagenten.com\/no\/wp-json\/wp\/v2\/types\/product"}],"replies":[{"embeddable":true,"href":"https:\/\/stylingagenten.com\/no\/wp-json\/wp\/v2\/comments?post=398988"}],"version-history":[{"count":0,"href":"https:\/\/stylingagenten.com\/no\/wp-json\/wp\/v2\/product\/398988\/revisions"}],"wp:featuredmedia":[{"embeddable":true,"href":"https:\/\/stylingagenten.com\/no\/wp-json\/wp\/v2\/media\/398973"}],"wp:attachment":[{"href":"https:\/\/stylingagenten.com\/no\/wp-json\/wp\/v2\/media?parent=398988"}],"wp:term":[{"taxonomy":"product_brand","embeddable":true,"href":"https:\/\/stylingagenten.com\/no\/wp-json\/wp\/v2\/product_brand?post=398988"},{"taxonomy":"product_cat","embeddable":true,"href":"https:\/\/stylingagenten.com\/no\/wp-json\/wp\/v2\/product_cat?post=398988"},{"taxonomy":"product_tag","embeddable":true,"href":"https:\/\/stylingagenten.com\/no\/wp-json\/wp\/v2\/product_tag?post=398988"},{"taxonomy":"berocket_brand","embeddable":true,"href":"https:\/\/stylingagenten.com\/no\/wp-json\/wp\/v2\/berocket_brand?post=398988"}],"curies":[{"name":"wp","href":"https:\/\/api.w.org\/{rel}","templated":true}]}}