{"id":398967,"date":"2025-05-18T22:35:14","date_gmt":"2025-05-18T22:35:14","guid":{"rendered":"https:\/\/staging2.stylingagenten.com\/no\/produkt\/head-spark-edt-50ml\/"},"modified":"2026-04-08T15:29:15","modified_gmt":"2026-04-08T15:29:15","slug":"head-spark-edt-50ml","status":"publish","type":"product","link":"https:\/\/stylingagenten.com\/no\/produkt\/head-spark-edt-50ml\/","title":{"rendered":"HEAD Spark Edt 50ml"},"content":{"rendered":"<p>Blomstrende og fruktig. Spark er en gledesfylt duft som uttrykker sin dominerende ro og lys gjennom de lysende notene av bergamott, grapefrukt og appelsin. De komplekse blomstene utvikler seg og g\u00e5r over i et saftig frukthjerte sammensatt av ananas, p\u00e6re og fersken, forsterket av tilstedev\u00e6relsen av rose og liljekonvall som gir en feminin touch. De varme trebasenotene av sedertre og sandeltre s\u00f8tes deretter med sm\u00f8raktig vanilje og musknoter.<\/p>\n<p>Toppnoter: Bergamott, Grapefrukt, Appelsin<br \/>\n<br \/>Hjertenoter: Ananas, Fersken, P\u00e6re, Liljekonvall, Rose<br \/>\n<br \/>Basenoter: Sedertre, Sandeltre, Vanilje, Musk<\/p>\n<p>50 ml<\/p>\n","protected":false},"excerpt":{"rendered":"<p>Blomstrende og fruktig. Spark er en gledesfylt duft som uttrykker sin dominerende ro og lys gjennom de lysende notene av bergamott, grapefrukt og appelsin. De komplekse blomstene utvikler seg og g\u00e5r over i et saftig frukthjerte sammensatt av ananas, p\u00e6re og fersken, forsterket av tilstedev\u00e6relsen av rose og liljekonvall som gir en feminin touch. De [&hellip;]<\/p>\n","protected":false},"featured_media":398960,"comment_status":"open","ping_status":"closed","template":"","meta":{"_trash_the_other_posts":false},"product_brand":[],"product_cat":[707,735,1006,999],"product_tag":[],"berocket_brand":[1416],"class_list":{"0":"post-398967","1":"product","2":"type-product","3":"status-publish","4":"has-post-thumbnail","6":"product_cat-eau-de-toilette-dame","7":"product_cat-kampanje","8":"product_cat-kampanjepris","9":"product_cat-kampanjetilbud-for-henne","10":"pa_brand-head","11":"berocket_brand-head","13":"first","14":"instock","15":"sale","16":"taxable","17":"shipping-taxable","18":"purchasable","19":"product-type-simple"},"_links":{"self":[{"href":"https:\/\/stylingagenten.com\/no\/wp-json\/wp\/v2\/product\/398967","targetHints":{"allow":["GET"]}}],"collection":[{"href":"https:\/\/stylingagenten.com\/no\/wp-json\/wp\/v2\/product"}],"about":[{"href":"https:\/\/stylingagenten.com\/no\/wp-json\/wp\/v2\/types\/product"}],"replies":[{"embeddable":true,"href":"https:\/\/stylingagenten.com\/no\/wp-json\/wp\/v2\/comments?post=398967"}],"version-history":[{"count":0,"href":"https:\/\/stylingagenten.com\/no\/wp-json\/wp\/v2\/product\/398967\/revisions"}],"wp:featuredmedia":[{"embeddable":true,"href":"https:\/\/stylingagenten.com\/no\/wp-json\/wp\/v2\/media\/398960"}],"wp:attachment":[{"href":"https:\/\/stylingagenten.com\/no\/wp-json\/wp\/v2\/media?parent=398967"}],"wp:term":[{"taxonomy":"product_brand","embeddable":true,"href":"https:\/\/stylingagenten.com\/no\/wp-json\/wp\/v2\/product_brand?post=398967"},{"taxonomy":"product_cat","embeddable":true,"href":"https:\/\/stylingagenten.com\/no\/wp-json\/wp\/v2\/product_cat?post=398967"},{"taxonomy":"product_tag","embeddable":true,"href":"https:\/\/stylingagenten.com\/no\/wp-json\/wp\/v2\/product_tag?post=398967"},{"taxonomy":"berocket_brand","embeddable":true,"href":"https:\/\/stylingagenten.com\/no\/wp-json\/wp\/v2\/berocket_brand?post=398967"}],"curies":[{"name":"wp","href":"https:\/\/api.w.org\/{rel}","templated":true}]}}