{"id":398953,"date":"2025-05-18T22:35:11","date_gmt":"2025-05-18T22:35:11","guid":{"rendered":"https:\/\/staging2.stylingagenten.com\/no\/produkt\/versace-crystal-noir-edp-50ml\/"},"modified":"2026-04-14T10:58:47","modified_gmt":"2026-04-14T10:58:47","slug":"versace-crystal-noir-edp-50ml","status":"publish","type":"product","link":"https:\/\/stylingagenten.com\/no\/produkt\/versace-crystal-noir-edp-50ml\/","title":{"rendered":"Versace Crystal Noir Edp 50ml"},"content":{"rendered":"<p>Versace Crystal Noir Parfum er en duft som er skapt for kvinnen med ubestridelig tilstedev\u00e6relse, selvtillit og en svakhet for haute couture. Denne overd\u00e5dige duften speiler en luksuri\u00f8s aftenkjole \u2013 et sanselig mesterverk inspirert av Versaces kreativitet og moderne luksus. Fordyp deg i en essens hvor m\u00f8rk og mystisk tiltrekning m\u00f8ter dristig fylde. Duften \u00e5pner med str\u00e5lende sitrusfrukter som minner om solnedganger i Midt\u00f8sten, blandet med eksotiske krydder som gir en dristig touch. Hjertet avsl\u00f8rer en fortryllende blomstersymfoni, komplementert med avhengighetsskapende noter for en omsluttende s\u00f8dme. Til slutt utvikler den treaktige og orientalske basen seg og avrunder duften med dybde og intensitet.<\/p>\n<p>Toppnoter: Gul mandarin, ros\u00e9pepper, solb\u00e6r<br \/>\n<br \/>Hjertenoter: Tuberose, liljekonvall, karamell<br \/>\n<br \/>Basenoter: Sandeltre, akigalatre, rav, vaniljeorkid\u00e9<\/p>\n<p>50ml<\/p>\n","protected":false},"excerpt":{"rendered":"<p>Versace Crystal Noir Parfum er en duft som er skapt for kvinnen med ubestridelig tilstedev\u00e6relse, selvtillit og en svakhet for haute couture. Denne overd\u00e5dige duften speiler en luksuri\u00f8s aftenkjole \u2013 et sanselig mesterverk inspirert av Versaces kreativitet og moderne luksus. Fordyp deg i en essens hvor m\u00f8rk og mystisk tiltrekning m\u00f8ter dristig fylde. Duften \u00e5pner [&hellip;]<\/p>\n","protected":false},"featured_media":398944,"comment_status":"open","ping_status":"closed","template":"","meta":{"_trash_the_other_posts":false},"product_brand":[],"product_cat":[706,735,1006,999],"product_tag":[4036],"berocket_brand":[1083],"class_list":{"0":"post-398953","1":"product","2":"type-product","3":"status-publish","4":"has-post-thumbnail","6":"product_cat-eau-de-parfum-dame","7":"product_cat-kampanje","8":"product_cat-kampanjepris","9":"product_cat-kampanjetilbud-for-henne","10":"product_tag-versace-crystal-noir-edp","11":"pa_brand-versace","12":"pa_variant-50ml","13":"berocket_brand-versace","15":"first","16":"instock","17":"sale","18":"taxable","19":"shipping-taxable","20":"purchasable","21":"product-type-simple"},"_links":{"self":[{"href":"https:\/\/stylingagenten.com\/no\/wp-json\/wp\/v2\/product\/398953","targetHints":{"allow":["GET"]}}],"collection":[{"href":"https:\/\/stylingagenten.com\/no\/wp-json\/wp\/v2\/product"}],"about":[{"href":"https:\/\/stylingagenten.com\/no\/wp-json\/wp\/v2\/types\/product"}],"replies":[{"embeddable":true,"href":"https:\/\/stylingagenten.com\/no\/wp-json\/wp\/v2\/comments?post=398953"}],"version-history":[{"count":1,"href":"https:\/\/stylingagenten.com\/no\/wp-json\/wp\/v2\/product\/398953\/revisions"}],"predecessor-version":[{"id":469817,"href":"https:\/\/stylingagenten.com\/no\/wp-json\/wp\/v2\/product\/398953\/revisions\/469817"}],"wp:featuredmedia":[{"embeddable":true,"href":"https:\/\/stylingagenten.com\/no\/wp-json\/wp\/v2\/media\/398944"}],"wp:attachment":[{"href":"https:\/\/stylingagenten.com\/no\/wp-json\/wp\/v2\/media?parent=398953"}],"wp:term":[{"taxonomy":"product_brand","embeddable":true,"href":"https:\/\/stylingagenten.com\/no\/wp-json\/wp\/v2\/product_brand?post=398953"},{"taxonomy":"product_cat","embeddable":true,"href":"https:\/\/stylingagenten.com\/no\/wp-json\/wp\/v2\/product_cat?post=398953"},{"taxonomy":"product_tag","embeddable":true,"href":"https:\/\/stylingagenten.com\/no\/wp-json\/wp\/v2\/product_tag?post=398953"},{"taxonomy":"berocket_brand","embeddable":true,"href":"https:\/\/stylingagenten.com\/no\/wp-json\/wp\/v2\/berocket_brand?post=398953"}],"curies":[{"name":"wp","href":"https:\/\/api.w.org\/{rel}","templated":true}]}}