{"id":398926,"date":"2025-05-18T22:35:07","date_gmt":"2025-05-18T22:35:07","guid":{"rendered":"https:\/\/staging2.stylingagenten.com\/no\/produkt\/laura-biagiotti-forever-edp-30ml\/"},"modified":"2026-04-14T13:58:33","modified_gmt":"2026-04-14T13:58:33","slug":"laura-biagiotti-forever-edp-30ml","status":"publish","type":"product","link":"https:\/\/stylingagenten.com\/no\/produkt\/laura-biagiotti-forever-edp-30ml\/","title":{"rendered":"Laura Biagiotti Forever Edp 30ml"},"content":{"rendered":"<p>Laura Biagiotti Forever Edp er en feminin, energisk og blomsteraktig duft med solfylte sitrusnoter og fargerik fruktighet. Flaskens form symboliserer evigheten, akkurat som navnet antyder.<\/p>\n<p>Toppnoter: bergamott, eple, p\u00e6re, solb\u00e6r<br \/>\n<br \/>Hjertenoter: rose, fiol, liljekonvall<br \/>\n<br \/>Basenoter: vanilje, musk, solb\u00e6r, tonkab\u00f8nner<\/p>\n<p>30ml<\/p>\n","protected":false},"excerpt":{"rendered":"<p>Laura Biagiotti Forever Edp er en feminin, energisk og blomsteraktig duft med solfylte sitrusnoter og fargerik fruktighet. Flaskens form symboliserer evigheten, akkurat som navnet antyder. Toppnoter: bergamott, eple, p\u00e6re, solb\u00e6r Hjertenoter: rose, fiol, liljekonvall Basenoter: vanilje, musk, solb\u00e6r, tonkab\u00f8nner 30ml<\/p>\n","protected":false},"featured_media":398918,"comment_status":"open","ping_status":"closed","template":"","meta":{"_trash_the_other_posts":false},"product_brand":[],"product_cat":[706,735,1006,999],"product_tag":[],"berocket_brand":[1112],"class_list":{"0":"post-398926","1":"product","2":"type-product","3":"status-publish","4":"has-post-thumbnail","6":"product_cat-eau-de-parfum-dame","7":"product_cat-kampanje","8":"product_cat-kampanjepris","9":"product_cat-kampanjetilbud-for-henne","10":"pa_brand-laura-biagiotti","11":"berocket_brand-laura-biagiotti","13":"first","14":"outofstock","15":"sale","16":"taxable","17":"shipping-taxable","18":"purchasable","19":"product-type-simple"},"_links":{"self":[{"href":"https:\/\/stylingagenten.com\/no\/wp-json\/wp\/v2\/product\/398926","targetHints":{"allow":["GET"]}}],"collection":[{"href":"https:\/\/stylingagenten.com\/no\/wp-json\/wp\/v2\/product"}],"about":[{"href":"https:\/\/stylingagenten.com\/no\/wp-json\/wp\/v2\/types\/product"}],"replies":[{"embeddable":true,"href":"https:\/\/stylingagenten.com\/no\/wp-json\/wp\/v2\/comments?post=398926"}],"version-history":[{"count":1,"href":"https:\/\/stylingagenten.com\/no\/wp-json\/wp\/v2\/product\/398926\/revisions"}],"predecessor-version":[{"id":469830,"href":"https:\/\/stylingagenten.com\/no\/wp-json\/wp\/v2\/product\/398926\/revisions\/469830"}],"wp:featuredmedia":[{"embeddable":true,"href":"https:\/\/stylingagenten.com\/no\/wp-json\/wp\/v2\/media\/398918"}],"wp:attachment":[{"href":"https:\/\/stylingagenten.com\/no\/wp-json\/wp\/v2\/media?parent=398926"}],"wp:term":[{"taxonomy":"product_brand","embeddable":true,"href":"https:\/\/stylingagenten.com\/no\/wp-json\/wp\/v2\/product_brand?post=398926"},{"taxonomy":"product_cat","embeddable":true,"href":"https:\/\/stylingagenten.com\/no\/wp-json\/wp\/v2\/product_cat?post=398926"},{"taxonomy":"product_tag","embeddable":true,"href":"https:\/\/stylingagenten.com\/no\/wp-json\/wp\/v2\/product_tag?post=398926"},{"taxonomy":"berocket_brand","embeddable":true,"href":"https:\/\/stylingagenten.com\/no\/wp-json\/wp\/v2\/berocket_brand?post=398926"}],"curies":[{"name":"wp","href":"https:\/\/api.w.org\/{rel}","templated":true}]}}