{"id":398922,"date":"2025-05-18T22:35:07","date_gmt":"2025-05-18T22:35:07","guid":{"rendered":"https:\/\/staging2.stylingagenten.com\/no\/produkt\/billie-eilish-eilish-no-2-edp-50ml\/"},"modified":"2026-04-09T17:58:33","modified_gmt":"2026-04-09T17:58:33","slug":"billie-eilish-eilish-no-2-edp-50ml","status":"publish","type":"product","link":"https:\/\/stylingagenten.com\/no\/produkt\/billie-eilish-eilish-no-2-edp-50ml\/","title":{"rendered":"Billie Eilish Eilish No.2 Edp 50ml"},"content":{"rendered":"<p>Billie Eilish Eilish No.2 Edp er en sensuell og magnetisk duft som oppmuntrer deg til \u00e5 utforske din personlige, dristige og forf\u00f8rende side. Parfymen har en frisk \u00e5pning med noter av italiensk bergamot og epleblomst. I hjertet finnes en trekantet, jordn\u00e6r krydderaktighet av papyrus og svart pepper, med en kontrast av ville, duggete valmueblomster. Basenotene av treaktig palo santo og ibenholt er dyktig omsluttet i en metallisk, nyansert sl\u00f8r av moskus som fullf\u00f8rer opplevelsen.<\/p>\n<p>Topp: Bergamot, epleblomst Hjerte: Papyrus, svart pepper, valmueblomst Base: Palo santo, ibenholt, moskus<\/p>\n<p>50ml<\/p>\n","protected":false},"excerpt":{"rendered":"<p>Billie Eilish Eilish No.2 Edp er en sensuell og magnetisk duft som oppmuntrer deg til \u00e5 utforske din personlige, dristige og forf\u00f8rende side. Parfymen har en frisk \u00e5pning med noter av italiensk bergamot og epleblomst. I hjertet finnes en trekantet, jordn\u00e6r krydderaktighet av papyrus og svart pepper, med en kontrast av ville, duggete valmueblomster. Basenotene [&hellip;]<\/p>\n","protected":false},"featured_media":398897,"comment_status":"open","ping_status":"closed","template":"","meta":{"_trash_the_other_posts":false},"product_brand":[],"product_cat":[706,735,1006,999],"product_tag":[2547],"berocket_brand":[1419],"class_list":{"0":"post-398922","1":"product","2":"type-product","3":"status-publish","4":"has-post-thumbnail","6":"product_cat-eau-de-parfum-dame","7":"product_cat-kampanje","8":"product_cat-kampanjepris","9":"product_cat-kampanjetilbud-for-henne","10":"product_tag-billie-eilish-eilish-no-2-edp","11":"pa_brand-billie-eilish","12":"pa_variant-50ml","13":"berocket_brand-billie-eilish","15":"first","16":"outofstock","17":"sale","18":"taxable","19":"shipping-taxable","20":"purchasable","21":"product-type-simple"},"_links":{"self":[{"href":"https:\/\/stylingagenten.com\/no\/wp-json\/wp\/v2\/product\/398922","targetHints":{"allow":["GET"]}}],"collection":[{"href":"https:\/\/stylingagenten.com\/no\/wp-json\/wp\/v2\/product"}],"about":[{"href":"https:\/\/stylingagenten.com\/no\/wp-json\/wp\/v2\/types\/product"}],"replies":[{"embeddable":true,"href":"https:\/\/stylingagenten.com\/no\/wp-json\/wp\/v2\/comments?post=398922"}],"version-history":[{"count":0,"href":"https:\/\/stylingagenten.com\/no\/wp-json\/wp\/v2\/product\/398922\/revisions"}],"wp:featuredmedia":[{"embeddable":true,"href":"https:\/\/stylingagenten.com\/no\/wp-json\/wp\/v2\/media\/398897"}],"wp:attachment":[{"href":"https:\/\/stylingagenten.com\/no\/wp-json\/wp\/v2\/media?parent=398922"}],"wp:term":[{"taxonomy":"product_brand","embeddable":true,"href":"https:\/\/stylingagenten.com\/no\/wp-json\/wp\/v2\/product_brand?post=398922"},{"taxonomy":"product_cat","embeddable":true,"href":"https:\/\/stylingagenten.com\/no\/wp-json\/wp\/v2\/product_cat?post=398922"},{"taxonomy":"product_tag","embeddable":true,"href":"https:\/\/stylingagenten.com\/no\/wp-json\/wp\/v2\/product_tag?post=398922"},{"taxonomy":"berocket_brand","embeddable":true,"href":"https:\/\/stylingagenten.com\/no\/wp-json\/wp\/v2\/berocket_brand?post=398922"}],"curies":[{"name":"wp","href":"https:\/\/api.w.org\/{rel}","templated":true}]}}