{"id":398910,"date":"2025-05-18T22:35:05","date_gmt":"2025-05-18T22:35:05","guid":{"rendered":"https:\/\/staging2.stylingagenten.com\/no\/produkt\/boucheron-place-vendome-edp-100ml\/"},"modified":"2026-04-13T12:10:21","modified_gmt":"2026-04-13T12:10:21","slug":"boucheron-place-vendome-edp-100ml","status":"publish","type":"product","link":"https:\/\/stylingagenten.com\/no\/produkt\/boucheron-place-vendome-edp-100ml\/","title":{"rendered":"Boucheron Place Vendome Edp 100ml"},"content":{"rendered":"<p>Boucheron Place Vendome Edp er en duft som omfavner sansene dine med sprudlende energi og eleganse! Boucheron Place Vend\u00f4me eau de parfum er den perfekte f\u00f8lgesvennen for hver kvinne som s\u00f8ker et snev av luksus i hverdagen. Denne ambrosiske blomsterduften er skapt av den talentfulle parfym\u00f8ren Olivier Cresp, som har fanget essensen av feminin styrke og skj\u00f8nnhet.<\/p>\n<p>Toppnoter: En frisk eksplosjon av p\u00e6re, mandarin og rosa pepper gir en sprudlende start.<br \/>\n<br \/>Hjertenoter: Blomster i alle former, jasmin, appelsinblomst og rose vever en romantisk og elegant melodi.<br \/>\n<br \/>Basnoter: En varm avslutning med rosentre og vanilje som omfavner huden med en s\u00f8t og treaktig f\u00f8lelse.<\/p>\n<p>100ml<\/p>\n","protected":false},"excerpt":{"rendered":"<p>Boucheron Place Vendome Edp er en duft som omfavner sansene dine med sprudlende energi og eleganse! Boucheron Place Vend\u00f4me eau de parfum er den perfekte f\u00f8lgesvennen for hver kvinne som s\u00f8ker et snev av luksus i hverdagen. Denne ambrosiske blomsterduften er skapt av den talentfulle parfym\u00f8ren Olivier Cresp, som har fanget essensen av feminin styrke [&hellip;]<\/p>\n","protected":false},"featured_media":398902,"comment_status":"open","ping_status":"closed","template":"","meta":{"_trash_the_other_posts":false},"product_brand":[],"product_cat":[706,1006],"product_tag":[],"berocket_brand":[1148],"class_list":{"0":"post-398910","1":"product","2":"type-product","3":"status-publish","4":"has-post-thumbnail","6":"product_cat-eau-de-parfum-dame","7":"product_cat-kampanjepris","8":"pa_brand-boucheron","9":"berocket_brand-boucheron","11":"first","12":"instock","13":"sale","14":"taxable","15":"shipping-taxable","16":"purchasable","17":"product-type-simple"},"_links":{"self":[{"href":"https:\/\/stylingagenten.com\/no\/wp-json\/wp\/v2\/product\/398910","targetHints":{"allow":["GET"]}}],"collection":[{"href":"https:\/\/stylingagenten.com\/no\/wp-json\/wp\/v2\/product"}],"about":[{"href":"https:\/\/stylingagenten.com\/no\/wp-json\/wp\/v2\/types\/product"}],"replies":[{"embeddable":true,"href":"https:\/\/stylingagenten.com\/no\/wp-json\/wp\/v2\/comments?post=398910"}],"version-history":[{"count":0,"href":"https:\/\/stylingagenten.com\/no\/wp-json\/wp\/v2\/product\/398910\/revisions"}],"wp:featuredmedia":[{"embeddable":true,"href":"https:\/\/stylingagenten.com\/no\/wp-json\/wp\/v2\/media\/398902"}],"wp:attachment":[{"href":"https:\/\/stylingagenten.com\/no\/wp-json\/wp\/v2\/media?parent=398910"}],"wp:term":[{"taxonomy":"product_brand","embeddable":true,"href":"https:\/\/stylingagenten.com\/no\/wp-json\/wp\/v2\/product_brand?post=398910"},{"taxonomy":"product_cat","embeddable":true,"href":"https:\/\/stylingagenten.com\/no\/wp-json\/wp\/v2\/product_cat?post=398910"},{"taxonomy":"product_tag","embeddable":true,"href":"https:\/\/stylingagenten.com\/no\/wp-json\/wp\/v2\/product_tag?post=398910"},{"taxonomy":"berocket_brand","embeddable":true,"href":"https:\/\/stylingagenten.com\/no\/wp-json\/wp\/v2\/berocket_brand?post=398910"}],"curies":[{"name":"wp","href":"https:\/\/api.w.org\/{rel}","templated":true}]}}