{"id":398890,"date":"2025-05-18T22:35:03","date_gmt":"2025-05-18T22:35:03","guid":{"rendered":"https:\/\/staging2.stylingagenten.com\/no\/produkt\/estee-lauder-pleasures-intense-edp-100ml\/"},"modified":"2026-04-15T05:49:35","modified_gmt":"2026-04-15T05:49:35","slug":"estee-lauder-pleasures-intense-edp-100ml","status":"publish","type":"product","link":"https:\/\/stylingagenten.com\/no\/produkt\/estee-lauder-pleasures-intense-edp-100ml\/","title":{"rendered":"Estee Lauder Pleasures Intense Edp 100ml"},"content":{"rendered":"<p>Estee Lauder Pleasures Intense EdP er parfymen for deg som elsker blomsterdufter, spesielt liljer. Denne duften tilbyr en fyldig og intens blomsterduft som kombinerer kvinnelig eleganse med ungdommelig friskhet. Bare noen f\u00e5 dr\u00e5per er nok til \u00e5 omgi deg med dens kraftige og s\u00f8te aroma som forsterker din naturlige skj\u00f8nnhet hele dagen. Notene inkluderer gr\u00f8nn lilje, pion, marokkansk rose og rosa tigerlilje, med vanilje og l\u00f8nnetre i basen som gir ekstra karakter og fremhever blomstene. Bruk Estee Lauder Pleasures Intense b\u00e5de dag og natt for \u00e5 f\u00f8le deg feminin, moderne og elegant.<\/p>\n<p>Toppnoter: Pion, Solb\u00e6r, Ylang-Ylang, Lilje og Solb\u00e6rblad og -knopp<br \/>\n<br \/>Hjertenoter: Lilje, Tiare blomst, Jasmin og Rose<br \/>\n<br \/>Bunnoter: L\u00f8nn, Vanilje, Styrax og Benzoin<\/p>\n<p>100ml<\/p>\n","protected":false},"excerpt":{"rendered":"<p>Estee Lauder Pleasures Intense EdP er parfymen for deg som elsker blomsterdufter, spesielt liljer. Denne duften tilbyr en fyldig og intens blomsterduft som kombinerer kvinnelig eleganse med ungdommelig friskhet. Bare noen f\u00e5 dr\u00e5per er nok til \u00e5 omgi deg med dens kraftige og s\u00f8te aroma som forsterker din naturlige skj\u00f8nnhet hele dagen. Notene inkluderer gr\u00f8nn [&hellip;]<\/p>\n","protected":false},"featured_media":398888,"comment_status":"open","ping_status":"closed","template":"","meta":{"_trash_the_other_posts":false},"product_brand":[],"product_cat":[706,735,1006,999],"product_tag":[],"berocket_brand":[1309],"class_list":{"0":"post-398890","1":"product","2":"type-product","3":"status-publish","4":"has-post-thumbnail","6":"product_cat-eau-de-parfum-dame","7":"product_cat-kampanje","8":"product_cat-kampanjepris","9":"product_cat-kampanjetilbud-for-henne","10":"pa_brand-estee-lauder","11":"berocket_brand-estee-lauder","13":"first","14":"instock","15":"sale","16":"taxable","17":"shipping-taxable","18":"purchasable","19":"product-type-simple"},"_links":{"self":[{"href":"https:\/\/stylingagenten.com\/no\/wp-json\/wp\/v2\/product\/398890","targetHints":{"allow":["GET"]}}],"collection":[{"href":"https:\/\/stylingagenten.com\/no\/wp-json\/wp\/v2\/product"}],"about":[{"href":"https:\/\/stylingagenten.com\/no\/wp-json\/wp\/v2\/types\/product"}],"replies":[{"embeddable":true,"href":"https:\/\/stylingagenten.com\/no\/wp-json\/wp\/v2\/comments?post=398890"}],"version-history":[{"count":0,"href":"https:\/\/stylingagenten.com\/no\/wp-json\/wp\/v2\/product\/398890\/revisions"}],"wp:featuredmedia":[{"embeddable":true,"href":"https:\/\/stylingagenten.com\/no\/wp-json\/wp\/v2\/media\/398888"}],"wp:attachment":[{"href":"https:\/\/stylingagenten.com\/no\/wp-json\/wp\/v2\/media?parent=398890"}],"wp:term":[{"taxonomy":"product_brand","embeddable":true,"href":"https:\/\/stylingagenten.com\/no\/wp-json\/wp\/v2\/product_brand?post=398890"},{"taxonomy":"product_cat","embeddable":true,"href":"https:\/\/stylingagenten.com\/no\/wp-json\/wp\/v2\/product_cat?post=398890"},{"taxonomy":"product_tag","embeddable":true,"href":"https:\/\/stylingagenten.com\/no\/wp-json\/wp\/v2\/product_tag?post=398890"},{"taxonomy":"berocket_brand","embeddable":true,"href":"https:\/\/stylingagenten.com\/no\/wp-json\/wp\/v2\/berocket_brand?post=398890"}],"curies":[{"name":"wp","href":"https:\/\/api.w.org\/{rel}","templated":true}]}}