{"id":398879,"date":"2025-05-18T22:35:01","date_gmt":"2025-05-18T22:35:01","guid":{"rendered":"https:\/\/staging2.stylingagenten.com\/no\/produkt\/zadig-voltaire-this-is-us-leau-for-all-edt-50ml\/"},"modified":"2026-03-26T09:18:36","modified_gmt":"2026-03-26T09:18:36","slug":"zadig-voltaire-this-is-us-leau-for-all-edt-50ml","status":"publish","type":"product","link":"https:\/\/stylingagenten.com\/no\/produkt\/zadig-voltaire-this-is-us-leau-for-all-edt-50ml\/","title":{"rendered":"Zadig &amp; Voltaire This is Us! L&#8217;eau For All Edt 50ml"},"content":{"rendered":"<p>Med den nye linjen Vibes of Freedom viser Zadig &amp; Voltaire at frihet er en instinktiv f\u00f8lelse dypt forbundet med naturen \u2013 en f\u00f8lelse vi m\u00e5 komme i kontakt med.<\/p>\n<p>This is Us L&#8217;eau for All er en invitasjon til \u00e5 la sansene vandre. En frisk bris som fyller hele kroppen med energi og ro. En Eau de Toilette for b\u00e5de kvinner og menn, med et hint av str\u00e5lende bergamott og lett neroli, kombinert med energisk lavendelessens. En base av kremet sandeltre og sensuell musk gir duften sin spennende og friske, treaktige karakter.<\/p>\n<p>50ml<\/p>\n","protected":false},"excerpt":{"rendered":"<p>Med den nye linjen Vibes of Freedom viser Zadig &amp; Voltaire at frihet er en instinktiv f\u00f8lelse dypt forbundet med naturen \u2013 en f\u00f8lelse vi m\u00e5 komme i kontakt med. This is Us L&#8217;eau for All er en invitasjon til \u00e5 la sansene vandre. En frisk bris som fyller hele kroppen med energi og ro. [&hellip;]<\/p>\n","protected":false},"featured_media":398853,"comment_status":"open","ping_status":"closed","template":"","meta":{"_trash_the_other_posts":false},"product_brand":[],"product_cat":[707,735,1006,999],"product_tag":[],"berocket_brand":[1153],"class_list":{"0":"post-398879","1":"product","2":"type-product","3":"status-publish","4":"has-post-thumbnail","6":"product_cat-eau-de-toilette-dame","7":"product_cat-kampanje","8":"product_cat-kampanjepris","9":"product_cat-kampanjetilbud-for-henne","10":"pa_brand-zadig-voltaire","11":"berocket_brand-zadig-voltaire","13":"first","14":"outofstock","15":"sale","16":"taxable","17":"shipping-taxable","18":"purchasable","19":"product-type-simple"},"_links":{"self":[{"href":"https:\/\/stylingagenten.com\/no\/wp-json\/wp\/v2\/product\/398879","targetHints":{"allow":["GET"]}}],"collection":[{"href":"https:\/\/stylingagenten.com\/no\/wp-json\/wp\/v2\/product"}],"about":[{"href":"https:\/\/stylingagenten.com\/no\/wp-json\/wp\/v2\/types\/product"}],"replies":[{"embeddable":true,"href":"https:\/\/stylingagenten.com\/no\/wp-json\/wp\/v2\/comments?post=398879"}],"version-history":[{"count":0,"href":"https:\/\/stylingagenten.com\/no\/wp-json\/wp\/v2\/product\/398879\/revisions"}],"wp:featuredmedia":[{"embeddable":true,"href":"https:\/\/stylingagenten.com\/no\/wp-json\/wp\/v2\/media\/398853"}],"wp:attachment":[{"href":"https:\/\/stylingagenten.com\/no\/wp-json\/wp\/v2\/media?parent=398879"}],"wp:term":[{"taxonomy":"product_brand","embeddable":true,"href":"https:\/\/stylingagenten.com\/no\/wp-json\/wp\/v2\/product_brand?post=398879"},{"taxonomy":"product_cat","embeddable":true,"href":"https:\/\/stylingagenten.com\/no\/wp-json\/wp\/v2\/product_cat?post=398879"},{"taxonomy":"product_tag","embeddable":true,"href":"https:\/\/stylingagenten.com\/no\/wp-json\/wp\/v2\/product_tag?post=398879"},{"taxonomy":"berocket_brand","embeddable":true,"href":"https:\/\/stylingagenten.com\/no\/wp-json\/wp\/v2\/berocket_brand?post=398879"}],"curies":[{"name":"wp","href":"https:\/\/api.w.org\/{rel}","templated":true}]}}