{"id":398850,"date":"2025-05-18T22:34:58","date_gmt":"2025-05-18T22:34:58","guid":{"rendered":"https:\/\/staging2.stylingagenten.com\/no\/produkt\/dsquared2-red-wood-edt-100ml\/"},"modified":"2026-03-11T21:56:29","modified_gmt":"2026-03-11T21:56:29","slug":"dsquared2-red-wood-edt-100ml","status":"publish","type":"product","link":"https:\/\/stylingagenten.com\/no\/produkt\/dsquared2-red-wood-edt-100ml\/","title":{"rendered":"Dsquared2 Red Wood Edt 100ml"},"content":{"rendered":"<p>Dsquared2 Red Wood Edt er en sprudlende og dristig duft med moderne energi. Frisk ros\u00e9pepper med et hint av traneb\u00e6r avsl\u00f8rer en uimotst\u00e5elig fruktig dimensjon. Litchi gir duften en feminin karakter sammen med fl\u00f8yelsmyke og intense roser og magnoliaakkorder. En base av myk musk lyser opp de vibrerende og sensuelle notene av sedertre og ambertre.<br \/>\n<br \/>100ml<\/p>\n","protected":false},"excerpt":{"rendered":"<p>Dsquared2 Red Wood Edt er en sprudlende og dristig duft med moderne energi. Frisk ros\u00e9pepper med et hint av traneb\u00e6r avsl\u00f8rer en uimotst\u00e5elig fruktig dimensjon. Litchi gir duften en feminin karakter sammen med fl\u00f8yelsmyke og intense roser og magnoliaakkorder. En base av myk musk lyser opp de vibrerende og sensuelle notene av sedertre og ambertre. [&hellip;]<\/p>\n","protected":false},"featured_media":398847,"comment_status":"open","ping_status":"closed","template":"","meta":{"_trash_the_other_posts":false},"product_brand":[],"product_cat":[707,735,999],"product_tag":[],"berocket_brand":[1295],"class_list":{"0":"post-398850","1":"product","2":"type-product","3":"status-publish","4":"has-post-thumbnail","6":"product_cat-eau-de-toilette-dame","7":"product_cat-kampanje","8":"product_cat-kampanjetilbud-for-henne","9":"pa_brand-dsquared2","10":"berocket_brand-dsquared2","12":"first","13":"instock","14":"sale","15":"taxable","16":"shipping-taxable","17":"purchasable","18":"product-type-simple"},"_links":{"self":[{"href":"https:\/\/stylingagenten.com\/no\/wp-json\/wp\/v2\/product\/398850","targetHints":{"allow":["GET"]}}],"collection":[{"href":"https:\/\/stylingagenten.com\/no\/wp-json\/wp\/v2\/product"}],"about":[{"href":"https:\/\/stylingagenten.com\/no\/wp-json\/wp\/v2\/types\/product"}],"replies":[{"embeddable":true,"href":"https:\/\/stylingagenten.com\/no\/wp-json\/wp\/v2\/comments?post=398850"}],"version-history":[{"count":0,"href":"https:\/\/stylingagenten.com\/no\/wp-json\/wp\/v2\/product\/398850\/revisions"}],"wp:featuredmedia":[{"embeddable":true,"href":"https:\/\/stylingagenten.com\/no\/wp-json\/wp\/v2\/media\/398847"}],"wp:attachment":[{"href":"https:\/\/stylingagenten.com\/no\/wp-json\/wp\/v2\/media?parent=398850"}],"wp:term":[{"taxonomy":"product_brand","embeddable":true,"href":"https:\/\/stylingagenten.com\/no\/wp-json\/wp\/v2\/product_brand?post=398850"},{"taxonomy":"product_cat","embeddable":true,"href":"https:\/\/stylingagenten.com\/no\/wp-json\/wp\/v2\/product_cat?post=398850"},{"taxonomy":"product_tag","embeddable":true,"href":"https:\/\/stylingagenten.com\/no\/wp-json\/wp\/v2\/product_tag?post=398850"},{"taxonomy":"berocket_brand","embeddable":true,"href":"https:\/\/stylingagenten.com\/no\/wp-json\/wp\/v2\/berocket_brand?post=398850"}],"curies":[{"name":"wp","href":"https:\/\/api.w.org\/{rel}","templated":true}]}}