{"id":398844,"date":"2025-05-18T22:34:56","date_gmt":"2025-05-18T22:34:56","guid":{"rendered":"https:\/\/staging2.stylingagenten.com\/no\/produkt\/escada-chiffon-sorbet-edt-30ml\/"},"modified":"2026-02-08T09:15:50","modified_gmt":"2026-02-08T09:15:50","slug":"escada-chiffon-sorbet-edt-30ml","status":"publish","type":"product","link":"https:\/\/stylingagenten.com\/no\/produkt\/escada-chiffon-sorbet-edt-30ml\/","title":{"rendered":"Escada Chiffon Sorbet Edt 30ml"},"content":{"rendered":"<p>Opplev feiringen med Escadas nyeste sommerutgave, Chiffon Sorbet Eau de Toilette. Denne Escada-duften er en hyllest til solen, havet og sommerbrisen og inviterer deg til \u00e5 nyte den forf\u00f8rende auraen fra den aller f\u00f8rste sommerduften, n\u00e5 tilgjengelig i en frisk 2024-versjon. Denne s\u00f8te og spennende sommerparfymen fra Escada er en invitasjon til ukjente verdener, og utvikler seg som en livlig hage med toppnoter av solkyssede solb\u00e6r som brister ut i en fruktig symfoni. Hjertenoten avsl\u00f8rer essensen av duftende roser, som samspiller harmonisk med den myke basnoten av \u00f8kologisk jasmin og etterlater en blomsterbukett av aromaer i sitt kj\u00f8lvann. Resultatet er en ny tolkning av femininitet inspirert av den opprinnelige Chiffon Sorbet, men med en moderne vri.<\/p>\n<p>Toppnoter: R\u00f8dt eple, Solb\u00e6r, Bringeb\u00e6r, Mango<br \/>\n<br \/>Hjertenoter: Jasmin, Fiken, Orkid\u00e9, Fiol, Rose<br \/>\n<br \/>Basenoter: Musk, Sedertre, Sandeltre, Amber, Vanilje<\/p>\n<p>30ml<\/p>\n","protected":false},"excerpt":{"rendered":"<p>Opplev feiringen med Escadas nyeste sommerutgave, Chiffon Sorbet Eau de Toilette. Denne Escada-duften er en hyllest til solen, havet og sommerbrisen og inviterer deg til \u00e5 nyte den forf\u00f8rende auraen fra den aller f\u00f8rste sommerduften, n\u00e5 tilgjengelig i en frisk 2024-versjon. Denne s\u00f8te og spennende sommerparfymen fra Escada er en invitasjon til ukjente verdener, og [&hellip;]<\/p>\n","protected":false},"featured_media":398836,"comment_status":"open","ping_status":"closed","template":"","meta":{"_trash_the_other_posts":false},"product_brand":[],"product_cat":[707],"product_tag":[2877],"berocket_brand":[1306],"class_list":{"0":"post-398844","1":"product","2":"type-product","3":"status-publish","4":"has-post-thumbnail","6":"product_cat-eau-de-toilette-dame","7":"product_tag-escada-chiffon-sorbet-edt","8":"pa_brand-escada","9":"pa_variant-30ml","10":"berocket_brand-escada","12":"first","13":"outofstock","14":"sale","15":"taxable","16":"shipping-taxable","17":"purchasable","18":"product-type-simple"},"_links":{"self":[{"href":"https:\/\/stylingagenten.com\/no\/wp-json\/wp\/v2\/product\/398844","targetHints":{"allow":["GET"]}}],"collection":[{"href":"https:\/\/stylingagenten.com\/no\/wp-json\/wp\/v2\/product"}],"about":[{"href":"https:\/\/stylingagenten.com\/no\/wp-json\/wp\/v2\/types\/product"}],"replies":[{"embeddable":true,"href":"https:\/\/stylingagenten.com\/no\/wp-json\/wp\/v2\/comments?post=398844"}],"version-history":[{"count":0,"href":"https:\/\/stylingagenten.com\/no\/wp-json\/wp\/v2\/product\/398844\/revisions"}],"wp:featuredmedia":[{"embeddable":true,"href":"https:\/\/stylingagenten.com\/no\/wp-json\/wp\/v2\/media\/398836"}],"wp:attachment":[{"href":"https:\/\/stylingagenten.com\/no\/wp-json\/wp\/v2\/media?parent=398844"}],"wp:term":[{"taxonomy":"product_brand","embeddable":true,"href":"https:\/\/stylingagenten.com\/no\/wp-json\/wp\/v2\/product_brand?post=398844"},{"taxonomy":"product_cat","embeddable":true,"href":"https:\/\/stylingagenten.com\/no\/wp-json\/wp\/v2\/product_cat?post=398844"},{"taxonomy":"product_tag","embeddable":true,"href":"https:\/\/stylingagenten.com\/no\/wp-json\/wp\/v2\/product_tag?post=398844"},{"taxonomy":"berocket_brand","embeddable":true,"href":"https:\/\/stylingagenten.com\/no\/wp-json\/wp\/v2\/berocket_brand?post=398844"}],"curies":[{"name":"wp","href":"https:\/\/api.w.org\/{rel}","templated":true}]}}