{"id":398843,"date":"2025-05-18T22:34:56","date_gmt":"2025-05-18T22:34:56","guid":{"rendered":"https:\/\/staging2.stylingagenten.com\/no\/produkt\/lattafa-ameerat-al-arab-prive-rose-edp-100ml\/"},"modified":"2026-03-17T16:37:45","modified_gmt":"2026-03-17T16:37:45","slug":"lattafa-ameerat-al-arab-prive-rose-edp-100ml","status":"publish","type":"product","link":"https:\/\/stylingagenten.com\/no\/produkt\/lattafa-ameerat-al-arab-prive-rose-edp-100ml\/","title":{"rendered":"Lattafa Ameerat Al Arab Prive Rose Edp 100ml"},"content":{"rendered":"<p>Lattafa Ameerat Al Arab Prive Rose Edp for kvinner blir raskt din nye lidenskap og vanskelig \u00e5 gi opp. Den vil fortrylle deg fra f\u00f8rste stund og overbevise deg om at den definitivt fortjener en plass p\u00e5 sminkebordet ditt.<\/p>\n<p>Toppnoter: Jordb\u00e6r, Musk, Fersken<br \/>\n<br \/>Hjertenoter: Rose, Vanilje, Eple<br \/>\n<br \/>Basenoter: Hvit musk, Kasjmir<\/p>\n<p>100ml<\/p>\n","protected":false},"excerpt":{"rendered":"<p>Lattafa Ameerat Al Arab Prive Rose Edp for kvinner blir raskt din nye lidenskap og vanskelig \u00e5 gi opp. Den vil fortrylle deg fra f\u00f8rste stund og overbevise deg om at den definitivt fortjener en plass p\u00e5 sminkebordet ditt. Toppnoter: Jordb\u00e6r, Musk, Fersken Hjertenoter: Rose, Vanilje, Eple Basenoter: Hvit musk, Kasjmir 100ml<\/p>\n","protected":false},"featured_media":398835,"comment_status":"open","ping_status":"closed","template":"","meta":{"_trash_the_other_posts":false},"product_brand":[],"product_cat":[706,735,999],"product_tag":[],"berocket_brand":[1414],"class_list":{"0":"post-398843","1":"product","2":"type-product","3":"status-publish","4":"has-post-thumbnail","6":"product_cat-eau-de-parfum-dame","7":"product_cat-kampanje","8":"product_cat-kampanjetilbud-for-henne","9":"pa_brand-lattafa","10":"berocket_brand-lattafa","12":"first","13":"outofstock","14":"sale","15":"taxable","16":"shipping-taxable","17":"purchasable","18":"product-type-simple"},"_links":{"self":[{"href":"https:\/\/stylingagenten.com\/no\/wp-json\/wp\/v2\/product\/398843","targetHints":{"allow":["GET"]}}],"collection":[{"href":"https:\/\/stylingagenten.com\/no\/wp-json\/wp\/v2\/product"}],"about":[{"href":"https:\/\/stylingagenten.com\/no\/wp-json\/wp\/v2\/types\/product"}],"replies":[{"embeddable":true,"href":"https:\/\/stylingagenten.com\/no\/wp-json\/wp\/v2\/comments?post=398843"}],"version-history":[{"count":0,"href":"https:\/\/stylingagenten.com\/no\/wp-json\/wp\/v2\/product\/398843\/revisions"}],"wp:featuredmedia":[{"embeddable":true,"href":"https:\/\/stylingagenten.com\/no\/wp-json\/wp\/v2\/media\/398835"}],"wp:attachment":[{"href":"https:\/\/stylingagenten.com\/no\/wp-json\/wp\/v2\/media?parent=398843"}],"wp:term":[{"taxonomy":"product_brand","embeddable":true,"href":"https:\/\/stylingagenten.com\/no\/wp-json\/wp\/v2\/product_brand?post=398843"},{"taxonomy":"product_cat","embeddable":true,"href":"https:\/\/stylingagenten.com\/no\/wp-json\/wp\/v2\/product_cat?post=398843"},{"taxonomy":"product_tag","embeddable":true,"href":"https:\/\/stylingagenten.com\/no\/wp-json\/wp\/v2\/product_tag?post=398843"},{"taxonomy":"berocket_brand","embeddable":true,"href":"https:\/\/stylingagenten.com\/no\/wp-json\/wp\/v2\/berocket_brand?post=398843"}],"curies":[{"name":"wp","href":"https:\/\/api.w.org\/{rel}","templated":true}]}}