{"id":398840,"date":"2025-05-18T22:34:56","date_gmt":"2025-05-18T22:34:56","guid":{"rendered":"https:\/\/staging2.stylingagenten.com\/no\/produkt\/lattafa-mazaaji-edp-100ml\/"},"modified":"2026-04-10T09:30:34","modified_gmt":"2026-04-10T09:30:34","slug":"lattafa-mazaaji-edp-100ml","status":"publish","type":"product","link":"https:\/\/stylingagenten.com\/no\/produkt\/lattafa-mazaaji-edp-100ml\/","title":{"rendered":"Lattafa Mazaaji Edp 100ml"},"content":{"rendered":"<p>La deg omsluttes av en duft som f\u00e5r deg til \u00e5 f\u00f8le deg fantastisk hele d\u00f8gnet. Lattafa Mazaaji er en Eau de Parfum for kvinner som representerer optimisme og en f\u00f8lelse av fullkommen lykke.<\/p>\n<p>Toppnoter: Mandarin, Appelsinblomst<br \/>Hjertenoter: Damaskusrose, Bulgarsk rose, Jasmin<br \/>Bunnoter: Vanilje, Patchouli, Sandeltre, Amber<\/p>\n<p>100ml<\/p>\n","protected":false},"excerpt":{"rendered":"<p>La deg omsluttes av en duft som f\u00e5r deg til \u00e5 f\u00f8le deg fantastisk hele d\u00f8gnet. Lattafa Mazaaji er en Eau de Parfum for kvinner som representerer optimisme og en f\u00f8lelse av fullkommen lykke. Toppnoter: Mandarin, AppelsinblomstHjertenoter: Damaskusrose, Bulgarsk rose, JasminBunnoter: Vanilje, Patchouli, Sandeltre, Amber 100ml<\/p>\n","protected":false},"featured_media":398832,"comment_status":"open","ping_status":"closed","template":"","meta":{"_trash_the_other_posts":false},"product_brand":[],"product_cat":[706,735,999],"product_tag":[],"berocket_brand":[1414],"class_list":{"0":"post-398840","1":"product","2":"type-product","3":"status-publish","4":"has-post-thumbnail","6":"product_cat-eau-de-parfum-dame","7":"product_cat-kampanje","8":"product_cat-kampanjetilbud-for-henne","9":"pa_brand-lattafa","10":"berocket_brand-lattafa","12":"first","13":"instock","14":"sale","15":"taxable","16":"shipping-taxable","17":"purchasable","18":"product-type-simple"},"_links":{"self":[{"href":"https:\/\/stylingagenten.com\/no\/wp-json\/wp\/v2\/product\/398840","targetHints":{"allow":["GET"]}}],"collection":[{"href":"https:\/\/stylingagenten.com\/no\/wp-json\/wp\/v2\/product"}],"about":[{"href":"https:\/\/stylingagenten.com\/no\/wp-json\/wp\/v2\/types\/product"}],"replies":[{"embeddable":true,"href":"https:\/\/stylingagenten.com\/no\/wp-json\/wp\/v2\/comments?post=398840"}],"version-history":[{"count":0,"href":"https:\/\/stylingagenten.com\/no\/wp-json\/wp\/v2\/product\/398840\/revisions"}],"wp:featuredmedia":[{"embeddable":true,"href":"https:\/\/stylingagenten.com\/no\/wp-json\/wp\/v2\/media\/398832"}],"wp:attachment":[{"href":"https:\/\/stylingagenten.com\/no\/wp-json\/wp\/v2\/media?parent=398840"}],"wp:term":[{"taxonomy":"product_brand","embeddable":true,"href":"https:\/\/stylingagenten.com\/no\/wp-json\/wp\/v2\/product_brand?post=398840"},{"taxonomy":"product_cat","embeddable":true,"href":"https:\/\/stylingagenten.com\/no\/wp-json\/wp\/v2\/product_cat?post=398840"},{"taxonomy":"product_tag","embeddable":true,"href":"https:\/\/stylingagenten.com\/no\/wp-json\/wp\/v2\/product_tag?post=398840"},{"taxonomy":"berocket_brand","embeddable":true,"href":"https:\/\/stylingagenten.com\/no\/wp-json\/wp\/v2\/berocket_brand?post=398840"}],"curies":[{"name":"wp","href":"https:\/\/api.w.org\/{rel}","templated":true}]}}