{"id":398839,"date":"2025-05-18T22:34:56","date_gmt":"2025-05-18T22:34:56","guid":{"rendered":"https:\/\/staging2.stylingagenten.com\/no\/produkt\/lattafa-jasoor-edp-100ml\/"},"modified":"2026-03-20T10:27:45","modified_gmt":"2026-03-20T10:27:45","slug":"lattafa-jasoor-edp-100ml","status":"publish","type":"product","link":"https:\/\/stylingagenten.com\/no\/produkt\/lattafa-jasoor-edp-100ml\/","title":{"rendered":"Lattafa Jasoor Edp 100ml"},"content":{"rendered":"<p>En ny dag, nye muligheter. Unisex Eau de Parfum Lattafa Jasoor frisker opp sinnet og f\u00e5r deg til \u00e5 f\u00f8lge instinktene dine. Se frem til daglige eventyr.<\/p>\n<p>Toppnoter: Bergamott, Kardemomme, Eple<br \/>\n<br \/>Hjertenoter: Lavendel, Geranium, Tobakk<br \/>\n<br \/>Basenoter: Patchouli, L\u00e6r, Vetiver, Tonkab\u00f8nne<\/p>\n<p>100ml<\/p>\n","protected":false},"excerpt":{"rendered":"<p>En ny dag, nye muligheter. Unisex Eau de Parfum Lattafa Jasoor frisker opp sinnet og f\u00e5r deg til \u00e5 f\u00f8lge instinktene dine. Se frem til daglige eventyr. Toppnoter: Bergamott, Kardemomme, Eple Hjertenoter: Lavendel, Geranium, Tobakk Basenoter: Patchouli, L\u00e6r, Vetiver, Tonkab\u00f8nne 100ml<\/p>\n","protected":false},"featured_media":398833,"comment_status":"open","ping_status":"closed","template":"","meta":{"_trash_the_other_posts":false},"product_brand":[],"product_cat":[729,735,999],"product_tag":[],"berocket_brand":[1414],"class_list":{"0":"post-398839","1":"product","2":"type-product","3":"status-publish","4":"has-post-thumbnail","6":"product_cat-eau-de-parfum-unisex","7":"product_cat-kampanje","8":"product_cat-kampanjetilbud-for-henne","9":"pa_brand-lattafa","10":"berocket_brand-lattafa","12":"first","13":"instock","14":"sale","15":"taxable","16":"shipping-taxable","17":"purchasable","18":"product-type-simple"},"_links":{"self":[{"href":"https:\/\/stylingagenten.com\/no\/wp-json\/wp\/v2\/product\/398839","targetHints":{"allow":["GET"]}}],"collection":[{"href":"https:\/\/stylingagenten.com\/no\/wp-json\/wp\/v2\/product"}],"about":[{"href":"https:\/\/stylingagenten.com\/no\/wp-json\/wp\/v2\/types\/product"}],"replies":[{"embeddable":true,"href":"https:\/\/stylingagenten.com\/no\/wp-json\/wp\/v2\/comments?post=398839"}],"version-history":[{"count":0,"href":"https:\/\/stylingagenten.com\/no\/wp-json\/wp\/v2\/product\/398839\/revisions"}],"wp:featuredmedia":[{"embeddable":true,"href":"https:\/\/stylingagenten.com\/no\/wp-json\/wp\/v2\/media\/398833"}],"wp:attachment":[{"href":"https:\/\/stylingagenten.com\/no\/wp-json\/wp\/v2\/media?parent=398839"}],"wp:term":[{"taxonomy":"product_brand","embeddable":true,"href":"https:\/\/stylingagenten.com\/no\/wp-json\/wp\/v2\/product_brand?post=398839"},{"taxonomy":"product_cat","embeddable":true,"href":"https:\/\/stylingagenten.com\/no\/wp-json\/wp\/v2\/product_cat?post=398839"},{"taxonomy":"product_tag","embeddable":true,"href":"https:\/\/stylingagenten.com\/no\/wp-json\/wp\/v2\/product_tag?post=398839"},{"taxonomy":"berocket_brand","embeddable":true,"href":"https:\/\/stylingagenten.com\/no\/wp-json\/wp\/v2\/berocket_brand?post=398839"}],"curies":[{"name":"wp","href":"https:\/\/api.w.org\/{rel}","templated":true}]}}