{"id":398828,"date":"2025-05-18T22:34:54","date_gmt":"2025-05-18T22:34:54","guid":{"rendered":"https:\/\/staging2.stylingagenten.com\/no\/produkt\/lattafa-al-noble-wazeer-edp-100ml\/"},"modified":"2026-03-23T10:27:38","modified_gmt":"2026-03-23T10:27:38","slug":"lattafa-al-noble-wazeer-edp-100ml","status":"publish","type":"product","link":"https:\/\/stylingagenten.com\/no\/produkt\/lattafa-al-noble-wazeer-edp-100ml\/","title":{"rendered":"Lattafa Al Noble Wazeer Edp 100ml"},"content":{"rendered":"<p>Lattafa Perfumes Al Noble Wazeer EdP er en fruktig og treaktig, pudderaktig duft som passer b\u00e5de kvinner og menn. Toppnotene byr p\u00e5 en frisk blanding av mynte, bitter appelsin, bergamot og einerb\u00e6r for en lett frisk og gr\u00f8nn duft. Hjertenotene best\u00e5r av iris, m\u00f8rk sjokolade og bringeb\u00e6r, som gir en eksotisk aroma. Denne parfymen er ideell for deg som \u00f8nsker \u00e5 oppleve det beste fra to verdener \u2013 friskheten fra frukt kombinert med en varm, treaktig duft. Perfekt for alle anledninger \u2013 fra hverdag til fest. Enten du er ute med venner eller p\u00e5 en romantisk date, vil denne parfymen f\u00e5 deg til \u00e5 f\u00f8le deg selvsikker og frisk. Den langvarige duften holder deg velduftende hele dagen uten \u00e5 v\u00e6re for sterk eller intens.<\/p>\n<p>Toppnoter: Mynte, Appelsin, Bergamot og Einerb\u00e6r<br \/>\n<br \/>Hjertenoter: Sjokolade, Karamell, P\u00e6re, Iris og Bringeb\u00e6r<br \/>\n<br \/>Basenoter: Rav, Vanilje, Sandeltre, Musk, Sedertre og Vetiver<\/p>\n<p>100ml<\/p>\n","protected":false},"excerpt":{"rendered":"<p>Lattafa Perfumes Al Noble Wazeer EdP er en fruktig og treaktig, pudderaktig duft som passer b\u00e5de kvinner og menn. Toppnotene byr p\u00e5 en frisk blanding av mynte, bitter appelsin, bergamot og einerb\u00e6r for en lett frisk og gr\u00f8nn duft. Hjertenotene best\u00e5r av iris, m\u00f8rk sjokolade og bringeb\u00e6r, som gir en eksotisk aroma. Denne parfymen er [&hellip;]<\/p>\n","protected":false},"featured_media":398822,"comment_status":"open","ping_status":"closed","template":"","meta":{"_trash_the_other_posts":false},"product_brand":[],"product_cat":[729,735,999],"product_tag":[],"berocket_brand":[1414],"class_list":{"0":"post-398828","1":"product","2":"type-product","3":"status-publish","4":"has-post-thumbnail","6":"product_cat-eau-de-parfum-unisex","7":"product_cat-kampanje","8":"product_cat-kampanjetilbud-for-henne","9":"pa_brand-lattafa","10":"berocket_brand-lattafa","12":"first","13":"instock","14":"sale","15":"taxable","16":"shipping-taxable","17":"purchasable","18":"product-type-simple"},"_links":{"self":[{"href":"https:\/\/stylingagenten.com\/no\/wp-json\/wp\/v2\/product\/398828","targetHints":{"allow":["GET"]}}],"collection":[{"href":"https:\/\/stylingagenten.com\/no\/wp-json\/wp\/v2\/product"}],"about":[{"href":"https:\/\/stylingagenten.com\/no\/wp-json\/wp\/v2\/types\/product"}],"replies":[{"embeddable":true,"href":"https:\/\/stylingagenten.com\/no\/wp-json\/wp\/v2\/comments?post=398828"}],"version-history":[{"count":0,"href":"https:\/\/stylingagenten.com\/no\/wp-json\/wp\/v2\/product\/398828\/revisions"}],"wp:featuredmedia":[{"embeddable":true,"href":"https:\/\/stylingagenten.com\/no\/wp-json\/wp\/v2\/media\/398822"}],"wp:attachment":[{"href":"https:\/\/stylingagenten.com\/no\/wp-json\/wp\/v2\/media?parent=398828"}],"wp:term":[{"taxonomy":"product_brand","embeddable":true,"href":"https:\/\/stylingagenten.com\/no\/wp-json\/wp\/v2\/product_brand?post=398828"},{"taxonomy":"product_cat","embeddable":true,"href":"https:\/\/stylingagenten.com\/no\/wp-json\/wp\/v2\/product_cat?post=398828"},{"taxonomy":"product_tag","embeddable":true,"href":"https:\/\/stylingagenten.com\/no\/wp-json\/wp\/v2\/product_tag?post=398828"},{"taxonomy":"berocket_brand","embeddable":true,"href":"https:\/\/stylingagenten.com\/no\/wp-json\/wp\/v2\/berocket_brand?post=398828"}],"curies":[{"name":"wp","href":"https:\/\/api.w.org\/{rel}","templated":true}]}}